{"id":685225,"date":"2026-01-08T18:13:20","date_gmt":"2026-01-08T15:13:20","guid":{"rendered":"https:\/\/nbg.eu\/product\/termowizyjny-monokular-nocpix-lumi-l35r-z-dalmierzem-laserowym\/"},"modified":"2026-04-14T16:11:34","modified_gmt":"2026-04-14T13:11:34","slug":"termowizyjny-monokular-nocpix-lumi-l35r-z-dalmierzem-laserowym","status":"publish","type":"product","link":"https:\/\/nbg.eu\/pl\/produkt\/termowizyjny-monokular-nocpix-lumi-l35r-z-dalmierzem-laserowym\/","title":{"rendered":"Nocpix Monokular Termowizyjny LUMI L35R LRF"},"content":{"rendered":"<h2>Termowizorek Nocpix LUMI L35R z dalmierzem laserowym<\/h2>\n<p>Nocpix LUMI L35R to pot\u0119\u017cny i kompaktowy termowizorek z zintegrowanym dalmierzem laserowym. Wyposa\u017cony w najbardziej zaawansowany czujnik w swojej klasie, z NETD \u226418mK, ten termowizor zapewnia wysokiej rozdzielczo\u015bci obrazowanie nawet w ekstremalnych warunkach pogodowych. Lekka i ergonomiczna konstrukcja u\u0142atwia obs\u0142ug\u0119, a wymienne baterie 18650 zapewniaj\u0105 wyd\u0142u\u017cony czas pracy.<\/p>\n<p>Wbudowany dalmierz laserowy umo\u017cliwia precyzyjne okre\u015blenie odleg\u0142o\u015bci do celu, a zaawansowane algorytmy obrazowania R+ AI poprawiaj\u0105 szczeg\u00f3\u0142y obrazu i wykorzystuj\u0105 pe\u0142en potencja\u0142 czujnika. Termowizorek jest wodoszczelny, py\u0142oszczelny i zaprojektowany z my\u015bl\u0105 o wygodnym u\u017cytkowaniu na zewn\u0105trz, z funkcjami takimi jak elektroniczna stabilizacja obrazu, palety kolor\u00f3w powi\u0119kszenia i ultracicha obs\u0142uga przycisk\u00f3w.<\/p>\n<p>Z zasi\u0119giem czujnika do 1800 m, Nocpix LUMI L35R to wszechstronne rozwi\u0105zanie termowizyjne do polowa\u0144, bezpiecze\u0144stwa i aktywno\u015bci na \u015bwie\u017cym powietrzu. Obj\u0119ty 3-letni\u0105 pe\u0142n\u0105 gwarancj\u0105 producenta, ten termowizorek zapewnia wyj\u0105tkow\u0105 wydajno\u015b\u0107 i niezawodno\u015b\u0107.<\/p>\n","protected":false},"excerpt":{"rendered":"<p>Termowizyjny monokul\u00e1r Nocpix LUMI L35R z dalmierzem laserowym: czujnik o wysokiej rozdzielczo\u015bci \u226418 mK NETD, kompaktowy i lekki, wymienne akumulatory.<\/p>\n<p>Je\u015bli produkt nie jest dost\u0119pny, skontaktuj si\u0119 z nami: shop@nbg.eu lub +359896147790<\/p>\n<p>\n","protected":false},"featured_media":685266,"template":"","meta":{"_acf_changed":false},"product_brand":[14456],"product_cat":[16091,12594],"product_tag":[],"class_list":{"0":"post-685225","1":"product","2":"type-product","3":"status-publish","4":"has-post-thumbnail","6":"product_brand-nocpix","7":"product_cat-monoculars-pl","8":"product_cat-termowizja","10":"first","11":"instock","12":"taxable","13":"shipping-taxable","14":"purchasable","15":"product-type-simple"},"acf":[],"_links":{"self":[{"href":"https:\/\/nbg.eu\/pl\/wp-json\/wp\/v2\/product\/685225","targetHints":{"allow":["GET"]}}],"collection":[{"href":"https:\/\/nbg.eu\/pl\/wp-json\/wp\/v2\/product"}],"about":[{"href":"https:\/\/nbg.eu\/pl\/wp-json\/wp\/v2\/types\/product"}],"wp:featuredmedia":[{"embeddable":true,"href":"https:\/\/nbg.eu\/pl\/wp-json\/wp\/v2\/media\/685266"}],"wp:attachment":[{"href":"https:\/\/nbg.eu\/pl\/wp-json\/wp\/v2\/media?parent=685225"}],"wp:term":[{"taxonomy":"product_brand","embeddable":true,"href":"https:\/\/nbg.eu\/pl\/wp-json\/wp\/v2\/product_brand?post=685225"},{"taxonomy":"product_cat","embeddable":true,"href":"https:\/\/nbg.eu\/pl\/wp-json\/wp\/v2\/product_cat?post=685225"},{"taxonomy":"product_tag","embeddable":true,"href":"https:\/\/nbg.eu\/pl\/wp-json\/wp\/v2\/product_tag?post=685225"}],"curies":[{"name":"wp","href":"https:\/\/api.w.org\/{rel}","templated":true}]}}