{"id":685317,"date":"2025-12-17T17:50:25","date_gmt":"2025-12-17T14:50:25","guid":{"rendered":"https:\/\/nbg.eu\/product\/termowizyjny-monokulara-nocpix-lumi-l19\/"},"modified":"2026-01-21T11:59:28","modified_gmt":"2026-01-21T08:59:28","slug":"termowizyjny-monokulara-nocpix-lumi-l19","status":"publish","type":"product","link":"https:\/\/nbg.eu\/pl\/produkt\/termowizyjny-monokulara-nocpix-lumi-l19\/","title":{"rendered":"Termowizyjny monokulara Nocpix LUMI L19"},"content":{"rendered":"<h2>Maksymalna wydajno\u015b\u0107 przy minimalnej wadze \u2013 Nocpix LUMI L19: Tw\u00f3j obserwator las\u00f3w i \u0142\u0105k<\/h2>\n<p>Seria termowizyjnych monokularyk\u00f3w LUMI jest przeznaczona do u\u017cytku w dzie\u0144 i w nocy oraz oferuje wyj\u0105tkow\u0105 jako\u015b\u0107 obrazu, nawet w trudnych warunkach pogodowych, takich jak mg\u0142a, smog lub deszcz. Nawet je\u015bli przeszkody, takie jak ga\u0142\u0119zie, wysokie trawy lub g\u0119sta ro\u015blinno\u015b\u0107 utrudniaj\u0105 widoczno\u015b\u0107, dzi\u0119ki tej technologii zawsze mo\u017cesz wyra\u017anie zobaczy\u0107 to, co znajduje si\u0119 przed tob\u0105. S\u0105 one r\u00f3wnie\u017c tak kompaktowe i lekkie, \u017ce mo\u017cesz je \u0142atwo nosi\u0107 ze sob\u0105.<\/p>\n<p>Kamery termowizyjne LUMI s\u0105 idealne do r\u00f3\u017cnorodnych zastosowa\u0144, takich jak polowanie, nadz\u00f3r, bezpiecze\u0144stwo, orientacja terenowa lub akcje poszukiwawczo-ratownicze.<\/p>\n<h2>Niezr\u00f3wnana wydajno\u015b\u0107 obrazowania dla ostro zarysowanych obraz\u00f3w<\/h2>\n<p>Seria LUMI ustanawia nowe standardy pod wzgl\u0119dem jako\u015bci obrazu. Wyposa\u017cona w najbardziej zaawansowane algorytmy obrazowania i pot\u0119\u017cny czujnik termowizyjny o NETD &lt; 18 mK, kamera dostarcza ostro zarysowanych i realistycznych obraz\u00f3w. Wy\u015bwietlacz AMOLED o rozdzielczo\u015bci 1024 x 768 pikseli zapewnia wyj\u0105tkow\u0105 prezentacj\u0119 obrazu, a tryb Ultra Clear dodatkowo optymalizuje ostro\u015b\u0107 obrazu, szczeg\u00f3lnie w trudnych warunkach pogodowych.<\/p>\n<h2>Spersonalizowane do\u015bwiadczenie ogl\u0105dania \u2013 Dostosuj urz\u0105dzenie dok\u0142adnie do swoich potrzeb<\/h2>\n<p>Dzi\u0119ki \u015bredniemu czujnikowi 384 x 288 px i r\u00f3\u017cnym opcjom ustawie\u0144 mo\u017cesz dostosowa\u0107 urz\u0105dzenie dok\u0142adnie do swoich potrzeb. Wybierz spo\u015br\u00f3d 5 tryb\u00f3w kolor\u00f3w i zoptymalizuj sw\u00f3j widok, korzystaj\u0105c z 10 poziom\u00f3w jasno\u015bci, ostro\u015bci i kontrastu \u2013 aby\u015b nie przegapi\u0142 \u017cadnego szczeg\u00f3\u0142u.<\/p>\n<h2>\u0141atwe udost\u0119pnianie do\u015bwiadcze\u0144<\/h2>\n<p>Uchwycenie wyj\u0105tkowych moment\u00f3w ma kluczowe znaczenie dla wsp\u00f3\u0142czesnego my\u015bliwego. Z Nocpix LUMI mo\u017cesz nie tylko \u0142atwo udost\u0119pnia\u0107 swoje nagrania za po\u015brednictwem aplikacji, ale tak\u017ce odtwarza\u0107 je bezpo\u015brednio na urz\u0105dzeniu \u2013 idealnie, aby natychmiast podzieli\u0107 si\u0119 swoimi do\u015bwiadczeniami z innymi.<\/p>\n<h2>Mo\u017cliwo\u015b\u0107 elastycznego u\u017cytkowania dzi\u0119ki wymiennej baterii<\/h2>\n<p>Seria LUMI jest wyposa\u017cona w standardowe baterie 18650, co daje Ci maksymaln\u0105 elastyczno\u015b\u0107. Niezale\u017cnie od tego, gdzie si\u0119 udajesz, przy u\u017cyciu do\u0142\u0105czonej \u0142adowarki do baterii b\u0119dziesz gotowy w mgnieniu oka \u2013 i b\u0119dziesz m\u00f3g\u0142 kontynuowa\u0107 swoj\u0105 misj\u0119.<\/p>\n","protected":false},"excerpt":{"rendered":"<p>Maksymalna wydajno\u015b\u0107 przy minimalnej wadze \u2013 Nocpix LUMI L19: Tw\u00f3j obserwator las\u00f3w i \u0142\u0105k<\/p>\n<p>Je\u015bli produkt nie jest dost\u0119pny, skontaktuj si\u0119 z nami: shop@nbg.eu lub +359896147790<\/p>\n<p>\n","protected":false},"featured_media":685590,"template":"","meta":{"_acf_changed":false},"product_brand":[14456],"product_cat":[12594],"product_tag":[],"class_list":{"0":"post-685317","1":"product","2":"type-product","3":"status-publish","4":"has-post-thumbnail","6":"product_brand-nocpix","7":"product_cat-termowizja","9":"first","10":"outofstock","11":"taxable","12":"shipping-taxable","13":"purchasable","14":"product-type-simple"},"acf":[],"_links":{"self":[{"href":"https:\/\/nbg.eu\/pl\/wp-json\/wp\/v2\/product\/685317","targetHints":{"allow":["GET"]}}],"collection":[{"href":"https:\/\/nbg.eu\/pl\/wp-json\/wp\/v2\/product"}],"about":[{"href":"https:\/\/nbg.eu\/pl\/wp-json\/wp\/v2\/types\/product"}],"wp:featuredmedia":[{"embeddable":true,"href":"https:\/\/nbg.eu\/pl\/wp-json\/wp\/v2\/media\/685590"}],"wp:attachment":[{"href":"https:\/\/nbg.eu\/pl\/wp-json\/wp\/v2\/media?parent=685317"}],"wp:term":[{"taxonomy":"product_brand","embeddable":true,"href":"https:\/\/nbg.eu\/pl\/wp-json\/wp\/v2\/product_brand?post=685317"},{"taxonomy":"product_cat","embeddable":true,"href":"https:\/\/nbg.eu\/pl\/wp-json\/wp\/v2\/product_cat?post=685317"},{"taxonomy":"product_tag","embeddable":true,"href":"https:\/\/nbg.eu\/pl\/wp-json\/wp\/v2\/product_tag?post=685317"}],"curies":[{"name":"wp","href":"https:\/\/api.w.org\/{rel}","templated":true}]}}