{"id":685629,"date":"2025-12-17T17:47:09","date_gmt":"2025-12-17T14:47:09","guid":{"rendered":"https:\/\/nbg.eu\/product\/termowizyjny-monokulary-lumi-h35r-z-dalmierzem-laserowym\/"},"modified":"2026-01-21T11:58:52","modified_gmt":"2026-01-21T08:58:52","slug":"termowizyjny-monokulary-lumi-h35r-z-dalmierzem-laserowym","status":"publish","type":"product","link":"https:\/\/nbg.eu\/pl\/produkt\/termowizyjny-monokulary-lumi-h35r-z-dalmierzem-laserowym\/","title":{"rendered":"Termowizyjny monokulary LUMI H35R z dalmierzem laserowym"},"content":{"rendered":"<h2>Monokularna termowizyjna z zasi\u0119giem czujnika do 1800m, niezwykle kompaktowa i lekka!<\/h2>\n<p>Wbudowany dalmierz laserowy.<\/p>\n<p>Czujnik o wysokiej rozdzielczo\u015bci i wyj\u0105tkowo wydajny: \u2264 18 mK NETD.<\/p>\n<p>Wymienne akumulatory 18650.<\/p>\n<p>Nagrywanie wideo, wodoszczelno\u015b\u0107 i wyj\u0105tkowo cicha praca.<\/p>\n<p>Pe\u0142na 3-letnia gwarancja producenta!<\/p>\n<h2>Wi\u0119cej funkcji:<\/h2>\n<p>-Wbudowany dalmierz laserowy do dok\u0142adnego okre\u015blania odleg\u0142o\u015bci do celu.<\/p>\n<p>-Wysoka jako\u015b\u0107 obrazu: Nawet w ekstremalnych warunkach pogodowych jako\u015b\u0107 obrazu pozostaje stabilna.<\/p>\n<p>-Czujnik zaprojektowany specjalnie do cel\u00f3w my\u015bliwskich: Zapewnia stabiln\u0105 prac\u0119 z NETD \u2264 18mK dla doskona\u0142ej jako\u015bci obrazu.<\/p>\n<p>-Obiektyw F0.9: 20% wi\u0119cej transmisji \u015bwiat\u0142a w por\u00f3wnaniu do obiektywu F1.0 dla ja\u015bniejszych i bardziej przejrzystych obraz\u00f3w.<\/p>\n<p>-Optymalizacja obrazu Reality+: Zaawansowane algorytmy poprawiaj\u0105 jako\u015b\u0107 obrazu i eliminuj\u0105 szum obrazu.<\/p>\n<p>-Elektroniczna stabilizacja obrazu: Zapewnia p\u0142ynne i stabilne nagrywanie wideo.<\/p>\n<p>-Palety kolor\u00f3w odpoczynku dla oczu: Specjalne palety w kolorze czerwonym i zielonym zmniejszaj\u0105 zm\u0119czenie oczu podczas d\u0142ugiego u\u017cytkowania.<\/p>\n<p>-Wymienne baterie 18650: Z odwrotn\u0105 polaryzacj\u0105 dla \u0142atwej wymiany, idealne w nocy.<\/p>\n<p>-Ultracisze przyciski: Cicha praca, kt\u00f3ra nie przeszkadza zwierzynie.<\/p>\n<p>-Kompaktowa konstrukcja: Urz\u0105dzenie jest mniejsze ni\u017c telefon kom\u00f3rkowy i \u0142atwe do przenoszenia.<\/p>\n<p>-Klasa ochrony IP67: Py\u0142oszczelny i wodoszczelny do u\u017cytku w ekstremalnych \u015brodowiskach.<\/p>\n<p>-Ergonomiczny design: Idealny dla u\u017cytkownik\u00f3w na zewn\u0105trz, wygodny i przyjazny.<\/p>\n<p>-Lekki: Urz\u0105dzenie wa\u017cy mniej ni\u017c 345 g.<\/p>\n<p>-Wyj\u015bcie pupili 10 mm: Zapewnia optymaln\u0105 widoczno\u015b\u0107 i wygodny k\u0105t widzenia.<\/p>\n<p>-Niezawodny w nocy: Dzi\u0119ki cichej i \u0142atwej obs\u0142udze mo\u017cna go optymalnie u\u017cywa\u0107 nawet w ciemnych \u015brodowiskach.<\/p>\n<p>-Wymienny akumulator: Pozwala na d\u0142u\u017cszy czas dzia\u0142ania przez wymian\u0119 akumulator\u00f3w.<\/p>\n<p>-Du\u017ca przys\u0142ona: Zwi\u0119ksza przechwytywanie \u015bwiat\u0142a i jasno\u015b\u0107 obrazu w trudnych warunkach o\u015bwietleniowych.<\/p>\n<p>-Wbudowany mikrofon: Umo\u017cliwia nagrywanie d\u017awi\u0119ku.<\/p>\n<p>-32 GB pami\u0119ci: Na zdj\u0119cia, filmy i nagrania audio.<\/p>\n<p>-\u0141atwy w obs\u0142udze: Idealny dla u\u017cytkownik\u00f3w preferuj\u0105cych kompaktowe i lekkie urz\u0105dzenie.<\/p>\n<p>-Algorytmy obrazowania R+ AI: Poprawiaj\u0105 szczeg\u00f3\u0142y obrazu i wykorzystuj\u0105 pe\u0142ny potencja\u0142 czujnika.<\/p>\n","protected":false},"excerpt":{"rendered":"<p>Najbardziej zaawansowany czujnik w swojej klasie (&lt;18mK NETD). Zintegrowany dalmierz laserowy. Szczeg\u00f3lnie \u0142atwy w obs\u0142udze: lekka i kompaktowa obudowa. Wymienne akumulatory standardowe 18650.<\/p>\n<p>Je\u015bli produkt nie jest dost\u0119pny, prosimy o kontakt: shop@nbg.eu lub +359896147790<\/p>\n","protected":false},"featured_media":685683,"template":"","meta":{"_acf_changed":false},"product_brand":[14456],"product_cat":[12594],"product_tag":[],"class_list":{"0":"post-685629","1":"product","2":"type-product","3":"status-publish","4":"has-post-thumbnail","6":"product_brand-nocpix","7":"product_cat-termowizja","9":"first","10":"instock","11":"taxable","12":"shipping-taxable","13":"purchasable","14":"product-type-simple"},"acf":[],"_links":{"self":[{"href":"https:\/\/nbg.eu\/pl\/wp-json\/wp\/v2\/product\/685629","targetHints":{"allow":["GET"]}}],"collection":[{"href":"https:\/\/nbg.eu\/pl\/wp-json\/wp\/v2\/product"}],"about":[{"href":"https:\/\/nbg.eu\/pl\/wp-json\/wp\/v2\/types\/product"}],"wp:featuredmedia":[{"embeddable":true,"href":"https:\/\/nbg.eu\/pl\/wp-json\/wp\/v2\/media\/685683"}],"wp:attachment":[{"href":"https:\/\/nbg.eu\/pl\/wp-json\/wp\/v2\/media?parent=685629"}],"wp:term":[{"taxonomy":"product_brand","embeddable":true,"href":"https:\/\/nbg.eu\/pl\/wp-json\/wp\/v2\/product_brand?post=685629"},{"taxonomy":"product_cat","embeddable":true,"href":"https:\/\/nbg.eu\/pl\/wp-json\/wp\/v2\/product_cat?post=685629"},{"taxonomy":"product_tag","embeddable":true,"href":"https:\/\/nbg.eu\/pl\/wp-json\/wp\/v2\/product_tag?post=685629"}],"curies":[{"name":"wp","href":"https:\/\/api.w.org\/{rel}","templated":true}]}}