{"id":685802,"date":"2025-12-18T16:23:59","date_gmt":"2025-12-18T13:23:59","guid":{"rendered":"https:\/\/nbg.eu\/product\/termiczne-lunety-noktowizyjne-nocpix-quest-h35r-lrf-640x512-netd-15mk\/"},"modified":"2026-01-21T12:22:39","modified_gmt":"2026-01-21T09:22:39","slug":"termiczne-lunety-noktowizyjne-nocpix-quest-h35r-lrf-640x512-netd-15mk","status":"publish","type":"product","link":"https:\/\/nbg.eu\/pl\/produkt\/termiczne-lunety-noktowizyjne-nocpix-quest-h35r-lrf-640x512-netd-15mk\/","title":{"rendered":"termiczne lunety noktowizyjne Nocpix Quest H35R LRF 640&#215;512 NETD &lt;15mK"},"content":{"rendered":"<h2>Nocpix QUEST H35R LRF 640&#215;512 Termiczne Lornetki<\/h2>\n<p>QUEST jest lekki i przeno\u015bny, oferuj\u0105c zasi\u0119g detekcji do 2600 m oraz wbudowany dyskretny dalmierz laserowy (LRF) z zasi\u0119giem do 1000 m, zapewniaj\u0105c lepsz\u0105 celno\u015b\u0107 i widoczno\u015b\u0107. Jego tradycyjna konstrukcja lornetki posiada pe\u0142ne gumowe pokrycie i ocen\u0119 IP67 dla wytrzyma\u0142o\u015bci i komfortu w trudnych warunkach. Wyposa\u017cony w wysokiej wydajno\u015bci czujnik 640&#215;512 (NETD \u226415mK, 60Hz), QUEST zapewnia wyj\u0105tkow\u0105 ostro\u015b\u0107 obrazu, wysok\u0105 czu\u0142o\u015b\u0107 termiczn\u0105 i bezproblemow\u0105 prac\u0119 w wymagaj\u0105cych \u015brodowiskach.<\/p>\n<h2>Doskona\u0142e wra\u017cenia wizualne<\/h2>\n<p>Nocpix QUEST wyposa\u017cony jest w ulepszenie obrazu R+, zapewniaj\u0105ce lepsz\u0105 ostro\u015b\u0107 i precyzj\u0119, w po\u0142\u0105czeniu z wy\u015bwietlaczem AMOLED 1920&#215;1200 dla zanurzaj\u0105cego i przyjaznego dla oczu do\u015bwiadczenia.<\/p>\n<h2>Doskona\u0142y czujnik zapewnia doskona\u0142o\u015b\u0107<\/h2>\n<p>Nocpix QUEST wyposa\u017cony jest w wysokiej wydajno\u015bci czujnik (640&#215;512@12\u00b5m), kt\u00f3ry zapewnia wyj\u0105tkow\u0105 ostro\u015b\u0107 obrazu. Dzi\u0119ki NETD \u226415mK i cz\u0119stotliwo\u015bci od\u015bwie\u017cania 60Hz, zapewnia on doskona\u0142\u0105 czu\u0142o\u015b\u0107 termiczn\u0105, dostarczaj\u0105c wyra\u017anych i wizualnych obraz\u00f3w nawet w najbardziej wymagaj\u0105cych \u015brodowiskach.<\/p>\n<h2>Pot\u0119\u017cne mo\u017cliwo\u015bci detekcji<\/h2>\n<p>Nocpix QUEST posiada zasi\u0119g detekcji do 2600 m oraz wbudowany ukryty dalmierz laserowy (LRF) z zasi\u0119giem do 1000 m, pozwalaj\u0105c na obserwacj\u0119 dalsz\u0105 i dok\u0142adniejsz\u0105 ni\u017c kiedykolwiek. Obs\u0142uguje r\u00f3wnie\u017c obliczenia balistyczne, zapewniaj\u0105c wsparcie danych dla wsp\u00f3\u0142pracy podczas polowania.<\/p>\n<h2>Obs\u0142uga jednor\u0105cz<\/h2>\n<p>Nocpix QUEST oferuje ergonomiczn\u0105, przeciwpo\u015blizgow\u0105 obs\u0142ug\u0119 z uproszczonym uk\u0142adem 4 przycisk\u00f3w i centralnie umieszczonymi pokr\u0119t\u0142ami przewijania, zapewniaj\u0105c \u0142atw\u0105 obs\u0142ug\u0119 jednor\u0105cz i pewny chwyt w ka\u017cdych warunkach.<\/p>\n<h2>Lekki i przeno\u015bny<\/h2>\n<p>QUEST wa\u017cy zaledwie 700 g i zawiera dostosowan\u0105 torb\u0119 transportow\u0105, oferuj\u0105c \u0142atw\u0105 przeno\u015bno\u015b\u0107 i wygod\u0119 podczas aktywno\u015bci na \u015bwie\u017cym powietrzu, takich jak polowanie i eksploracja.<\/p>\n<h2>Eliminuj niepok\u00f3j o zasilanie<\/h2>\n<p>Seria QUEST posiada podw\u00f3jny system baterii z wbudowan\u0105 i wymienn\u0105 bateri\u0105 18650, zapewniaj\u0105c bezproblemow\u0105 wymian\u0119 i ci\u0105g\u0142e u\u017cytkowanie podczas przygody.<\/p>\n<h2>Najlepsza lornetkowa eksploatacja<\/h2>\n<p>QUEST posiada tradycyjn\u0105 konstrukcj\u0119 lornetki z wykwintnym, ca\u0142kowicie gumowym wyko\u0144czeniem i ocen\u0105 IP67 na odporno\u015b\u0107 na wod\u0119 i kurz, zapewniaj\u0105c trwa\u0142o\u015b\u0107 i og\u00f3lny komfort.<\/p>\n","protected":false},"excerpt":{"rendered":"<p>Termowizyjne lornetki Nocpix Quest H35R LRF 640&#215;512 NETD &lt;15mK: lekkie, przeno\u015bne z zasi\u0119giem wykrywania 2600m, laserowymi dalmierzami 1000m i wyj\u0105tkow\u0105 jasno\u015bci\u0105 obrazu.<\/p>\n","protected":false},"featured_media":686420,"template":"","meta":{"_acf_changed":false},"product_brand":[14456],"product_cat":[14691,12594],"product_tag":[],"class_list":{"0":"post-685802","1":"product","2":"type-product","3":"status-publish","4":"has-post-thumbnail","6":"product_brand-nocpix","7":"product_cat-lornetki","8":"product_cat-termowizja","10":"first","11":"instock","12":"taxable","13":"shipping-taxable","14":"purchasable","15":"product-type-simple"},"acf":[],"_links":{"self":[{"href":"https:\/\/nbg.eu\/pl\/wp-json\/wp\/v2\/product\/685802","targetHints":{"allow":["GET"]}}],"collection":[{"href":"https:\/\/nbg.eu\/pl\/wp-json\/wp\/v2\/product"}],"about":[{"href":"https:\/\/nbg.eu\/pl\/wp-json\/wp\/v2\/types\/product"}],"wp:featuredmedia":[{"embeddable":true,"href":"https:\/\/nbg.eu\/pl\/wp-json\/wp\/v2\/media\/686420"}],"wp:attachment":[{"href":"https:\/\/nbg.eu\/pl\/wp-json\/wp\/v2\/media?parent=685802"}],"wp:term":[{"taxonomy":"product_brand","embeddable":true,"href":"https:\/\/nbg.eu\/pl\/wp-json\/wp\/v2\/product_brand?post=685802"},{"taxonomy":"product_cat","embeddable":true,"href":"https:\/\/nbg.eu\/pl\/wp-json\/wp\/v2\/product_cat?post=685802"},{"taxonomy":"product_tag","embeddable":true,"href":"https:\/\/nbg.eu\/pl\/wp-json\/wp\/v2\/product_tag?post=685802"}],"curies":[{"name":"wp","href":"https:\/\/api.w.org\/{rel}","templated":true}]}}