{"id":686446,"date":"2026-01-08T18:14:39","date_gmt":"2026-01-08T15:14:39","guid":{"rendered":"https:\/\/nbg.eu\/product\/termiczny-uchwyt-nocpix-mate-ultra-s60r\/"},"modified":"2026-04-14T16:11:03","modified_gmt":"2026-04-14T13:11:03","slug":"termiczny-uchwyt-nocpix-mate-ultra-s60r","status":"publish","type":"product","link":"https:\/\/nbg.eu\/pl\/produkt\/termiczny-uchwyt-nocpix-mate-ultra-s60r\/","title":{"rendered":"Nocpix Nak\u0142adka Termowizyjna Mate Ultra S60R"},"content":{"rendered":"<h2>Przekszta\u0142\u0107 sw\u00f3j celownik na nowoczesny celownik termiczny z jedynym termicznym monta\u017cem 1280&#215;1024 Nocpix MATE Ultra S60R &#8211; najlepszym przednim monta\u017cem termicznym zaprojektowanym dla profesjonalnych my\u015bliwych, obserwator\u00f3w przyrody i strzelc\u00f3w, kt\u00f3rzy wymagaj\u0105 precyzji.<\/h2>\n<p>Wyposa\u017cony w technologi\u0119 obrazowania najnowszej generacji, Nocpix MATE Ultra S60R dostarcza niezr\u00f3wnan\u0105 wyrazisto\u015b\u0107, detekcj\u0119 na du\u017c\u0105 odleg\u0142o\u015b\u0107 i zaawansowane funkcje gwarantuj\u0105ce doskona\u0142\u0105 wydajno\u015b\u0107 w ka\u017cdym \u015brodowisku.<\/p>\n<h2>Wyj\u0105tkowa jako\u015b\u0107 obrazu i zasi\u0119g detekcji<\/h2>\n<p>W sercu Nocpix MATE Ultra S60R znajduje si\u0119 czujnik termiczny HD 1280\u00d71024 generacji 2 z ultrajemn\u0105 rodzielno\u015bci\u0105 pikseli 12 \u03bcm i czu\u0142o\u015bci\u0105 NETD \u226415mK, zapewniaj\u0105c wykrywanie nawet najs\u0142abszych r\u00f3\u017cnic termicznych. Du\u017ca soczewka 60 mm F1.0 wychwytuje wi\u0119cej energii cieplnej dla krystalicznie czystych obraz\u00f3w i zwi\u0119kszonego zasi\u0119gu, oferuj\u0105c odleg\u0142o\u015b\u0107 detekcji do 3100 m. Czy \u015bledzisz jelenie o \u015bwicie, czy skanujesz szerokie pola w nocy, S60R zapewnia, \u017ce \u017caden szczeg\u00f3\u0142 nie pozostanie niezauwa\u017cony.<\/p>\n<h2>Zaawansowane przetwarzanie obrazu z Reality+ AI<\/h2>\n<p>Wyposa\u017cony w dwa algorytmy obrazowania &#8211; pot\u0119\u017cny procesor obrazu w po\u0142\u0105czeniu z inteligentn\u0105 technologi\u0105 Reality+ &#8211; MATE Ultra S60R automatycznie dostosowuje si\u0119 do powi\u0119kszenia twojego celownika. Zapewnia to ostre obrazy, dok\u0142adne powi\u0119kszanie i stabilno\u015b\u0107 obrazu, nawet w mgle, m\u017cawce lub trudnych warunkach o\u015bwietlenia.<\/p>\n<p>Magic Zoom (bez wersji LITE) &#8211; Automatyczne dostosowanie obrazu i interfejsu w czasie rzeczywistym dla p\u0142ynnego powi\u0119kszania.<\/p>\n<p>7 r\u00f3\u017cnych palet kolor\u00f3w &#8211; Wybierz najlepszy widok termiczny dla ka\u017cdego scenariusza.<\/p>\n<p>Wy\u015bwietlacz AMOLED 1920\u00d71080 &#8211; Niezwykle ostre obrazy z \u017cywym kontrastem.<\/p>\n<h2>Zaprojektowany z my\u015bl\u0105 o precyzji i etycznej polowaniu<\/h2>\n<p>Wyposa\u017cony w wbudowany dalmierz laserowy (do 1200 m) i zintegrowany kalkulator balistyczny, S60R pomaga podejmowa\u0107 \u015bwiadome i etyczne decyzje o oddaniu strza\u0142u. Tryb obrazu w obrazie (PIP) poprawia celno\u015b\u0107, a rejestracja wideo aktywowana odrzutem (RAV) zapewnia rejestracj\u0119 ka\u017cdej krytycznej chwili.<\/p>\n<p>Rejestracja zdj\u0119\u0107, film\u00f3w i d\u017awi\u0119ku z pami\u0119ci\u0105 64 GB<\/p>\n<p>Wi-Fi i \u0142\u0105czno\u015b\u0107 zdalna za pomoc\u0105 N-Link<\/p>\n<p>Technologia bezszczelinowa dla cichej i niezawodnej pracy<\/p>\n<h2>Wytrzyma\u0142y, praktyczny i niezawodny<\/h2>\n<p>Zaprojektowany do u\u017cytku w terenie, MATE Ultra S60R jest zar\u00f3wno wytrzyma\u0142y, jak i \u0142atwy w obs\u0142udze. Posiada du\u017c\u0105 60 mm okularow\u0105 z dystorsj\u0105 &lt;1%, utrzymuj\u0105c\u0105 stabilny punkt uderzenia i sp\u00f3jne wyr\u00f3wnanie do powi\u0119kszenia 16x. Zasilany wymiennymi akumulatorami 18650 (4 szt. do\u0142\u0105czone do wersji ULTRA), oferuje d\u0142ugotrwa\u0142\u0105 niezawodno\u015b\u0107 na potrzeby d\u0142ugich sesji w plenerze.<\/p>\n<h2>Kluczowe specyfikacje<\/h2>\n<p>-Czujnik 1280\u00d71024 Sub 15mk generacji 2 (Ultra)<\/p>\n<p>-Soczewka F1.0 &#8211; lepsza absorpcja \u015bwiat\u0142a<\/p>\n<p>-Zasi\u0119g detekcji do 3100 m<\/p>\n<p>-Wbudowany dalmierz laserowy 1200 m (bez wersji LITE)<\/p>\n<p>-Przetwarzanie obrazu Reality+ z zastosowaniem sztucznej inteligencji<\/p>\n<p>-Wsparcie oblicze\u0144 balistycznych<\/p>\n<p>-Rejestracja zdj\u0119\u0107\/film\u00f3w\/d\u017awi\u0119ku, pami\u0119\u0107 64 GB<\/p>\n<p>-Rejestracja wideo aktywowana odrzutem (RAV)<\/p>\n<p>-Wy\u015bwietlacz AMOLED 1920\u00d71080<\/p>\n<p>-7 palet kolor\u00f3w<\/p>\n<p>-Kompatybilno\u015b\u0107 z Wi-Fi\/N-Link do zdalnego sterowania<\/p>\n<p>-Wymienne akumulatory 18650<\/p>\n<h2>Dlaczego warto wybra\u0107 Nocpix MATE Ultra S60R?<\/h2>\n<p>Je\u015bli szukasz najlepszego termicznego monta\u017cu na tw\u00f3j celownik, MATE Ultra S60R oferuje idealne po\u0142\u0105czenie detekcji na du\u017c\u0105 odleg\u0142o\u015b\u0107, zaawansowanej technologii obrazowania AI i niezawodno\u015bci w terenie. Czy u\u017cywasz go do polowa\u0144, obserwacji przyrody czy zastosowa\u0144 taktycznych, redefiniuje on to, czego mo\u017cna oczekiwa\u0107 od termicznego monta\u017cu.<\/p>\n","protected":false},"excerpt":{"rendered":"<p>Zamie\u0144 sw\u00f3j dzienny zakres na nowoczesny termowizyjny celownik do broni palnej z jedynym termowizyjnym uchwytem Nocpix MATE Ultra S60R 1280&#215;1024 &#8211; najlepszym przednim termowizyjnym uchwytem zaprojektowanym dla profesjonalnych my\u015bliwych, obserwator\u00f3w dzikiej przyrody i strzelc\u00f3w, kt\u00f3rzy wymagaj\u0105 precyzji.<\/p>\n<p>Je\u015bli produkt nie jest dost\u0119pny, skontaktuj si\u0119 z nami: shop@nbg.eu lub +359896147790<\/p>\n","protected":false},"featured_media":686556,"template":"","meta":{"_acf_changed":false},"product_brand":[14456],"product_cat":[12594,16092],"product_tag":[],"class_list":{"0":"post-686446","1":"product","2":"type-product","3":"status-publish","4":"has-post-thumbnail","6":"product_brand-nocpix","7":"product_cat-termowizja","8":"product_cat-thermal-cameras-pl","10":"first","11":"instock","12":"taxable","13":"shipping-taxable","14":"purchasable","15":"product-type-simple"},"acf":[],"_links":{"self":[{"href":"https:\/\/nbg.eu\/pl\/wp-json\/wp\/v2\/product\/686446","targetHints":{"allow":["GET"]}}],"collection":[{"href":"https:\/\/nbg.eu\/pl\/wp-json\/wp\/v2\/product"}],"about":[{"href":"https:\/\/nbg.eu\/pl\/wp-json\/wp\/v2\/types\/product"}],"wp:featuredmedia":[{"embeddable":true,"href":"https:\/\/nbg.eu\/pl\/wp-json\/wp\/v2\/media\/686556"}],"wp:attachment":[{"href":"https:\/\/nbg.eu\/pl\/wp-json\/wp\/v2\/media?parent=686446"}],"wp:term":[{"taxonomy":"product_brand","embeddable":true,"href":"https:\/\/nbg.eu\/pl\/wp-json\/wp\/v2\/product_brand?post=686446"},{"taxonomy":"product_cat","embeddable":true,"href":"https:\/\/nbg.eu\/pl\/wp-json\/wp\/v2\/product_cat?post=686446"},{"taxonomy":"product_tag","embeddable":true,"href":"https:\/\/nbg.eu\/pl\/wp-json\/wp\/v2\/product_tag?post=686446"}],"curies":[{"name":"wp","href":"https:\/\/api.w.org\/{rel}","templated":true}]}}