{"id":686576,"date":"2026-01-08T18:15:06","date_gmt":"2026-01-08T15:15:06","guid":{"rendered":"https:\/\/nbg.eu\/product\/termowizyjny-celownik-nocpix-mate-h50r\/"},"modified":"2026-04-14T16:11:00","modified_gmt":"2026-04-14T13:11:00","slug":"termowizyjny-celownik-nocpix-mate-h50r","status":"publish","type":"product","link":"https:\/\/nbg.eu\/pl\/produkt\/termowizyjny-celownik-nocpix-mate-h50r\/","title":{"rendered":"Nocpix Celownik Termowizyjny Mate H50R"},"content":{"rendered":"<h2>Zamie\u0144 sw\u00f3j celownik dzienny na nowoczesny celownik termiczny karabinu z Nocpix MATE H50R<\/h2>\n<p>Zamie\u0144 sw\u00f3j celownik dzienny na nowoczesny celownik termiczny karabinu tylko z Nocpix MATE H50R 640X512 &#8211; najlepszym termicznym celownikiem montowanym z przodu, zaprojektowanym dla profesjonalnych my\u015bliwych, obserwator\u00f3w dzikich zwierz\u0105t i strzelc\u00f3w, kt\u00f3rzy wymagaj\u0105 precyzji.<\/p>\n<p>Zbudowany z technologi\u0105 przetwarzania obrazu nowej generacji, Nocpix MATE H50R zapewnia niezr\u00f3wnan\u0105 ostro\u015b\u0107, wykrywanie na d\u0142ugi dystans i najnowocze\u015bniejsze funkcje do doskona\u0142ej wydajno\u015bci w ka\u017cdym \u015brodowisku.<\/p>\n<h2>Wyj\u0105tkowa jako\u015b\u0107 obrazu i zasi\u0119g wykrywania<\/h2>\n<p>W sercu Nocpix MATE Ultra H50R znajduje si\u0119 czujnik termiczny HD 640X512 gen. 2 z ultrajemn\u0105 rodzielno\u015bci\u0105 piksela 12 \u03bcm i czu\u0142o\u015bci\u0105 NETD \u226415mK, zapewniaj\u0105c wykrywanie nawet najs\u0142abszych r\u00f3\u017cnic temperatur. Du\u017ca 50-milimetrowa soczewka F1.0 rejestruje wi\u0119cej energii cieplnej dla krystalicznie czystych obraz\u00f3w i wyd\u0142u\u017conego zasi\u0119gu, oferuj\u0105c odleg\u0142o\u015bci wykrywania do 2600 m. Czy to \u015bledzenie jeleni o \u015bwicie, czy skanowanie szerokich p\u00f3l w nocy, H50R zapewnia, \u017ce \u017caden szczeg\u00f3\u0142 nie ujdzie uwadze.<\/p>\n<h2>Zaawansowane przetwarzanie obrazu z Reality+ AI<\/h2>\n<p>Wyposa\u017cony w podw\u00f3jne algorytmy przetwarzania obrazu &#8211; pot\u0119\u017cny procesor obrazu w po\u0142\u0105czeniu z inteligentn\u0105 technologi\u0105 Reality+ &#8211; MATE Ultra H50R automatycznie dostosowuje si\u0119 do powi\u0119kszenia celownika. Zapewnia to ostre obrazy, dok\u0142adne powi\u0119kszanie i stabilno\u015b\u0107 obrazu, nawet w mgle, m\u017cawce lub trudnych warunkach s\u0142abego o\u015bwietlenia.<\/p>\n<h2>Zaprojektowany do precyzji i etycznego my\u015blistwa<\/h2>\n<p>Z wbudowanym dalmierzem laserowym (do 1200 m) i zintegrowanym kalkulatorem balistycznym, H50R pomaga podejmowa\u0107 \u015bwiadome i etyczne decyzje o strzelaniu. Tryb obraz w obrazie (PIP) poprawia celno\u015b\u0107 celowania, a aktywowany przez odrzut film wideo (RAV) zapewnia rejestracj\u0119 ka\u017cdej krytycznej chwili.<\/p>\n<h2>Wytrzyma\u0142y, praktyczny i niezawodny<\/h2>\n<p>Zaprojektowany do u\u017cytku w terenie, MATE Ultra H50R jest zar\u00f3wno wytrzyma\u0142y, jak i \u0142atwy w obs\u0142udze. Posiada du\u017cy, 60-milimetrowy okular z &lt;1% dystorsji, utrzymuj\u0105c stabilny punkt uderzenia i sta\u0142e wyr\u00f3wnanie do powi\u0119kszenia 16x. Zasilany wymiennymi akumulatorami 18650 (4 sztuki do\u0142\u0105czone do wersji ULTRA), oferuje d\u0142ugotrwa\u0142\u0105 niezawodno\u015b\u0107 podczas przed\u0142u\u017conych sesji terenowych.<\/p>\n","protected":false},"excerpt":{"rendered":"<p>Zamie\u0144 sw\u00f3j celownik dziennego o\u015bwietlenia w nowoczesny termowizyjny celownik do broni z jedyn\u0105 termowizyjn\u0105 szyn\u0105 640X512 Nocpix MATE H50R &#8211; najlepsz\u0105 przedni\u0105 termowizyjn\u0105 szyn\u0105 przeznaczon\u0105 dla profesjonalnych my\u015bliwych, obserwator\u00f3w zwierz\u0105t oraz strzelc\u00f3w, kt\u00f3rzy wymagaj\u0105 precyzji.<\/p>\n<p>Je\u015bli produkt nie jest dost\u0119pny, prosimy o kontakt: shop@nbg.eu lub +359896147790<\/p>\n","protected":false},"featured_media":686677,"template":"","meta":{"_acf_changed":false},"product_brand":[14456],"product_cat":[12594],"product_tag":[],"class_list":{"0":"post-686576","1":"product","2":"type-product","3":"status-publish","4":"has-post-thumbnail","6":"product_brand-nocpix","7":"product_cat-termowizja","9":"first","10":"instock","11":"taxable","12":"shipping-taxable","13":"purchasable","14":"product-type-simple"},"acf":[],"_links":{"self":[{"href":"https:\/\/nbg.eu\/pl\/wp-json\/wp\/v2\/product\/686576","targetHints":{"allow":["GET"]}}],"collection":[{"href":"https:\/\/nbg.eu\/pl\/wp-json\/wp\/v2\/product"}],"about":[{"href":"https:\/\/nbg.eu\/pl\/wp-json\/wp\/v2\/types\/product"}],"wp:featuredmedia":[{"embeddable":true,"href":"https:\/\/nbg.eu\/pl\/wp-json\/wp\/v2\/media\/686677"}],"wp:attachment":[{"href":"https:\/\/nbg.eu\/pl\/wp-json\/wp\/v2\/media?parent=686576"}],"wp:term":[{"taxonomy":"product_brand","embeddable":true,"href":"https:\/\/nbg.eu\/pl\/wp-json\/wp\/v2\/product_brand?post=686576"},{"taxonomy":"product_cat","embeddable":true,"href":"https:\/\/nbg.eu\/pl\/wp-json\/wp\/v2\/product_cat?post=686576"},{"taxonomy":"product_tag","embeddable":true,"href":"https:\/\/nbg.eu\/pl\/wp-json\/wp\/v2\/product_tag?post=686576"}],"curies":[{"name":"wp","href":"https:\/\/api.w.org\/{rel}","templated":true}]}}