{"id":686700,"date":"2026-01-08T18:14:07","date_gmt":"2026-01-08T15:14:07","guid":{"rendered":"https:\/\/nbg.eu\/product\/termowizyjna-kamera-nocpix-ace-l35-czujnik-384x288-obiektyw-35mm\/"},"modified":"2026-04-14T16:11:17","modified_gmt":"2026-04-14T13:11:17","slug":"termowizyjna-kamera-nocpix-ace-l35-czujnik-384x288-obiektyw-35mm","status":"publish","type":"product","link":"https:\/\/nbg.eu\/pl\/produkt\/termowizyjna-kamera-nocpix-ace-l35-czujnik-384x288-obiektyw-35mm\/","title":{"rendered":"Nocpix Kamera Termowizyjna ACE L35"},"content":{"rendered":"<h2>Kamera termowizyjna Nocpix ACE L35<\/h2>\n<p>Nocpix ACE L35 zosta\u0142 zbudowany w oparciu o ide\u0119 po\u0142\u0105czenia wiod\u0105cych na rynku funkcji wymaganych przez u\u017cytkownik\u00f3w w uproszczonej optyce, kt\u00f3ra zachowuje zaawansowane mo\u017cliwo\u015bci oraz \u0142atwo\u015b\u0107 u\u017cytkowania w terenie. Zaprojektowany, aby przypomina\u0107 tradycyjn\u0105 optyk\u0119 dzienn\u0105, ACE jest kompatybilny z karabinami z magazynkiem pude\u0142kowym lub p\u00f3\u0142automatycznymi przy u\u017cyciu standardowych uchwyt\u00f3w i pier\u015bcieni 30 mm. Po\u0142\u0105czenie wewn\u0119trznej baterii \u0142adowanej przez USB-C oraz wymienna bateria litowo-jonowa 18650 pozwalaj\u0105 u\u017cytkownikom na wymian\u0119 baterii w terenie, zapewniaj\u0105c nieograniczony czas pracy. Diopter 1x do 3x zapewnia optyczne powi\u0119kszenie wbudowanego wy\u015bwietlacza AMOLED o rozdzielczo\u015bci 2560\u00d72560 pikseli. System Vision+ \u0142\u0105czy ten wysokiej rozdzielczo\u015bci wy\u015bwietlacz z czujnikiem NETD 18 mK, zapewniaj\u0105c niesamowicie szczeg\u00f3\u0142owy i precyzyjny obraz.<\/p>\n<p>Nocpix ACE L35 oferuje bardziej przyst\u0119pn\u0105 cenowo opcj\u0119 w linii ACE dla my\u015bliwych tropi\u0105cych drapie\u017cniki i dzik\u0105 zwierzyn\u0119, kt\u00f3rzy nie potrzebuj\u0105 dalmierza laserowego lub czujnika o wy\u017cszej rozdzielczo\u015bci. Przy niezwykle atrakcyjnej cenie, ACE L35 zachowuje wszystkie inne funkcje linii termowizyjnych karabin\u00f3w ACE.<\/p>\n<p>Optyczny diopter z powi\u0119kszeniem 1-3x zapewnia dodatkowe powi\u0119kszenie wy\u015bwietlacza bez zmiany skali lub powi\u0119kszenia cyfrowego. Wysokokonkrastowy okr\u0105g\u0142y wy\u015bwietlacz AMOLED o rozdzielczo\u015bci 2560\u00d72560 zapewnia zwi\u0119kszon\u0105 wyrazisto\u015b\u0107 i szczeg\u00f3\u0142owo\u015b\u0107. Uproszczone elementy steruj\u0105ce oferuj\u0105 lepsz\u0105 ergonomi\u0119 i lepsze wra\u017cenia z u\u017cytkowania w terenie. Urz\u0105dzenie wykorzystuje standardowe akumulatory 18650. Funkcja kalkulatora balistycznego wy\u015bwietla warto\u015bci trajektorii pocisku na podstawie danych z dalmierza laserowego i dostosowanego profilu naboju. \u0141adowanie przez urz\u0105dzenie przez unikatowy blokowany port USB-C.<\/p>\n","protected":false},"excerpt":{"rendered":"<p>Kamera termowizyjna Nocpix ACE L35 posiada czujnik 384&#215;288, obiektyw 35 mm, 4-krotny zoom cyfrowy i cz\u0119stotliwo\u015b\u0107 od\u015bwie\u017cania 60 Hz, z zasi\u0119giem detekcji 1970 jard\u00f3w.<\/p>\n<p>Je\u015bli produkt jest niedost\u0119pny, prosimy o kontakt: shop@nbg.eu lub +359896147790<\/p>\n","protected":false},"featured_media":686789,"template":"","meta":{"_acf_changed":false},"product_brand":[14456],"product_cat":[16092],"product_tag":[],"class_list":{"0":"post-686700","1":"product","2":"type-product","3":"status-publish","4":"has-post-thumbnail","6":"product_brand-nocpix","7":"product_cat-thermal-cameras-pl","9":"first","10":"instock","11":"taxable","12":"shipping-taxable","13":"purchasable","14":"product-type-simple"},"acf":[],"_links":{"self":[{"href":"https:\/\/nbg.eu\/pl\/wp-json\/wp\/v2\/product\/686700","targetHints":{"allow":["GET"]}}],"collection":[{"href":"https:\/\/nbg.eu\/pl\/wp-json\/wp\/v2\/product"}],"about":[{"href":"https:\/\/nbg.eu\/pl\/wp-json\/wp\/v2\/types\/product"}],"wp:featuredmedia":[{"embeddable":true,"href":"https:\/\/nbg.eu\/pl\/wp-json\/wp\/v2\/media\/686789"}],"wp:attachment":[{"href":"https:\/\/nbg.eu\/pl\/wp-json\/wp\/v2\/media?parent=686700"}],"wp:term":[{"taxonomy":"product_brand","embeddable":true,"href":"https:\/\/nbg.eu\/pl\/wp-json\/wp\/v2\/product_brand?post=686700"},{"taxonomy":"product_cat","embeddable":true,"href":"https:\/\/nbg.eu\/pl\/wp-json\/wp\/v2\/product_cat?post=686700"},{"taxonomy":"product_tag","embeddable":true,"href":"https:\/\/nbg.eu\/pl\/wp-json\/wp\/v2\/product_tag?post=686700"}],"curies":[{"name":"wp","href":"https:\/\/api.w.org\/{rel}","templated":true}]}}