{"id":686828,"date":"2026-01-08T18:13:27","date_gmt":"2026-01-08T15:13:27","guid":{"rendered":"https:\/\/nbg.eu\/product\/kamera-termowizyjna-nocpix-ace-h50r-12um-640x512-zeiss-rail\/"},"modified":"2026-04-14T17:19:39","modified_gmt":"2026-04-14T14:19:39","slug":"kamera-termowizyjna-nocpix-ace-h50r-12um-640x512-zeiss-rail","status":"publish","type":"product","link":"https:\/\/nbg.eu\/pl\/produkt\/kamera-termowizyjna-nocpix-ace-h50r-12um-640x512-zeiss-rail\/","title":{"rendered":"Nocpix Kamera Termowizyjna ACE H50R ZEISS RAIL"},"content":{"rendered":"<h2>Nocpix ACE H50R Zakres termiczny karabinu: Niezr\u00f3wnana precyzja i jasno\u015b\u0107 my\u015bliwska<\/h2>\n<p>Nocpix ACE H50R termiczny celownik karabinu \u0142\u0105czy zaawansowan\u0105 technologi\u0119 z wytrzyma\u0142\u0105 trwa\u0142o\u015bci\u0105, zapewniaj\u0105c niezr\u00f3wnan\u0105 przyjemno\u015b\u0107 z polowania. Posiada czujnik termiczny o rozdzielczo\u015bci 640&#215;512 z NETD \u226412mK, dla wyj\u0105tkowej jasno\u015bci obrazu, zakres wykrywania do 3100 metr\u00f3w oraz wbudowany dalmierz laserowy do precyzyjnych pomiar\u00f3w do 1200 metr\u00f3w. Innowacyjny system Vision+ oferuje powi\u0119kszenie okularowe dla wyra\u017anych zbli\u017ce\u0144, a podw\u00f3jny system baterii zapewnia d\u0142ugotrwa\u0142e u\u017cytkowanie. Wykonany z wysokiej wytrzyma\u0142o\u015bci stopu aluminium i z klas\u0105 IP67, ten celownik karabinu jest zaprojektowany, aby doskonale sprawdza\u0107 si\u0119 w ka\u017cdym \u015brodowisku na \u015bwie\u017cym powietrzu i dostosowywa\u0107 si\u0119 do ka\u017cdej sytuacji.<\/p>\n<p>Nocpix ACE H50 termiczny celownik karabinu to narz\u0119dzie najnowszej generacji, zaprojektowane, aby zdefiniowa\u0107 na nowo do\u015bwiadczenie polowania, niezale\u017cnie od tego, czy poruszasz si\u0119 w ciemno\u015bci nocy, czy pod\u0105\u017casz za zwierzyn\u0105 przez trudny teren. Jako cz\u0119\u015b\u0107 flagowej serii ACE firmy Nocpix, ten termiczny celownik optyczny wyr\u00f3\u017cnia si\u0119 jako\u015bci\u0105 obrazu i precyzj\u0105, dzi\u0119ki opracowanemu we w\u0142asnym zakresie, wysokiej rozdzielczo\u015bci czujnikowi termicznemu oraz zaawansowanym systemom Reality+ i Vision+.<\/p>\n<p>W sercu Nocpix ACE H50R znajduje si\u0119 czujnik termiczny HD Gen-2, kt\u00f3ry mo\u017ce poszczyci\u0107 si\u0119 rozdzielczo\u015bci\u0105 640&#215;512 i szybko\u015bci\u0105 klatek 60Hz, oferuj\u0105c niesamowicie stabilne osi\u0105gi. Przy NETD \u226412mK, ten celownik wykrywa nawet najmniejsze r\u00f3\u017cnice temperatury, zapewniaj\u0105c szczeg\u00f3\u0142owe i p\u0142ynne obrazy termiczne, idealne do \u015bledzenia szybko poruszaj\u0105cych si\u0119 cel\u00f3w w czasie rzeczywistym. Zaawansowany algorytm przetwarzania obrazu Reality+ dodatkowo poprawia to, eliminuj\u0105c szumy zwi\u0105zane z temperatur\u0105 otoczenia, zapewniaj\u0105c lepszy kontrast i jasno\u015b\u0107, nawet w trudnych warunkach \u0142owieckich.<\/p>\n<p>ACE H50R wyposa\u017cony jest w obiektyw 50mm\/F0.9, kt\u00f3ry pozwala na dotarcie do czujnika 20% wi\u0119cej \u015bwiat\u0142a, tworz\u0105c ja\u015bniejsze i wyra\u017aniejsze obrazy. Ma to kluczowe znaczenie dla my\u015bliwych d\u0105\u017c\u0105cych do precyzji, poniewa\u017c zwi\u0119kszona transmisja \u015bwiat\u0142a zapewnia lepsz\u0105 widoczno\u015b\u0107 w warunkach s\u0142abego o\u015bwietlenia. Ponadto zakres wykrywania wynosz\u0105cy 3100 metr\u00f3w wyr\u00f3\u017cnia ACE, u\u0142atwiaj\u0105c identyfikacj\u0119 i \u015bledzenie odleg\u0142ych cel\u00f3w w spos\u00f3b bardziej skuteczny ni\u017c kiedykolwiek.<\/p>\n<p>Zintegrowany system Vision+ wzbogaca doznania wzrokowe, dzi\u0119ki wy\u015bwietlaczowi AMOLED o rozdzielczo\u015bci 2560&#215;2560 i \u015brednicy 1,03 cala. Jego system powi\u0119kszania optycznego, zaprojektowany tak, aby unikn\u0105\u0107 rozmycia i zniekszta\u0142ce\u0144 typowych dla tradycyjnych powi\u0119ksze\u0144 elektronicznych, zapewnia my\u015bliwym wyra\u017any, wysokiej rozdzielczo\u015bci widok z bliska bez utraty szczeg\u00f3\u0142\u00f3w. Daje to wci\u0105gaj\u0105ce, komfortowe do\u015bwiadczenie ogl\u0105dania, niezale\u017cnie od tego, czy wypatrujesz zwierzyny z odleg\u0142o\u015bci, czy celuj\u0105c precyzyjnie.<\/p>\n<p>Zaprojektowany z my\u015bl\u0105 o d\u0142ugim u\u017cytkowaniu w terenie, ACE posiada podw\u00f3jny system baterii z wbudowan\u0105 bateri\u0105 4000mAh i dodatkow\u0105 wymienn\u0105 bateri\u0105 18650, co pozwala na nieprzerwane dzia\u0142anie podczas d\u0142ugich sesji \u0142owieckich. Wytrzyma\u0142a konstrukcja, wykonana z wysokiej wytrzyma\u0142o\u015bci stopu aluminium, zapewnia, \u017ce ACE wytrzyma trudne \u015brodowiska na zewn\u0105trz i intensywne u\u017cytkowanie, poniewa\u017c przeszed\u0142 rygorystyczne testy odporno\u015bci na wstrz\u0105sy. Z klas\u0105 wodoszczelno\u015bci IP67, celownik pozostaje niezawodny w niesprzyjaj\u0105cych warunkach pogodowych, zapewniaj\u0105c my\u015bliwym spok\u00f3j niezale\u017cnie od \u015brodowiska.<\/p>\n<p>Zaprojektowany z my\u015bl\u0105 o my\u015bliwych, Nocpix ACE H50R zawiera niezb\u0119dne funkcje, takie jak nagrywanie wideo aktywowane odrzutem i bezobs\u0142ugowa konstrukcja, dla wygodnej obs\u0142ugi w terenie. Wraz z dodatkami przyjaznym dla u\u017cytkownika, takimi jak regulator ostro\u015bci, os\u0142ona do \u0142adowania i mo\u017cliwo\u015b\u0107 odtwarzania film\u00f3w bezpo\u015brednio przez funkcj\u0119 Galeria, ten celownik \u0142\u0105czy wysok\u0105 wydajno\u015b\u0107 z wygod\u0105, zapewniaj\u0105c optymaln\u0105 przyjemno\u015b\u0107 z polowania.<\/p>\n","protected":false},"excerpt":{"rendered":"<p>Termowizyjny celownik do broni Nocpix ACE H50R \u0142\u0105czy w sobie zaawansowany czujnik 640&#215;512 12um, wykrywanie na odleg\u0142o\u015b\u0107 do 3100m i wbudowany dalmierz laserowy, zapewniaj\u0105c niepor\u00f3wnywalne mo\u017cliwo\u015bci podczas polowa\u0144.<\/p>\n<p>Je\u015bli produkt nie jest dost\u0119pny, prosimy o kontakt: shop@nbg.eu lub +359896147790<\/p>\n<p>\n","protected":false},"featured_media":686954,"template":"","meta":{"_acf_changed":false},"product_brand":[14456],"product_cat":[16092],"product_tag":[],"class_list":{"0":"post-686828","1":"product","2":"type-product","3":"status-publish","4":"has-post-thumbnail","6":"product_brand-nocpix","7":"product_cat-thermal-cameras-pl","9":"first","10":"instock","11":"taxable","12":"shipping-taxable","13":"purchasable","14":"product-type-simple"},"acf":[],"_links":{"self":[{"href":"https:\/\/nbg.eu\/pl\/wp-json\/wp\/v2\/product\/686828","targetHints":{"allow":["GET"]}}],"collection":[{"href":"https:\/\/nbg.eu\/pl\/wp-json\/wp\/v2\/product"}],"about":[{"href":"https:\/\/nbg.eu\/pl\/wp-json\/wp\/v2\/types\/product"}],"wp:featuredmedia":[{"embeddable":true,"href":"https:\/\/nbg.eu\/pl\/wp-json\/wp\/v2\/media\/686954"}],"wp:attachment":[{"href":"https:\/\/nbg.eu\/pl\/wp-json\/wp\/v2\/media?parent=686828"}],"wp:term":[{"taxonomy":"product_brand","embeddable":true,"href":"https:\/\/nbg.eu\/pl\/wp-json\/wp\/v2\/product_brand?post=686828"},{"taxonomy":"product_cat","embeddable":true,"href":"https:\/\/nbg.eu\/pl\/wp-json\/wp\/v2\/product_cat?post=686828"},{"taxonomy":"product_tag","embeddable":true,"href":"https:\/\/nbg.eu\/pl\/wp-json\/wp\/v2\/product_tag?post=686828"}],"curies":[{"name":"wp","href":"https:\/\/api.w.org\/{rel}","templated":true}]}}