{"id":686978,"date":"2025-12-18T18:25:22","date_gmt":"2025-12-18T15:25:22","guid":{"rendered":"https:\/\/nbg.eu\/product\/kamera-termiczna-nocpix-bolt-l35r\/"},"modified":"2026-02-27T15:50:53","modified_gmt":"2026-02-27T12:50:53","slug":"kamera-termiczna-nocpix-bolt-l35r","status":"publish","type":"product","link":"https:\/\/nbg.eu\/pl\/produkt\/kamera-termiczna-nocpix-bolt-l35r\/","title":{"rendered":"Kamera termiczna Nocpix Bolt L35R"},"content":{"rendered":"<h2>Doskona\u0142y pocz\u0105tek nocnej wyprawy: kamera termowizyjna Nocpix Bolt L35R<\/h2>\n<p>Zaprojektowany dla pocz\u0105tkuj\u0105cych, kt\u00f3rzy chc\u0105 jasno\u015bci, wygody wszechstronnej i pewno\u015bci od pierwszego dnia, Nocpix BOLT \u0142\u0105czy w sobie ostr\u0105 termowizj\u0119, wbudowany dalmierz laserowy i inteligentne narz\u0119dzia do balistyki w kompaktowej, \u0142atwej w obs\u0142udze konstrukcji &#8211; daj\u0105c nowym my\u015bliwym dok\u0142adnie to, czego potrzebuj\u0105, aby polowa\u0107 m\u0105drze i strzela\u0107 z pewno\u015bci\u0105.<\/p>\n<h2>Widzie\u0107 wyra\u017anie, identyfikowa\u0107 dok\u0142adnie<\/h2>\n<p>Rozmyte obrazy i trudne do dostrze\u017cenia cele to powszechny problem dla nowych u\u017cytkownik\u00f3w lornetek termowizyjnych, szczeg\u00f3lnie w ciemno\u015bci. Dlatego BOLT jest wyposa\u017cony w samodzielnie opracowany czujnik termiczny o \u226420mK NETD i wysokiej pr\u0119dko\u015bci od\u015bwie\u017cania 50Hz, zapewniaj\u0105c Ci p\u0142ynne, wysokiej rozdzielczo\u015bci obrazy nawet w ekstremalnych warunkach. Nap\u0119dzany przez nasz algorytm obrazowania Reality+, BOLT przebija si\u0119 przez mg\u0142\u0119, krzaki i ciemno\u015b\u0107, aby zapewni\u0107 ostre wizualizacje i niezawodn\u0105 identyfikacj\u0119 celu.<\/p>\n<h2>Pozosta\u0107 lekkim, pozosta\u0107 skoncentrowanym<\/h2>\n<p>Jako nowy my\u015bliwy, szczeg\u00f3lnie kiedy dopiero przyzwyczajasz si\u0119 do cichego poruszania si\u0119 i utrzymywania koncentracji. Dlatego Nocpix BOLT upraszcza rzeczy. Wa\u017c\u0105c zaledwie 880 gram\u00f3w i posiadaj\u0105c kompaktowy, op\u0142ywowy design, jest \u0142atwy do noszenia, monta\u017cu i obs\u0142ugi, nawet na d\u0142ugich polowaniach.<\/p>\n<h2>Znaj zasi\u0119g, poluj z pewno\u015bci\u0105<\/h2>\n<p>Dla nowych my\u015bliwych ocena odleg\u0142o\u015bci mo\u017ce by\u0107 trudna, a niecelne strza\u0142y mog\u0105 zachwia\u0107 ich pewno\u015bci\u0105 siebie. BOLT eliminuje stres ze strzelania dzi\u0119ki wbudowanemu dalmierzowi laserowemu o zasi\u0119gu 1200 metr\u00f3w i inteligentnej kalkulatorowi balistycznemu. Otrzymujesz precyzyjne odczyty odleg\u0142o\u015bci i natychmiastow\u0105 pomoc w celowaniu, kt\u00f3ra pomaga trafi\u0107 ka\u017cdy strza\u0142 w sam \u015brodek. Od pierwszego polowania BOLT daje pocz\u0105tkuj\u0105cym przewag\u0119, kt\u00f3rej potrzebuj\u0105, aby strzela\u0107 m\u0105drzej i bardziej konsekwentnie.<\/p>\n<h2>Poluj ca\u0142y dzie\u0144 bez obaw o zasilanie<\/h2>\n<p>Roz\u0142adowanie akumulatora podczas polowania to koszmar dla ka\u017cdego nowego my\u015bliwego. Dlatego BOLT zosta\u0142 zaprojektowany z systemem dw\u00f3ch baterii &#8211; d\u0142ugotrwa\u0142\u0105 wbudowan\u0105 bateri\u0105 5000mAh oraz wymienn\u0105 bateri\u0105 18650 o pojemno\u015bci 9000mAh. Daje to do 12 godzin ci\u0105g\u0142ego u\u017cytkowania. Bez stresu, bez przerw &#8211; tylko moc, kt\u00f3ra jest z Tob\u0105 od wschodu do zachodu s\u0142o\u0144ca.<\/p>\n<h2>Inteligentny sprz\u0119t, aktywne polowanie<\/h2>\n<p>Dla pocz\u0105tkuj\u0105cych przyzwyczajenie si\u0119 do nowego sprz\u0119tu mo\u017ce by\u0107 trudne. BOLT u\u0142atwia ten proces dzi\u0119ki konfigurowalnym siatkom celowniczym, regulowanym ustawieniom strzeleckim i siedmiu paletom kolor\u00f3w dostosowanym do r\u00f3\u017cnych \u015brodowisk. Ponadto p\u0142ynna integracja z aplikacj\u0105 pozwala dostosowa\u0107 ustawienia i udost\u0119pnia\u0107 Twoje przygody, czyni\u0105c ka\u017cde polowanie nie tylko m\u0105drzejszym, ale te\u017c przyjemniejszym i bardziej satysfakcjonuj\u0105cym.<\/p>\n<h2>Wytrzyma\u0142a konstrukcja, niezawodna wydajno\u015b\u0107<\/h2>\n<p>Gdy dopiero zaczynasz, ostatni\u0105 rzecz\u0105, o kt\u00f3r\u0105 chcesz si\u0119 martwi\u0107, jest uszkodzenie Twojego sprz\u0119tu w terenie. BOLT jest zbudowany solidnie z jednolitej konstrukcji z aluminium i posiada klas\u0119 ochrony IP67 przed py\u0142em i wod\u0105. Jest przetestowany na wytrzyma\u0142o\u015b\u0107 na upadki i silny odrzut, dzi\u0119ki czemu pozostaje niezawodny i dok\u0142adny, bez wzgl\u0119du na to, jak trudne b\u0119d\u0105 warunki.<\/p>\n","protected":false},"excerpt":{"rendered":"<p>Kamera termowizyjna Nocpix Bolt L35R oferuje ostr\u0105 termowizj\u0119, wbudowany dalmierz i inteligentne narz\u0119dzia balistyczne w kompaktowej i \u0142atwej w obs\u0142udze konstrukcji dla nowych my\u015bliwych nocnych.<\/p>\n<p>Je\u015bli produkt nie jest dost\u0119pny, prosimy o kontakt: shop@nbg.eu lub +359896147790<\/p>\n","protected":false},"featured_media":687302,"template":"","meta":{"_acf_changed":false},"product_brand":[14456],"product_cat":[2876],"product_tag":[],"class_list":{"0":"post-686978","1":"product","2":"type-product","3":"status-publish","4":"has-post-thumbnail","6":"product_brand-nocpix","7":"product_cat-rahohvatki","9":"first","10":"instock","11":"taxable","12":"shipping-taxable","13":"purchasable","14":"product-type-simple"},"acf":[],"_links":{"self":[{"href":"https:\/\/nbg.eu\/pl\/wp-json\/wp\/v2\/product\/686978","targetHints":{"allow":["GET"]}}],"collection":[{"href":"https:\/\/nbg.eu\/pl\/wp-json\/wp\/v2\/product"}],"about":[{"href":"https:\/\/nbg.eu\/pl\/wp-json\/wp\/v2\/types\/product"}],"wp:featuredmedia":[{"embeddable":true,"href":"https:\/\/nbg.eu\/pl\/wp-json\/wp\/v2\/media\/687302"}],"wp:attachment":[{"href":"https:\/\/nbg.eu\/pl\/wp-json\/wp\/v2\/media?parent=686978"}],"wp:term":[{"taxonomy":"product_brand","embeddable":true,"href":"https:\/\/nbg.eu\/pl\/wp-json\/wp\/v2\/product_brand?post=686978"},{"taxonomy":"product_cat","embeddable":true,"href":"https:\/\/nbg.eu\/pl\/wp-json\/wp\/v2\/product_cat?post=686978"},{"taxonomy":"product_tag","embeddable":true,"href":"https:\/\/nbg.eu\/pl\/wp-json\/wp\/v2\/product_tag?post=686978"}],"curies":[{"name":"wp","href":"https:\/\/api.w.org\/{rel}","templated":true}]}}