{"id":687709,"date":"2026-01-08T18:14:10","date_gmt":"2026-01-08T15:14:10","guid":{"rendered":"https:\/\/nbg.eu\/product\/termiczna-monokularna-lumi-h35\/"},"modified":"2026-04-14T16:11:13","modified_gmt":"2026-04-14T13:11:13","slug":"termiczna-monokularna-lumi-h35","status":"publish","type":"product","link":"https:\/\/nbg.eu\/pl\/produkt\/termiczna-monokularna-lumi-h35\/","title":{"rendered":"Nocpix Monokular Termowizyjny LUMI H35"},"content":{"rendered":"<h2>Nocpix LUMI H35: Niezast\u0105piony towarzysz do wszystkich zastosowa\u0144<\/h2>\n<p>Seria termowizyjnych monokulator\u00f3w LUMI jest przeznaczona do u\u017cytku zar\u00f3wno w dzie\u0144, jak i w nocy, i oferuje niezwyk\u0142\u0105 jako\u015b\u0107 obrazu, nawet w trudnych warunkach pogodowych, takich jak mg\u0142a, smog lub deszcz. Nawet je\u015bli przeszkody, takie jak ga\u0142\u0119zie, wysoka trawa lub g\u0119ste poszycie, utrudniaj\u0105 widoczno\u015b\u0107, ta technologia pozwala zawsze wyra\u017anie widzie\u0107 to, co znajduje si\u0119 przed tob\u0105. S\u0105 one r\u00f3wnie\u017c tak kompaktowe i lekkie, \u017ce mo\u017cesz je \u0142atwo nosi\u0107 ze sob\u0105 wsz\u0119dzie.<\/p>\n<p>Kamery termowizyjne LUMI s\u0105 idealne do r\u00f3\u017cnych zastosowa\u0144, takich jak polowanie, obserwacja, bezpiecze\u0144stwo, orientacja w terenie lub akcje poszukiwawczo-ratownicze.<\/p>\n<h2>Niezr\u00f3wnana wydajno\u015b\u0107 obrazowania dla ostro zakrojonych obraz\u00f3w<\/h2>\n<p>Seria LUMI wyznacza nowe standardy pod wzgl\u0119dem jako\u015bci obrazu. Wyposa\u017cone w najbardziej zaawansowane algorytmy obrazowania i pot\u0119\u017cny czujnik termiczny z NETD &lt; 18 mK, kamera dostarcza ostro zakrojonych i realistycznych obraz\u00f3w. Wy\u015bwietlacz AMOLED o rozdzielczo\u015bci 1024 x 768 pikseli zapewnia wyj\u0105tkow\u0105 prezentacj\u0119 obrazu, a tryb Ultra Clear dodatkowo optymalizuje ostro\u015b\u0107 obrazu, zw\u0142aszcza w trudnych warunkach pogodowych.<\/p>\n<h2>Spersonalizowane wra\u017cenia z ogl\u0105dania &#8211; dostosuj swoje urz\u0105dzenie idealnie<\/h2>\n<p>Dzi\u0119ki du\u017cemu czujnikowi 640 x 512 px i r\u00f3\u017cnym opcjom regulacji mo\u017cesz dok\u0142adnie dostosowa\u0107 urz\u0105dzenie do swoich potrzeb. Wybierz spo\u015br\u00f3d 5 tryb\u00f3w kolor\u00f3w i zoptymalizuj sw\u00f3j widok, korzystaj\u0105c z 10 poziom\u00f3w jasno\u015bci, ostro\u015bci i kontrastu &#8211; aby \u017caden szczeg\u00f3\u0142 nie umkn\u0105\u0142 twojej uwadze.<\/p>\n<h2>Dzielenie si\u0119 do\u015bwiadczeniami jest \u0142atwe z LUMI<\/h2>\n<p>Dla wsp\u00f3\u0142czesnego my\u015bliwego uchwycenie wyj\u0105tkowych chwil jest wa\u017cne. Dzi\u0119ki Nocpix LUMI H35 mo\u017cesz nie tylko wygodnie udost\u0119pnia\u0107 swoje nagrania za po\u015brednictwem aplikacji, ale tak\u017ce odtwarza\u0107 je bezpo\u015brednio na urz\u0105dzeniu &#8211; idealnie, aby natychmiast podzieli\u0107 si\u0119 swoimi do\u015bwiadczeniami z innymi.<\/p>\n<h2>Elastyczne u\u017cytkowanie dzi\u0119ki wymiennemu systemowi baterii<\/h2>\n<p>Seria LUMI jest wyposa\u017cona w standardowe baterie 18650, oferuj\u0105c maksymaln\u0105 elastyczno\u015b\u0107. Niezale\u017cnie od tego, gdzie si\u0119 znajdujesz, z do\u0142\u0105czonym \u0142adowark\u0105 do baterii b\u0119dziesz gotowy do dzia\u0142ania w mgnieniu oka &#8211; i b\u0119dziesz m\u00f3g\u0142 kontynuowa\u0107 swoj\u0105 misj\u0119.<\/p>\n","protected":false},"excerpt":{"rendered":"<p>Nocpix LUMI H35: Niezast\u0105piony towarzysz do wszystkich zastosowa\u0144. Czujnik 640 z 18 mK, wy\u015bwietlacz AMOLED z rozdzielczo\u015bci\u0105 1024 \u00d7 768 pikseli, wymienne akumulatory 18650, zasi\u0119g detekcji oko\u0142o 1800 metr\u00f3w, kompaktowa konstrukcja.<\/p>\n<p>Je\u015bli produkt jest niedost\u0119pny, prosimy o kontakt: shop@nbg.eu lub +359896147790<\/p>\n","protected":false},"featured_media":687805,"template":"","meta":{"_acf_changed":false},"product_brand":[14456],"product_cat":[16091,12594],"product_tag":[],"class_list":{"0":"post-687709","1":"product","2":"type-product","3":"status-publish","4":"has-post-thumbnail","6":"product_brand-nocpix","7":"product_cat-monoculars-pl","8":"product_cat-termowizja","10":"first","11":"instock","12":"taxable","13":"shipping-taxable","14":"purchasable","15":"product-type-simple"},"acf":[],"_links":{"self":[{"href":"https:\/\/nbg.eu\/pl\/wp-json\/wp\/v2\/product\/687709","targetHints":{"allow":["GET"]}}],"collection":[{"href":"https:\/\/nbg.eu\/pl\/wp-json\/wp\/v2\/product"}],"about":[{"href":"https:\/\/nbg.eu\/pl\/wp-json\/wp\/v2\/types\/product"}],"wp:featuredmedia":[{"embeddable":true,"href":"https:\/\/nbg.eu\/pl\/wp-json\/wp\/v2\/media\/687805"}],"wp:attachment":[{"href":"https:\/\/nbg.eu\/pl\/wp-json\/wp\/v2\/media?parent=687709"}],"wp:term":[{"taxonomy":"product_brand","embeddable":true,"href":"https:\/\/nbg.eu\/pl\/wp-json\/wp\/v2\/product_brand?post=687709"},{"taxonomy":"product_cat","embeddable":true,"href":"https:\/\/nbg.eu\/pl\/wp-json\/wp\/v2\/product_cat?post=687709"},{"taxonomy":"product_tag","embeddable":true,"href":"https:\/\/nbg.eu\/pl\/wp-json\/wp\/v2\/product_tag?post=687709"}],"curies":[{"name":"wp","href":"https:\/\/api.w.org\/{rel}","templated":true}]}}