{"id":687809,"date":"2026-01-08T18:13:58","date_gmt":"2026-01-08T15:13:58","guid":{"rendered":"https:\/\/nbg.eu\/product\/termowizyjny-kamera-ace-s60r\/"},"modified":"2026-04-14T16:11:20","modified_gmt":"2026-04-14T13:11:20","slug":"termowizyjny-kamera-ace-s60r","status":"publish","type":"product","link":"https:\/\/nbg.eu\/pl\/produkt\/termowizyjny-kamera-ace-s60r\/","title":{"rendered":"Nocpix Kamera Termowizyjna ACE S60R"},"content":{"rendered":"<h2>Opis produktu<\/h2>\n<p>Termowizyjny celownik Nocpix ACE S60R to zupe\u0142nie nowe, najnowocze\u015bniejsze narz\u0119dzie zaprojektowane dla elitarnych my\u015bliwych, kt\u00f3rzy wymagaj\u0105 najwy\u017cszej wydajno\u015bci w najbardziej wymagaj\u0105cych warunkach. Dzi\u0119ki najnowocze\u015bniejszej technologii i wytrzyma\u0142ej konstrukcji, ten wiod\u0105cy termowizyjny celownik jest zaprojektowany, aby pom\u00f3c Ci opanowa\u0107 noc i spacyfikowa\u0107 zwierzyn\u0119. Niezale\u017cnie od tego, czy skanuj swoj\u0105 zdobycz na du\u017cych odleg\u0142o\u015bciach, czy \u015bledzisz szybko poruszaj\u0105ce si\u0119 cele, ACE S60R oferuje niezr\u00f3wnan\u0105 jasno\u015b\u0107, precyzj\u0119 i niezawodno\u015b\u0107.<\/p>\n<p>U serca tego wyj\u0105tkowego celownika znajduje si\u0119 czujnik termiczny HD Gen-2 z imponuj\u0105c\u0105 rozdzielczo\u015bci\u0105 1280&#215;1024 i ultraczu\u0142ym NETD wynosz\u0105cym \u226415mK. Ten czujnik nowej generacji pozwala celownikowi ACE S60R wykrywa\u0107 nawet najmniejsze zmiany temperatury, zapewniaj\u0105c w czasie rzeczywistym wyra\u017ane i szczeg\u00f3\u0142owe obrazy termiczne. Dzi\u0119ki cz\u0119stotliwo\u015bci od\u015bwie\u017cania 50 Hz celownik zapewnia p\u0142ynne wizualizacje, kt\u00f3re nad\u0105\u017caj\u0105 za pr\u0119dko\u015bci\u0105 celu, umo\u017cliwiaj\u0105c precyzyjne namierzanie.<\/p>\n<p>Nocpix ACE S60R wyposa\u017cony jest r\u00f3wnie\u017c w obiektyw 60mm\/F1.0, kt\u00f3ry zbiera o 20% wi\u0119cej \u015bwiat\u0142a ni\u017c standardowe celowniki, zapewniaj\u0105c ja\u015bniejsze i wyra\u017aniejsze obrazy nawet w najciemniejszych warunkach. Jego doskona\u0142a detekcja na du\u017cych odleg\u0142o\u015bciach do 3100 metr\u00f3w pozwala \u0142atwo identyfikowa\u0107 i \u015bledzi\u0107 odleg\u0142e cele, co daje kluczow\u0105 przewag\u0119 w d\u0142ugodystansowym polowaniu i strzelectwie. W po\u0142\u0105czeniu z autorytycznym algorytmem przetwarzania obrazu Reality+ firmy Nocpix, ACE S60R dramatycznie redukuje szumy t\u0142a, dostarczaj\u0105c za ka\u017cdym razem ostrych, wysokokonkrastowhch obraz\u00f3w.<\/p>\n<p>Dla tych, kt\u00f3rzy chc\u0105 jeszcze wi\u0119kszej jasno\u015bci obrazu, ACE S60R wyposa\u017cony jest w innowacyjny system Vision+. Okr\u0105g\u0142y wy\u015bwietlacz AMOLED 1.03 cala 2560&#215;2560, w po\u0142\u0105czeniu z wiod\u0105cym w bran\u017cy powi\u0119kszeniem okularu, zapewnia niezr\u00f3wnan\u0105 optyczn\u0105 moc powi\u0119kszenia bez rozmycia czy zniekszta\u0142ce\u0144 typowo zwi\u0105zanych z elektronicznym zoomem. Ta prze\u0142omowa technologia zapewnia krystalicznie czysty widok i szerokie pole widzenia, niezale\u017cnie od tego, czy zbli\u017casz si\u0119 do celu, czy skanuj otoczenie.<\/p>\n<p>Precyzja jest kluczowa w polowaniu, a ACE S60R nie zawodzi. Wbudowany dalmierz laserowy (LRF) oferuje dok\u0142adne pomiary do 1200 metr\u00f3w. LRF jest p\u0142ynnie zintegrowany z eleganckim designem, zachowuj\u0105c prawdziwe wyr\u00f3wnanie osi optycznej, jednocze\u015bnie pozwalaj\u0105c na obliczanie dok\u0142adnych odleg\u0142o\u015bci bez zak\u0142\u00f3cania ostro\u015bci. A dzi\u0119ki wbudowanej funkcjonalno\u015bci obliczania balistyki, ACE S60R zapewnia, \u017ce Twoje strza\u0142y s\u0105 precyzyjne, uwzgl\u0119dniaj\u0105c ka\u017cdy czynnik dla idealnej celno\u015bci.<\/p>\n<p>Zaprojektowany z my\u015bl\u0105 o my\u015bliwych, Nocpix ACE S60R wyposa\u017cony jest r\u00f3wnie\u017c w podw\u00f3jny system baterii z wbudowanym akumulatorem 4000mAh i wymienn\u0105 bateri\u0105 18650 do wyd\u0142u\u017conego u\u017cytkowania w terenie. Nie musisz ju\u017c martwi\u0107 si\u0119 o wyczerpanie zasilania w \u015brodku polowania &#8211; ten system jest zaprojektowany, aby wytrzyma\u0107 tak d\u0142ugo, jak Twoja przygoda. Dodatkowo funkcje takie jak automatyczne wy\u0142\u0105czanie ekranu, aktywowana wstrz\u0105sami rejestracja wideo i bezpokrywkowy design sprawiaj\u0105, \u017ce ten termowizyjny celownik jest prawdziwym graczem na polu.<\/p>\n<p>Stworzony do najtrudniejszych warunk\u00f3w terenowych, ACE S60R wykonany jest z wysokogatunkowego stopu aluminium, rygorystycznie testowanego pod k\u0105tem wytrzyma\u0142o\u015bci na wstrz\u0105sy i intensywne u\u017cytkowanie. Posiadaj\u0105cy klas\u0119 wodoodporno\u015bci IP67, dzia\u0142a bez zarzutu w deszczu, kurzu i wymagaj\u0105cych \u015brodowiskach, zapewniaj\u0105c, \u017ce Tw\u00f3j celownik jest r\u00f3wnie trwa\u0142y jak Twoje my\u015bliwskie instynkty.<\/p>\n<p>Nocpix ACE S60R to wi\u0119cej ni\u017c tylko celownik termowizyjny &#8211; to najwy\u017cszy towarzysz w polowaniu. Wyposa\u017cony w najnowocze\u015bniejsz\u0105 technologi\u0119, wyj\u0105tkow\u0105 trwa\u0142o\u015b\u0107 i szereg zaawansowanych funkcji zaprojektowanych, aby usprawni\u0107 Twoje do\u015bwiadczenie z polowaniem, ten celownik na nowo zdefiniuje to, czego oczekujesz od swojego sprz\u0119tu. Przygotuj si\u0119, by panowa\u0107 nad noc\u0105.<\/p>\n","protected":false},"excerpt":{"rendered":"<p>Termowizyjny celownik Nocpix ACE S60R to nowoczesne narz\u0119dzie dla elitarnych my\u015bliwych, oferuj\u0105ce niezr\u00f3wnan\u0105 ostro\u015b\u0107, precyzj\u0119 i niezawodno\u015b\u0107 w najbardziej wymagaj\u0105cych warunkach. Jego czujnik termiczny HD Gen-2, obiektyw 60mm\/F1.0 oraz zaawansowany system Vision+ zapewniaj\u0105 wyj\u0105tkow\u0105 jako\u015b\u0107 obrazu, a wbudowany dalmiernik laserowy, obliczanie balistyki oraz system dw\u00f3ch baterii gwarantuj\u0105 precyzj\u0119 i wyd\u0142u\u017cone u\u017cytkowanie. Wykonany z wytrzyma\u0142ego stopu aluminium i posiadaj\u0105cy certyfikat IP67, ACE S60R jest zbudowany, aby wytrzyma\u0107 najtrudniejsze warunki.<\/p>\n","protected":false},"featured_media":687918,"template":"","meta":{"_acf_changed":false},"product_brand":[14456],"product_cat":[16092],"product_tag":[],"class_list":{"0":"post-687809","1":"product","2":"type-product","3":"status-publish","4":"has-post-thumbnail","6":"product_brand-nocpix","7":"product_cat-thermal-cameras-pl","9":"first","10":"instock","11":"taxable","12":"shipping-taxable","13":"purchasable","14":"product-type-simple"},"acf":[],"_links":{"self":[{"href":"https:\/\/nbg.eu\/pl\/wp-json\/wp\/v2\/product\/687809","targetHints":{"allow":["GET"]}}],"collection":[{"href":"https:\/\/nbg.eu\/pl\/wp-json\/wp\/v2\/product"}],"about":[{"href":"https:\/\/nbg.eu\/pl\/wp-json\/wp\/v2\/types\/product"}],"wp:featuredmedia":[{"embeddable":true,"href":"https:\/\/nbg.eu\/pl\/wp-json\/wp\/v2\/media\/687918"}],"wp:attachment":[{"href":"https:\/\/nbg.eu\/pl\/wp-json\/wp\/v2\/media?parent=687809"}],"wp:term":[{"taxonomy":"product_brand","embeddable":true,"href":"https:\/\/nbg.eu\/pl\/wp-json\/wp\/v2\/product_brand?post=687809"},{"taxonomy":"product_cat","embeddable":true,"href":"https:\/\/nbg.eu\/pl\/wp-json\/wp\/v2\/product_cat?post=687809"},{"taxonomy":"product_tag","embeddable":true,"href":"https:\/\/nbg.eu\/pl\/wp-json\/wp\/v2\/product_tag?post=687809"}],"curies":[{"name":"wp","href":"https:\/\/api.w.org\/{rel}","templated":true}]}}