{"id":688042,"date":"2025-10-17T23:10:38","date_gmt":"2025-10-17T20:10:38","guid":{"rendered":"https:\/\/nbg.eu\/product\/polautomatyczny-pistolet-kmr-w-02-spectra-s-kal-9x19\/"},"modified":"2026-04-16T18:21:47","modified_gmt":"2026-04-16T15:21:47","slug":"polautomatyczny-pistolet-kmr-w-02-spectra-s-kal-9x19","status":"publish","type":"product","link":"https:\/\/nbg.eu\/pl\/produkt\/polautomatyczny-pistolet-kmr-w-02-spectra-s-kal-9x19\/","title":{"rendered":"KMR Pistolet Samopowtarzalny W-02 SPECTRA S"},"content":{"rendered":"<h2>Pistolet P\u00f3\u0142automatyczny KMR W-02 SPECTRA S OR &#8211; Kaliber 9&#215;19<\/h2>\n<p>Szybko\u015b\u0107 w po\u0142\u0105czeniu z kompaktowo\u015bci\u0105. KMR W-02 SPECTRA S OR to pistolet o bardziej kompaktowej konstrukcji z zredukowan\u0105 r\u0119koje\u015bci\u0105. Podobnie jak w przypadku naszych innych modeli, mo\u017cna oczekiwa\u0107 wysokiej celno\u015bci i p\u0142ynnej, p\u0142ynnej pracy tego pistoletu. Pistolet jest wyposa\u017cony w system stabilizacji lufy BRS, akcesoria KMR, w pe\u0142ni regulowany celownik tylny, m\u0142otek konkursowy i interfejs gotowy pod celownik optyczny.<\/p>\n<p>Cechy:<\/p>\n<ul>\n<li>5&#8243; ci\u0119\u017cka, rowkowana, azotowana lufa<\/li>\n<li>BRS &#8211; System Pier\u015bcieni Lufy &#8211; System Stabilizacji Lufy w Zamku<\/li>\n<li>Szkielet i Slide ze stali, obrabiane numerycznie z litego bloku<\/li>\n<li>Szkielet i Slide azotowane &#8211; czarne<\/li>\n<li>Zredukowany Szkielet w obszarze r\u0119koje\u015bci<\/li>\n<li>Interfejs gotowy pod celownik optyczny (OR)<\/li>\n<li>\u015awiat\u0142owodowy przyrz\u0105d celowniczy przedni (1 mm)<\/li>\n<li>Regulowany na ca\u0142ej d\u0142ugo\u015bci celownik tylny OR<\/li>\n<li>Mechanizm spustowy SA\/DA<\/li>\n<li>Stalowy, rowkowany spust SA\/DA z regulacj\u0105 nadskoku &#8211; czarny<\/li>\n<li>Kr\u00f3tki reset<\/li>\n<li>M\u0142otek konkursowy SA\/DA<\/li>\n<li>Wyd\u0142u\u017cona, lewa r\u0119czna bezpiecznik<\/li>\n<li>P\u0142aska, prawa r\u0119czna bezpiecznik<\/li>\n<li>R\u0119koje\u015b\u0107 Duralumin WAVES &#8211; Ciemnoczerwon\u0105<\/li>\n<li>Regulowany, duralumiowy przycisk zwalniania magazynka &#8211; czarny<\/li>\n<li>Magazynek 9&#215;19, 9&#215;21 o pojemno\u015bci 17 naboi<\/li>\n<li>Magazynki &#8211; 3 szt.<\/li>\n<li>Kufer pistoletowy KMR, zestaw czyszcz\u0105cy, olej KMR, narz\u0119dzie do monta\u017cu lufy, spr\u0119\u017cyna g\u0142\u00f3wna 14 lbs, spr\u0119\u017cyny powrotne 11 lbs, 13 lbs, zestaw amortyzator\u00f3w, klucze imbusowe, \u015brodek uszczelniaj\u0105cy, karta gwarancyjna, instrukcja obs\u0142ugi<\/li>\n<\/ul>\n<p>Specyfikacja:<\/p>\n<ul>\n<li>Kaliber: 9&#215;19, 9&#215;21<\/li>\n<li>D\u0142ugo\u015b\u0107 ca\u0142kowita: 220 mm \/ 8,7 cala<\/li>\n<li>D\u0142ugo\u015b\u0107 zamka: 194 mm \/ 7,6 cala<\/li>\n<li>Szeroko\u015b\u0107 ca\u0142kowita: 39 mm \/ 1,5 cala<\/li>\n<li>Szeroko\u015b\u0107 zamka: 26 mm \/ 1 cal<\/li>\n<li>Wysoko\u015b\u0107 ca\u0142kowita: 146 mm \/ 5,7 cala<\/li>\n<li>Linia celownicza: 177 mm \/ 7 cali<\/li>\n<li>D\u0142ugo\u015b\u0107 lufy: 127 mm \/ 5 cali<\/li>\n<li>Pojemno\u015b\u0107 magazynka: 17<\/li>\n<li>Mechanizm spustowy: SA \/ DA<\/li>\n<li>Si\u0142a spustu: 17,5 N \/ 45 N<\/li>\n<li>Spr\u0119\u017cyna powrotna: 12 funt\u00f3w<\/li>\n<li>Spr\u0119\u017cyna g\u0142\u00f3wna: 17 funt\u00f3w<\/li>\n<li>Waga (bez magazynka): 1230 g \/ 43,4 uncji<\/li>\n<li>Waga (z pustym magazynkiem): 1320 g \/ 46,6 uncji<\/li>\n<\/ul>\n","protected":false},"excerpt":{"rendered":"<p>Szybko\u015b\u0107 w po\u0142\u0105czeniu ze zwarto\u015bci\u0105. KMR W-02 SPECTRA S OR to pistolet o bardziej kompaktowej konstrukcji z zredukowanym chwytem. Podobnie jak w przypadku naszych innych modeli, mo\u017cesz oczekiwa\u0107 wysokiej celno\u015bci i p\u0142ynnej, p\u0142ynnej obs\u0142ugi tego pistoletu. Pistolet wyposa\u017cony jest w system stabilizacji lufy BRS, akcesoria KMR, w pe\u0142ni regulowany celownik tylny, m\u0142otek konkurencyjny i interfejs gotowy na optyk\u0119.<\/p>\n","protected":false},"featured_media":688128,"template":"","meta":{"_acf_changed":false},"product_brand":[11510],"product_cat":[12622],"product_tag":[],"class_list":{"0":"post-688042","1":"product","2":"type-product","3":"status-publish","4":"has-post-thumbnail","6":"product_brand-kmr-precision","7":"product_cat-pistolety","9":"first","10":"instock","11":"taxable","12":"shipping-taxable","13":"purchasable","14":"product-type-simple"},"acf":[],"_links":{"self":[{"href":"https:\/\/nbg.eu\/pl\/wp-json\/wp\/v2\/product\/688042","targetHints":{"allow":["GET"]}}],"collection":[{"href":"https:\/\/nbg.eu\/pl\/wp-json\/wp\/v2\/product"}],"about":[{"href":"https:\/\/nbg.eu\/pl\/wp-json\/wp\/v2\/types\/product"}],"wp:featuredmedia":[{"embeddable":true,"href":"https:\/\/nbg.eu\/pl\/wp-json\/wp\/v2\/media\/688128"}],"wp:attachment":[{"href":"https:\/\/nbg.eu\/pl\/wp-json\/wp\/v2\/media?parent=688042"}],"wp:term":[{"taxonomy":"product_brand","embeddable":true,"href":"https:\/\/nbg.eu\/pl\/wp-json\/wp\/v2\/product_brand?post=688042"},{"taxonomy":"product_cat","embeddable":true,"href":"https:\/\/nbg.eu\/pl\/wp-json\/wp\/v2\/product_cat?post=688042"},{"taxonomy":"product_tag","embeddable":true,"href":"https:\/\/nbg.eu\/pl\/wp-json\/wp\/v2\/product_tag?post=688042"}],"curies":[{"name":"wp","href":"https:\/\/api.w.org\/{rel}","templated":true}]}}