{"id":688145,"date":"2025-10-17T23:30:59","date_gmt":"2025-10-17T20:30:59","guid":{"rendered":"https:\/\/nbg.eu\/product\/polautomatyczna-pistolet-kmr-umbra-w-02-kal-9x19-z-gwintowana-lufa\/"},"modified":"2026-04-16T18:21:43","modified_gmt":"2026-04-16T15:21:43","slug":"polautomatyczna-pistolet-kmr-umbra-w-02-kal-9x19-z-gwintowana-lufa","status":"publish","type":"product","link":"https:\/\/nbg.eu\/pl\/produkt\/polautomatyczna-pistolet-kmr-umbra-w-02-kal-9x19-z-gwintowana-lufa\/","title":{"rendered":"KMR Pistolet Samopowtarzalny W-02 UMBRA z Gwintem Lufy"},"content":{"rendered":"<h2>KMR W-02 UMBRA OR &#8211; Pot\u0119\u017cny i kompaktowy pistolet do strzela\u0144 konkursowych<\/h2>\n<p>Z tym kompaktowym pistoletem nie zgubisz si\u0119 w konkursie, wr\u0119cz przeciwnie, mo\u017cesz zaskoczy\u0107.<\/p>\n<p>Pistolet jest wyposa\u017cony w akcesoria KMR i system stabilizacji lufy BRS, co oznacza trafienie w sam \u015brodek.<\/p>\n<p>Ten model to nie tylko bro\u0144 do strzelania sportowego, ale dla ka\u017cdego pasjonata strzelania.<\/p>\n<h2>Kluczowe cechy<\/h2>\n<ul>\n<li>Ci\u0119\u017cka, rowkowana, naw\u0119glana lufa o d\u0142ugo\u015bci 4,5 cala<\/li>\n<li>BRS \u2013 System Pier\u015bcieni Lufy \u2013 System Stabilizacji Lufy w Zamku<\/li>\n<li>Ramka i Slide ze stali, frezowane z litego bloku<\/li>\n<li>Naw\u0119glana ramka i slide \u2013 czarne<\/li>\n<li>Przygotowane do monta\u017cu celownik\u00f3w optycznych (OR)<\/li>\n<li>Przedni celownik \u015bwiat\u0142owodowy (1 mm)<\/li>\n<li>Regulowany tylny celownik OR<\/li>\n<li>Mechanizm spustowy SA\/DA<\/li>\n<li>Stalowy, rowkowany spust SA\/DA z regulowan\u0105 nadpr\u00f3b\u0105 &#8211; czarny<\/li>\n<li>Kr\u00f3tka reset<\/li>\n<li>Konkursowy kurek SA\/DA<\/li>\n<li>Wyd\u0142u\u017cona, lewa bezpieczna d\u017awignia<\/li>\n<li>P\u0142aska, prawa bezpieczna d\u017awignia<\/li>\n<li>Duraluminowe chwyty WAVES \u2013 czarne<\/li>\n<li>Regulowany duraluninowy przycisk zwalniania magazynka \u2013 czarny<\/li>\n<li>Magazynek 9\u00d719, 9\u00d721 o pojemno\u015bci 17 naboi<\/li>\n<\/ul>\n<h2>Co zawiera zestaw<\/h2>\n<ul>\n<li>Pistolet KMR W-02 UMBRA OR<\/li>\n<li>3 sztuki magazynk\u00f3w<\/li>\n<li>Zestaw do czyszczenia<\/li>\n<li>Olej KMR<\/li>\n<li>Narz\u0119dzie do monta\u017cu lufy<\/li>\n<li>Spr\u0119\u017cyna g\u0142\u00f3wna 14 funt\u00f3w<\/li>\n<li>Spr\u0119\u017cyna powrotna 11 funt\u00f3w, 13 funt\u00f3w<\/li>\n<li>Zestaw bufor\u00f3w<\/li>\n<li>Klucze imbusowe<\/li>\n<li>Loctite<\/li>\n<li>Karta gwarancyjna<\/li>\n<li>Instrukcja obs\u0142ugi<\/li>\n<li>Zestaw naklejek reklamowych KMR Precision Arms<\/li>\n<\/ul>\n<h2>Specyfikacja<\/h2>\n<ul>\n<li>Kaliber: 9\u00d719, 9\u00d721<\/li>\n<li>D\u0142ugo\u015b\u0107 ca\u0142kowita: 208 mm \/ 8,2 cala<\/li>\n<li>D\u0142ugo\u015b\u0107 zamka: 181 mm \/ 7 cali<\/li>\n<li>Szeroko\u015b\u0107 ca\u0142kowita: 39 mm \/ 1,5 cala<\/li>\n<li>Szeroko\u015b\u0107 zamka: 26 mm \/ 1 cal<\/li>\n<li>Wysoko\u015b\u0107 ca\u0142kowita: 143 mm \/ 5,6 cala<\/li>\n<li>D\u0142ugo\u015b\u0107 celownika: 164 mm \/ 6,5 cala<\/li>\n<li>D\u0142ugo\u015b\u0107 lufy: 114 mm \/ 4,5 cala<\/li>\n<li>Pojemno\u015b\u0107 magazynka: 17<\/li>\n<li>Mechanizm spustowy: SA \/ DA<\/li>\n<li>Si\u0142a spustu: 17,5 N \/ 45 N<\/li>\n<li>Spr\u0119\u017cyna powrotna: 12 funt\u00f3w<\/li>\n<li>Spr\u0119\u017cyna g\u0142\u00f3wna: 17 funt\u00f3w<\/li>\n<li>Masa (bez magazynka): 1180 g \/ 41,6 uncji<\/li>\n<li>Masa (z pustym magazynkiem): 1270 g \/ 44,8 uncji<\/li>\n<\/ul>\n","protected":false},"excerpt":{"rendered":"<p>Ma\u0142y i kompaktowy, ale pot\u0119\u017cny pistolet KMR W-02 UMBRA OR 9&#215;19 z gwintem na lufie i stabilizacj\u0105 lufy BRS.<\/p>\n","protected":false},"featured_media":0,"template":"","meta":{"_acf_changed":false},"product_brand":[],"product_cat":[12639],"product_tag":[],"class_list":{"0":"post-688145","1":"product","2":"type-product","3":"status-publish","5":"product_cat-bez-kategorii","7":"first","8":"instock","9":"taxable","10":"shipping-taxable","11":"purchasable","12":"product-type-simple"},"acf":[],"_links":{"self":[{"href":"https:\/\/nbg.eu\/pl\/wp-json\/wp\/v2\/product\/688145","targetHints":{"allow":["GET"]}}],"collection":[{"href":"https:\/\/nbg.eu\/pl\/wp-json\/wp\/v2\/product"}],"about":[{"href":"https:\/\/nbg.eu\/pl\/wp-json\/wp\/v2\/types\/product"}],"wp:attachment":[{"href":"https:\/\/nbg.eu\/pl\/wp-json\/wp\/v2\/media?parent=688145"}],"wp:term":[{"taxonomy":"product_brand","embeddable":true,"href":"https:\/\/nbg.eu\/pl\/wp-json\/wp\/v2\/product_brand?post=688145"},{"taxonomy":"product_cat","embeddable":true,"href":"https:\/\/nbg.eu\/pl\/wp-json\/wp\/v2\/product_cat?post=688145"},{"taxonomy":"product_tag","embeddable":true,"href":"https:\/\/nbg.eu\/pl\/wp-json\/wp\/v2\/product_tag?post=688145"}],"curies":[{"name":"wp","href":"https:\/\/api.w.org\/{rel}","templated":true}]}}