{"id":688908,"date":"2025-12-22T15:33:09","date_gmt":"2025-12-22T12:33:09","guid":{"rendered":"https:\/\/nbg.eu\/product\/hyllus-duffel-wojskowa-zielen-45-litrow\/"},"modified":"2026-04-15T14:36:07","modified_gmt":"2026-04-15T11:36:07","slug":"hyllus-duffel-wojskowa-zielen-45-litrow","status":"publish","type":"product","link":"https:\/\/nbg.eu\/pl\/produkt\/hyllus-duffel-wojskowa-zielen-45-litrow\/","title":{"rendered":"Eberlestock Torba Podr\u00f3\u017cna Hyllus &#8211; 45 Litr\u00f3w"},"content":{"rendered":"<h2>Torba podr\u00f3\u017cna Hyllus &#8211; 45 litr\u00f3w<\/h2>\n<p>Torba podr\u00f3\u017cna Hyllus jest wodoodporna i wyj\u0105tkowo trwa\u0142a, idealna do przechowywania sprz\u0119tu w samochodzie lub w kabinie samolotu. Dno i \u015bciany boczne wykonane s\u0105 z poliamidu 1000D powlekanego TPU, a g\u00f3rna cz\u0119\u015b\u0107 z poliamidu 500D powlekanego TPU typu ripstop.<\/p>\n<p>Wewn\u0119trzne i zewn\u0119trzne kieszenie zamykane na zamek u\u0142atwiaj\u0105 i zabezpieczaj\u0105 przechowywanie ma\u0142ych przedmiot\u00f3w, a du\u017ce otwarcie g\u0142\u00f3wnej komory pozwala na szybkie umieszczenie ubra\u0144 i du\u017cych przedmiot\u00f3w. Hyllus posiada ta\u015bm\u0119 umo\u017cliwiaj\u0105c\u0105 wygodne przymocowanie do teleskopowej r\u0105czki baga\u017cu.<\/p>\n<h2>Wymiary<\/h2>\n<p>Pojemno\u015b\u0107 45 l: 2746 cali sze\u015bciennych<br \/>\nWaga 45 l: 2 funty<br \/>\nWymiary 45 l: 10 wys. x 22 d\u0142. x 12 szer.<\/p>\n<h2>W\u0142a\u015bciwo\u015bci<\/h2>\n<ul>\n<li>Konstrukcja wodoodporna<\/li>\n<li>Du\u017ca g\u0142\u00f3wna komora z kieszeniami wewn\u0119trznymi na zamek<\/li>\n<li>Zewn\u0119trzne kieszenie zamykane na zamek po obu stronach i z przodu<\/li>\n<li>Paski do noszenia torby<\/li>\n<\/ul>\n","protected":false},"excerpt":{"rendered":"<p>Torba Hyllus Duffel to wodoodporna, niezwykle wytrzyma\u0142a torba o pojemno\u015bci 45 litr\u00f3w, idealna na sprz\u0119t w pickupie lub na p\u00f3\u0142ce nad g\u0142ow\u0105.<\/p>\n","protected":false},"featured_media":705373,"template":"","meta":{"_acf_changed":false},"product_brand":[15144],"product_cat":[12563],"product_tag":[],"class_list":{"0":"post-688908","1":"product","2":"type-product","3":"status-publish","4":"has-post-thumbnail","6":"product_brand-eberlestock","7":"product_cat-torby-strzeleckie","9":"first","10":"instock","11":"taxable","12":"shipping-taxable","13":"purchasable","14":"product-type-variable","15":"wvs-archive-product-wrapper"},"acf":[],"_links":{"self":[{"href":"https:\/\/nbg.eu\/pl\/wp-json\/wp\/v2\/product\/688908","targetHints":{"allow":["GET"]}}],"collection":[{"href":"https:\/\/nbg.eu\/pl\/wp-json\/wp\/v2\/product"}],"about":[{"href":"https:\/\/nbg.eu\/pl\/wp-json\/wp\/v2\/types\/product"}],"wp:featuredmedia":[{"embeddable":true,"href":"https:\/\/nbg.eu\/pl\/wp-json\/wp\/v2\/media\/705373"}],"wp:attachment":[{"href":"https:\/\/nbg.eu\/pl\/wp-json\/wp\/v2\/media?parent=688908"}],"wp:term":[{"taxonomy":"product_brand","embeddable":true,"href":"https:\/\/nbg.eu\/pl\/wp-json\/wp\/v2\/product_brand?post=688908"},{"taxonomy":"product_cat","embeddable":true,"href":"https:\/\/nbg.eu\/pl\/wp-json\/wp\/v2\/product_cat?post=688908"},{"taxonomy":"product_tag","embeddable":true,"href":"https:\/\/nbg.eu\/pl\/wp-json\/wp\/v2\/product_tag?post=688908"}],"curies":[{"name":"wp","href":"https:\/\/api.w.org\/{rel}","templated":true}]}}