{"id":689001,"date":"2024-09-02T13:30:54","date_gmt":"2024-09-02T10:30:54","guid":{"rendered":"https:\/\/nbg.eu\/product\/bipod-harris-s-lm-notch-rotate-9-13\/"},"modified":"2026-05-13T17:00:37","modified_gmt":"2026-05-13T14:00:37","slug":"bipod-harris-s-lm-notch-rotate-9-13","status":"publish","type":"product","link":"https:\/\/nbg.eu\/pl\/produkt\/bipod-harris-s-lm-notch-rotate-9-13\/","title":{"rendered":"Bipod Harris &#8211; S -LM Notch Rotate 9-13&#8243;"},"content":{"rendered":"<div class=\"product-description\">\n<h2>Bipod Harris &#8211; S -LM Notch Rotate 9-13&#8243;<\/h2>\n<p>Popraw swoje do\u015bwiadczenie strzeleckie z Bipod Harris S-LM Notch Rotate. Ten ultralekkiwysoce wszechstronny dw\u00f3jn\u00f3g jest idealny do strzelania w pozycji le\u017c\u0105cej lub przy stole.<\/p>\n<ul>\n<li>Regulowana wysoko\u015b\u0107: 9&#8243; do 13&#8243;<\/li>\n<li>Bezpo\u015brednie mocowanie do szyny Picatinny<\/li>\n<li>Funkcja obracania do nier\u00f3wnego terenu<\/li>\n<li>G\u0142adkie nogi do \u0142atwego rozk\u0142adania<\/li>\n<li>Lekki, tylko 13.5 oz<\/li>\n<li>Wbudowany zaczep do paska no\u015bnego<\/li>\n<li>100% wyprodukowany w USA<\/li>\n<\/ul>\n<p>Wykonany z hartowanej stali i twardych stop\u00f3w, z gumowymi nasadkami na nogach i plastikow\u0105 ga\u0142k\u0105. Czarny anodowany wyko\u0144czenie zapewnia trwa\u0142o\u015b\u0107 i styl.<\/p>\n<p>Do\u015bwiadcz precyzji i stabilno\u015bci dzi\u0119ki temu wysokiej jako\u015bci dw\u00f3jnogowi, zaprojektowanemu dla powa\u017cnych strzelc\u00f3w, kt\u00f3rzy wymagaj\u0105 najlepszego.<\/p>\n<\/div>\n","protected":false},"excerpt":{"rendered":"<p>Wszechstronna podp\u00f3rka dwuno\u017cna o d\u0142ugo\u015bci 9-13 cali, obrotowa na nier\u00f3wnym terenie, ultralekkia, 13,5 uncji.<\/p>\n","protected":false},"featured_media":35226,"template":"","meta":{"_acf_changed":false},"product_brand":[12023],"product_cat":[12602,12623,12584],"product_tag":[],"class_list":{"0":"post-689001","1":"product","2":"type-product","3":"status-publish","4":"has-post-thumbnail","6":"product_brand-harris-bipods","7":"product_cat-dwojnogi","8":"product_cat-karabin","9":"product_cat-tuning-karabinowy","11":"first","12":"instock","13":"taxable","14":"shipping-taxable","15":"purchasable","16":"product-type-simple"},"acf":[],"_links":{"self":[{"href":"https:\/\/nbg.eu\/pl\/wp-json\/wp\/v2\/product\/689001","targetHints":{"allow":["GET"]}}],"collection":[{"href":"https:\/\/nbg.eu\/pl\/wp-json\/wp\/v2\/product"}],"about":[{"href":"https:\/\/nbg.eu\/pl\/wp-json\/wp\/v2\/types\/product"}],"wp:featuredmedia":[{"embeddable":true,"href":"https:\/\/nbg.eu\/pl\/wp-json\/wp\/v2\/media\/35226"}],"wp:attachment":[{"href":"https:\/\/nbg.eu\/pl\/wp-json\/wp\/v2\/media?parent=689001"}],"wp:term":[{"taxonomy":"product_brand","embeddable":true,"href":"https:\/\/nbg.eu\/pl\/wp-json\/wp\/v2\/product_brand?post=689001"},{"taxonomy":"product_cat","embeddable":true,"href":"https:\/\/nbg.eu\/pl\/wp-json\/wp\/v2\/product_cat?post=689001"},{"taxonomy":"product_tag","embeddable":true,"href":"https:\/\/nbg.eu\/pl\/wp-json\/wp\/v2\/product_tag?post=689001"}],"curies":[{"name":"wp","href":"https:\/\/api.w.org\/{rel}","templated":true}]}}