{"id":689022,"date":"2024-08-16T23:15:24","date_gmt":"2024-08-16T20:15:24","guid":{"rendered":"https:\/\/nbg.eu\/product\/buffer-wide-set-kmr\/"},"modified":"2026-05-13T15:10:42","modified_gmt":"2026-05-13T12:10:42","slug":"buffer-wide-set-kmr","status":"publish","type":"product","link":"https:\/\/nbg.eu\/pl\/produkt\/buffer-wide-set-kmr\/","title":{"rendered":"KMR Zestaw Szerokich Bufor\u00f3w"},"content":{"rendered":"<h2>BUFFER WIDE &#8211; ZESTAW KMR<\/h2>\n<p>Podnie\u015b wydajno\u015b\u0107 swojej pistoletu KMR za pomoc\u0105 BUFFER WIDE &#8211; ZESTAW KMR, premium system amortyzatora odrzutu zaprojektowany, aby poprawi\u0107 kontrol\u0119 i precyzj\u0119. Wykonane z wysokiej jako\u015bci materia\u0142\u00f3w, te amortyzatory dzia\u0142aj\u0105 razem, aby zmniejszy\u0107 odczuwalny odrzut, chroni\u0105c ram\u0119 przed uderzeniem \u015blizgu i umo\u017cliwiaj\u0105c precyzyjn\u0105 regulacj\u0119 pr\u0119dko\u015bci cyklu broni.<\/p>\n<p>Charakteryzuj\u0105cy si\u0119 unikalnym, szerokim projektem, BUFFER WIDE &#8211; ZESTAW KMR zapewnia doskona\u0142\u0105 absorpcj\u0119 energii, skutecznie t\u0142umi\u0105c si\u0142\u0119 wsteczn\u0105 ka\u017cdego strza\u0142u. Przek\u0142ada si\u0119 to na szybsze ponowne uzyskanie celu, lepsze rozmieszczenie kolejnych strza\u0142\u00f3w i zmniejszone zu\u017cycie krytycznych element\u00f3w.<\/p>\n<p>Dostosuj wydajno\u015b\u0107 swojego KMR za pomoc\u0105 do\u0142\u0105czonej selekcji ci\u0119\u017cark\u00f3w amortyzator\u00f3w, umo\u017cliwiaj\u0105c dostrojenie pr\u0119dko\u015bci cyklu do amunicji i stylu strzelania. Niezale\u017cnie od tego, czy jeste\u015b strzelcem sportowym szukaj\u0105cym konkurencyjnej przewagi, czy rekreacyjnym entuzjast\u0105 chc\u0105cym zmaksymalizowa\u0107 potencja\u0142 swojego KMR, BUFFER WIDE &#8211; ZESTAW KMR to idealna aktualizacja, kt\u00f3ra podniesie Twoje do\u015bwiadczenie.<\/p>\n<p>Podnie\u015b wydajno\u015b\u0107 swojego pistoletu KMR za pomoc\u0105 BUFFER WIDE &#8211; ZESTAW KMR, ostatecznego rozwi\u0105zania do zarz\u0105dzania odrzutem dla zawodowych strzelc\u00f3w i wymagaj\u0105cych w\u0142a\u015bcicieli.<\/p>\n","protected":false},"excerpt":{"rendered":"<p>Precyzyjnie obrobione buforowe do pistolet\u00f3w KMR, zmniejszaj\u0105ce odczuwany odrzut i dostrajaj\u0105ce pr\u0119dko\u015b\u0107 cyklu.<\/p>\n","protected":false},"featured_media":23646,"template":"","meta":{"_acf_changed":false},"product_brand":[11510],"product_cat":[12573],"product_tag":[],"class_list":{"0":"post-689022","1":"product","2":"type-product","3":"status-publish","4":"has-post-thumbnail","6":"product_brand-kmr-precision","7":"product_cat-czesci-kmr","9":"first","10":"instock","11":"taxable","12":"shipping-taxable","13":"product-type-simple"},"acf":[],"_links":{"self":[{"href":"https:\/\/nbg.eu\/pl\/wp-json\/wp\/v2\/product\/689022","targetHints":{"allow":["GET"]}}],"collection":[{"href":"https:\/\/nbg.eu\/pl\/wp-json\/wp\/v2\/product"}],"about":[{"href":"https:\/\/nbg.eu\/pl\/wp-json\/wp\/v2\/types\/product"}],"wp:featuredmedia":[{"embeddable":true,"href":"https:\/\/nbg.eu\/pl\/wp-json\/wp\/v2\/media\/23646"}],"wp:attachment":[{"href":"https:\/\/nbg.eu\/pl\/wp-json\/wp\/v2\/media?parent=689022"}],"wp:term":[{"taxonomy":"product_brand","embeddable":true,"href":"https:\/\/nbg.eu\/pl\/wp-json\/wp\/v2\/product_brand?post=689022"},{"taxonomy":"product_cat","embeddable":true,"href":"https:\/\/nbg.eu\/pl\/wp-json\/wp\/v2\/product_cat?post=689022"},{"taxonomy":"product_tag","embeddable":true,"href":"https:\/\/nbg.eu\/pl\/wp-json\/wp\/v2\/product_tag?post=689022"}],"curies":[{"name":"wp","href":"https:\/\/api.w.org\/{rel}","templated":true}]}}