{"id":689082,"date":"2025-03-06T13:06:02","date_gmt":"2025-03-06T10:06:02","guid":{"rendered":"https:\/\/nbg.eu\/product\/clawgear-m-lok-qd-mount\/"},"modified":"2026-05-13T15:10:02","modified_gmt":"2026-05-13T12:10:02","slug":"clawgear-m-lok-qd-mount","status":"publish","type":"product","link":"https:\/\/nbg.eu\/pl\/produkt\/clawgear-m-lok-qd-mount\/","title":{"rendered":"Clawgear M-LOK QD Mount"},"content":{"rendered":"<h2>Uchwyt Clawgear M-LOK QD: Bezpieczne, niezaczepne mocowanie pasa<\/h2>\n<p>Podnie\u015b poziom swojej broni palnej z uchwytem Clawgear M-LOK QD, zaprojektowanym z my\u015bl\u0105 o niezawodnej wydajno\u015bci i p\u0142ynnej integracji pasa. Wykonany z wysokiej jako\u015bci aluminium i wyko\u0144czony pow\u0142ok\u0105 anodowan\u0105 zgodn\u0105 ze standardami wojskowymi, ten niskoprofilowy uchwyt zapewnia wyj\u0105tkow\u0105 trwa\u0142o\u015b\u0107 i odporno\u015b\u0107 na korozj\u0119, gwarantuj\u0105c d\u0142ugotrwa\u0142\u0105 niezawodno\u015b\u0107 w terenie.<\/p>\n<p>Bezpo\u015brednie mocowanie M-LOK zapewnia bezpieczne, niezaczepne po\u0142\u0105czenie, a funkcja zapobiegaj\u0105ca obracaniu si\u0119 gwarantuje, \u017ce uchwyt na pas pozostanie na swoim miejscu, zapobiegaj\u0105c niechcianemu ruchowi lub przesuni\u0119ciu. Kompatybilny ze wszystkimi standardowymi uchwytami QD, uchwyt Clawgear M-LOK QD umo\u017cliwia szybkie i \u0142atwe mocowanie i od\u0142\u0105czanie pasa, usprawniaj\u0105c przej\u015bcia i poprawiaj\u0105c og\u00f3lne do\u015bwiadczenie strzeleckie.<\/p>\n<p>Czy to w wymagaj\u0105cych taktycznych scenariuszach, czy podczas wypraw w plener, uchwyt Clawgear M-LOK QD jest niezawodnym i wszechstronnym rozwi\u0105zaniem do mocowania pasa. Podnie\u015b wydajno\u015b\u0107 swojej broni palnej dzi\u0119ki tej wytrzyma\u0142ej i przyjaznej w obs\u0142udze akcesorii.<\/p>\n","protected":false},"excerpt":{"rendered":"<p>Wysokowytrzyma\u0142y aluminiowy uchwyt M-LOK QD o niskim profilu i konstrukcji odpornej na obr\u00f3t, przeznaczony do solidnego mocowania paska.<\/p>\n","protected":false},"featured_media":240603,"template":"","meta":{"_acf_changed":false},"product_brand":[11227],"product_cat":[12623,12559,12584],"product_tag":[],"class_list":{"0":"post-689082","1":"product","2":"type-product","3":"status-publish","4":"has-post-thumbnail","6":"product_brand-clawgear","7":"product_cat-karabin","8":"product_cat-przyczepy","9":"product_cat-tuning-karabinowy","11":"first","12":"outofstock","13":"taxable","14":"shipping-taxable","15":"purchasable","16":"product-type-simple"},"acf":[],"_links":{"self":[{"href":"https:\/\/nbg.eu\/pl\/wp-json\/wp\/v2\/product\/689082","targetHints":{"allow":["GET"]}}],"collection":[{"href":"https:\/\/nbg.eu\/pl\/wp-json\/wp\/v2\/product"}],"about":[{"href":"https:\/\/nbg.eu\/pl\/wp-json\/wp\/v2\/types\/product"}],"wp:featuredmedia":[{"embeddable":true,"href":"https:\/\/nbg.eu\/pl\/wp-json\/wp\/v2\/media\/240603"}],"wp:attachment":[{"href":"https:\/\/nbg.eu\/pl\/wp-json\/wp\/v2\/media?parent=689082"}],"wp:term":[{"taxonomy":"product_brand","embeddable":true,"href":"https:\/\/nbg.eu\/pl\/wp-json\/wp\/v2\/product_brand?post=689082"},{"taxonomy":"product_cat","embeddable":true,"href":"https:\/\/nbg.eu\/pl\/wp-json\/wp\/v2\/product_cat?post=689082"},{"taxonomy":"product_tag","embeddable":true,"href":"https:\/\/nbg.eu\/pl\/wp-json\/wp\/v2\/product_tag?post=689082"}],"curies":[{"name":"wp","href":"https:\/\/api.w.org\/{rel}","templated":true}]}}