{"id":689103,"date":"2025-03-03T22:26:47","date_gmt":"2025-03-03T19:26:47","guid":{"rendered":"https:\/\/nbg.eu\/product\/daa-3-piece-steel-die-set-223\/"},"modified":"2026-05-13T16:02:56","modified_gmt":"2026-05-13T13:02:56","slug":"daa-3-piece-steel-die-set-223","status":"publish","type":"product","link":"https:\/\/nbg.eu\/pl\/produkt\/daa-3-piece-steel-die-set-223\/","title":{"rendered":"DAA 3-Piece Steel Die Set .223"},"content":{"rendered":"<h2>Zestaw Trzycz\u0119\u015bciowych Stalowych Matryc .223 DAA<\/h2>\n<p>Podnie\u015b swoje do\u015bwiadczenie prze\u0142adowywania z wykorzystaniem Zestawu Trzycz\u0119\u015bciowych Stalowych Matryc .223 Akademii Double Alpha. Wykonany we wsp\u00f3\u0142pracy z Lee Precision, ten zestaw jest dostosowany do post\u0119powych prze\u0142adowywaczy karabin\u00f3w.<\/p>\n<ul>\n<li>Pe\u0142nowymiarowa matryca rozszerzaj\u0105ca dla niezawodnej pracy<\/li>\n<li>Matryca osadzania pocisk\u00f3w Dead Length dla precyzyjnego ustawienia<\/li>\n<li>Matryca typu Collet Style Factory Crimp dla ulepszonej wydajno\u015bci<\/li>\n<li>Zawiera 2 zapasowe szpilki dekompresyjne i 3 dodatkowe cienkie stalowe nakr\u0119tki zabezpieczaj\u0105ce 1&#8243; DAA<\/li>\n<li>Do\u0142\u0105czono niestandardowe etui EVA<\/li>\n<\/ul>\n<p>Oddzielne matrycy kalibrowania i osadzania zapewniaj\u0105 optymalne wyniki bez uszkodzenia \u0142usek. Ciesz si\u0119 precyzj\u0105 amunicji fabrycznej z elastyczno\u015bci\u0105 \u0142adowania r\u0119cznego. Idealne zar\u00f3wno dla do\u015bwiadczonych, jak i pocz\u0105tkuj\u0105cych prze\u0142adowywaczy.<\/p>\n<p>Ulepsz sw\u00f3j zestaw prze\u0142adowywania ju\u017c dzi\u015b z wykorzystaniem wysokiej jako\u015bci zestawu matryc DAA!<\/p>\n","protected":false},"excerpt":{"rendered":"<p>Precyzyjny zestaw do prze\u0142adowywania .223: Pe\u0142nowymiarowe matryce kalibrow\u0105ce, usadzaj\u0105ce i zaciskaj\u0105ce. Wykonany przez Lee.<\/p>\n","protected":false},"featured_media":235723,"template":"","meta":{"_acf_changed":false},"product_brand":[11278],"product_cat":[12598,12609],"product_tag":[],"class_list":{"0":"post-689103","1":"product","2":"type-product","3":"status-publish","4":"has-post-thumbnail","6":"product_brand-doublealpha","7":"product_cat-akcesoria-do-przeladowania","8":"product_cat-przeladownictwo","10":"first","11":"instock","12":"taxable","13":"shipping-taxable","14":"purchasable","15":"product-type-simple"},"acf":[],"_links":{"self":[{"href":"https:\/\/nbg.eu\/pl\/wp-json\/wp\/v2\/product\/689103","targetHints":{"allow":["GET"]}}],"collection":[{"href":"https:\/\/nbg.eu\/pl\/wp-json\/wp\/v2\/product"}],"about":[{"href":"https:\/\/nbg.eu\/pl\/wp-json\/wp\/v2\/types\/product"}],"wp:featuredmedia":[{"embeddable":true,"href":"https:\/\/nbg.eu\/pl\/wp-json\/wp\/v2\/media\/235723"}],"wp:attachment":[{"href":"https:\/\/nbg.eu\/pl\/wp-json\/wp\/v2\/media?parent=689103"}],"wp:term":[{"taxonomy":"product_brand","embeddable":true,"href":"https:\/\/nbg.eu\/pl\/wp-json\/wp\/v2\/product_brand?post=689103"},{"taxonomy":"product_cat","embeddable":true,"href":"https:\/\/nbg.eu\/pl\/wp-json\/wp\/v2\/product_cat?post=689103"},{"taxonomy":"product_tag","embeddable":true,"href":"https:\/\/nbg.eu\/pl\/wp-json\/wp\/v2\/product_tag?post=689103"}],"curies":[{"name":"wp","href":"https:\/\/api.w.org\/{rel}","templated":true}]}}