{"id":689223,"date":"2024-08-18T11:35:41","date_gmt":"2024-08-18T08:35:41","guid":{"rendered":"https:\/\/nbg.eu\/product\/ejector-sa-da-kmr\/"},"modified":"2026-05-13T15:09:49","modified_gmt":"2026-05-13T12:09:49","slug":"ejector-sa-da-kmr","status":"publish","type":"product","link":"https:\/\/nbg.eu\/pl\/produkt\/ejector-sa-da-kmr\/","title":{"rendered":"KMR Wyrzutnik SA\/DA"},"content":{"rendered":"<h2>Wyrzutnik SA\/DA KMR dla Broni KMR<\/h2>\n<p>Wyrzutnik SA\/DA KMR jest wszechstronnym i niezawodnym akcesorium przeznaczonym do u\u017cytku z r\u00f3\u017cnymi modelami Broni KMR. Posiada mechanizm pojedynczego dzia\u0142ania (SA) i podw\u00f3jnego dzia\u0142ania (DA), zapewniaj\u0105c u\u017cytkownikom zwi\u0119kszon\u0105 elastyczno\u015b\u0107 i kontrol\u0119 podczas obs\u0142ugi. Kompatybilny z nast\u0119puj\u0105cymi modelami:<\/p>\n<ul>\n<li>KMR L-02 EMIQ<\/li>\n<li>KMR L-02 EMIQ (OR)<\/li>\n<li>KMR L-02 ORCA OD 2024<\/li>\n<li>KMR L-02 ORCA DO 2023<\/li>\n<li>KMR L-02 SPECTRA OD 2024<\/li>\n<li>KMR L-02 SPECTRA DO 2023<\/li>\n<li>KMR L-02 UMBRA (OR) SR<\/li>\n<li>KMR W-02 CUDA (OR)<\/li>\n<li>KMR W-02 UMBRA<\/li>\n<li>KMR W-02 UMBRA (OR)<\/li>\n<\/ul>\n<p>Numer referencyjny 1060-00701-0401<\/p>\n","protected":false},"excerpt":{"rendered":"<p>Wyrzutnik SA\/DA KMR &#8211; niezawodny i wszechstronny akcesorium broni do KMR.<\/p>\n","protected":false},"featured_media":25690,"template":"","meta":{"_acf_changed":false},"product_brand":[11510],"product_cat":[12573],"product_tag":[],"class_list":{"0":"post-689223","1":"product","2":"type-product","3":"status-publish","4":"has-post-thumbnail","6":"product_brand-kmr-precision","7":"product_cat-czesci-kmr","9":"first","10":"instock","11":"taxable","12":"shipping-taxable","13":"product-type-simple"},"acf":[],"_links":{"self":[{"href":"https:\/\/nbg.eu\/pl\/wp-json\/wp\/v2\/product\/689223","targetHints":{"allow":["GET"]}}],"collection":[{"href":"https:\/\/nbg.eu\/pl\/wp-json\/wp\/v2\/product"}],"about":[{"href":"https:\/\/nbg.eu\/pl\/wp-json\/wp\/v2\/types\/product"}],"wp:featuredmedia":[{"embeddable":true,"href":"https:\/\/nbg.eu\/pl\/wp-json\/wp\/v2\/media\/25690"}],"wp:attachment":[{"href":"https:\/\/nbg.eu\/pl\/wp-json\/wp\/v2\/media?parent=689223"}],"wp:term":[{"taxonomy":"product_brand","embeddable":true,"href":"https:\/\/nbg.eu\/pl\/wp-json\/wp\/v2\/product_brand?post=689223"},{"taxonomy":"product_cat","embeddable":true,"href":"https:\/\/nbg.eu\/pl\/wp-json\/wp\/v2\/product_cat?post=689223"},{"taxonomy":"product_tag","embeddable":true,"href":"https:\/\/nbg.eu\/pl\/wp-json\/wp\/v2\/product_tag?post=689223"}],"curies":[{"name":"wp","href":"https:\/\/api.w.org\/{rel}","templated":true}]}}