{"id":689304,"date":"2024-08-18T11:36:41","date_gmt":"2024-08-18T08:36:41","guid":{"rendered":"https:\/\/nbg.eu\/product\/extractor-9x19-kmr\/"},"modified":"2026-05-13T16:01:57","modified_gmt":"2026-05-13T13:01:57","slug":"extractor-9x19-kmr","status":"publish","type":"product","link":"https:\/\/nbg.eu\/pl\/produkt\/extractor-9x19-kmr\/","title":{"rendered":"KMR Wyci\u0105g 9&#215;19"},"content":{"rendered":"<h2>KMR Precision Extractor \u2013 9x19mm<\/h2>\n<p>Ten precyzyjnie zaprojektowany ekstraktor to kluczowa cz\u0119\u015b\u0107 zamienna zaprojektowana specjalnie do pistolet\u00f3w KMR 9x19mm. Wykonany, aby wytrzyma\u0107 trudy intensywnej strzeleckiej konkurencji, zapewnia on niezawodne usuwanie zu\u017cytych \u0142usek 9mm z komory po ka\u017cdym strzale.<\/p>\n<h3>Techniczna Doskona\u0142o\u015b\u0107:<\/h3>\n<ul>\n<li><strong>Zoptymalizowany dla 9x19mm:<\/strong> Specjalnie dostrojony do wymiar\u00f3w denka amunicji 9mm Luger, aby zapewni\u0107 maksymalne zaanga\u017cowanie i niezawodno\u015b\u0107.<\/li>\n<li><strong>Wysokiej Jako\u015bci Stal:<\/strong> Obrobiony z premium, zahartowanej stali, aby zapobiec zu\u017cywaniu si\u0119 zaczep\u00f3w i wytrzyma\u0107 wysokie si\u0142y uderzenia cyklu zamka.<\/li>\n<li><strong>Zgodno\u015b\u0107 OEM:<\/strong> Bezpo\u015brednia wymiana na modele KMR takie jak L-02 i W-02, gwarantuj\u0105ca idealne fabryczne dopasowanie.<\/li>\n<li><strong>Sta\u0142a Wydajno\u015b\u0107:<\/strong> Wyspecjalizowana geometria zaczep\u00f3w minimalizuje awarie &#8222;Nieza\u0142adowania&#8221; (FTE), nawet podczas szybkiego ognia.<\/li>\n<\/ul>\n<p>Utrzymuj konkurencyjn\u0105 przewag\u0119 swojego pistoletu, zapewniaj\u0105c, \u017ce system ekstrakcji jest w najlepszej kondycji. Ta oryginalna cz\u0119\u015b\u0107 KMR jest niezb\u0119dna dla ka\u017cdego strzelca, kt\u00f3ry wymaga 100% niezawodno\u015bci na strzelnicy lub podczas zawod\u00f3w.<\/p>\n","protected":false},"excerpt":{"rendered":"<p>1080-00301-0400<\/p>\n","protected":false},"featured_media":25713,"template":"","meta":{"_acf_changed":false},"product_brand":[11510],"product_cat":[12573],"product_tag":[],"class_list":{"0":"post-689304","1":"product","2":"type-product","3":"status-publish","4":"has-post-thumbnail","6":"product_brand-kmr-precision","7":"product_cat-czesci-kmr","9":"first","10":"instock","11":"taxable","12":"shipping-taxable","13":"product-type-simple"},"acf":[],"_links":{"self":[{"href":"https:\/\/nbg.eu\/pl\/wp-json\/wp\/v2\/product\/689304","targetHints":{"allow":["GET"]}}],"collection":[{"href":"https:\/\/nbg.eu\/pl\/wp-json\/wp\/v2\/product"}],"about":[{"href":"https:\/\/nbg.eu\/pl\/wp-json\/wp\/v2\/types\/product"}],"wp:featuredmedia":[{"embeddable":true,"href":"https:\/\/nbg.eu\/pl\/wp-json\/wp\/v2\/media\/25713"}],"wp:attachment":[{"href":"https:\/\/nbg.eu\/pl\/wp-json\/wp\/v2\/media?parent=689304"}],"wp:term":[{"taxonomy":"product_brand","embeddable":true,"href":"https:\/\/nbg.eu\/pl\/wp-json\/wp\/v2\/product_brand?post=689304"},{"taxonomy":"product_cat","embeddable":true,"href":"https:\/\/nbg.eu\/pl\/wp-json\/wp\/v2\/product_cat?post=689304"},{"taxonomy":"product_tag","embeddable":true,"href":"https:\/\/nbg.eu\/pl\/wp-json\/wp\/v2\/product_tag?post=689304"}],"curies":[{"name":"wp","href":"https:\/\/api.w.org\/{rel}","templated":true}]}}