{"id":689316,"date":"2024-08-17T15:16:22","date_gmt":"2024-08-17T12:16:22","guid":{"rendered":"https:\/\/nbg.eu\/product\/extractor-pin-22-lr-2x10-kmr\/"},"modified":"2026-05-13T16:02:12","modified_gmt":"2026-05-13T13:02:12","slug":"extractor-pin-22-lr-2x10-kmr","status":"publish","type":"product","link":"https:\/\/nbg.eu\/pl\/produkt\/extractor-pin-22-lr-2x10-kmr\/","title":{"rendered":"KMR Trzpie\u0144 Wyci\u0105gu .22 LR 2&#215;10"},"content":{"rendered":"<h2>Ekstraktor Pinu 22 Lr 2X10 KMR &#8211; Precyzyjny punkt obrotu dla niezawodnej ekstrakcji<\/h2>\n<p>Zaprojektowany dla platformy karabinka .22 LR KMR, Ekstraktor Pinu 22 Lr 2X10 KMR zapewnia krytyczny punkt obrotu dla mechanizmu ekstraktora, aby dzia\u0142a\u0142 on niezawodnie. Wykonany z hartowanej stali, ten precyzyjnie wymiarowany pin (2x10mm) zapewnia sta\u0142e napi\u0119cie i zapobiega przesuwaniu si\u0119 lub \u015bcinaniu pinu podczas szybkiego ognia, zapewniaj\u0105c, \u017ce tw\u00f3j pistolet KMR b\u0119dzie wyrzuca\u0107 zu\u017cyte \u0142uski z niezawodn\u0105 pewno\u015bci\u0105.<\/p>\n<p>Ekstraktor Pinu 22 Lr 2X10 KMR jest niezb\u0119dnym elementem do utrzymania optymalnej wydajno\u015bci twojego .22 LR KMR. Jego solidna konstrukcja i staranna budowa dostarczaj\u0105 wsparcia dla punktu obrotu, potrzebne do utrzymania prawid\u0142owego dzia\u0142ania twojego ekstraktora, strza\u0142 po strzale. Czy to strzelanie na cele, plinking czy rywalizacja, ten pin ekstraktora jest nieocenion\u0105 modernizacj\u0105, kt\u00f3ra zapewni, \u017ce tw\u00f3j pistolet KMR b\u0119dzie dzia\u0142a\u0142 na szczycie swoich mo\u017cliwo\u015bci.<\/p>\n<p>Ulepsz sw\u00f3j .22 LR KMR Ekstrraktorem Pinu 22 Lr 2X10 KMR i do\u015bwiadcz pewno\u015bci niezawodnego, wysokiej jako\u015bci punktu obrotu, kt\u00f3ry utrzyma tw\u00f3j ekstraktor dzia\u0142aj\u0105cy z precyzj\u0105 i konsekwencj\u0105. Zainwestuj w szczeg\u00f3\u0142y, kt\u00f3re maj\u0105 znaczenie i ciesz si\u0119 spokojem, kt\u00f3ry daje bro\u0144, kt\u00f3ra wyrzuca \u0142uski z niezawodn\u0105 pewno\u015bci\u0105.<\/p>\n","protected":false},"excerpt":{"rendered":"<p>Precyzyjny mimo\u015brodowy ko\u0142ek wyci\u0105gowy 2&#215;10 mm do pistolet\u00f3w .22 LR KMR; konstrukcja ze stali hartowanej.<\/p>\n","protected":false},"featured_media":24069,"template":"","meta":{"_acf_changed":false},"product_brand":[11510],"product_cat":[12573],"product_tag":[],"class_list":{"0":"post-689316","1":"product","2":"type-product","3":"status-publish","4":"has-post-thumbnail","6":"product_brand-kmr-precision","7":"product_cat-czesci-kmr","9":"first","10":"instock","11":"taxable","12":"shipping-taxable","13":"product-type-simple"},"acf":[],"_links":{"self":[{"href":"https:\/\/nbg.eu\/pl\/wp-json\/wp\/v2\/product\/689316","targetHints":{"allow":["GET"]}}],"collection":[{"href":"https:\/\/nbg.eu\/pl\/wp-json\/wp\/v2\/product"}],"about":[{"href":"https:\/\/nbg.eu\/pl\/wp-json\/wp\/v2\/types\/product"}],"wp:featuredmedia":[{"embeddable":true,"href":"https:\/\/nbg.eu\/pl\/wp-json\/wp\/v2\/media\/24069"}],"wp:attachment":[{"href":"https:\/\/nbg.eu\/pl\/wp-json\/wp\/v2\/media?parent=689316"}],"wp:term":[{"taxonomy":"product_brand","embeddable":true,"href":"https:\/\/nbg.eu\/pl\/wp-json\/wp\/v2\/product_brand?post=689316"},{"taxonomy":"product_cat","embeddable":true,"href":"https:\/\/nbg.eu\/pl\/wp-json\/wp\/v2\/product_cat?post=689316"},{"taxonomy":"product_tag","embeddable":true,"href":"https:\/\/nbg.eu\/pl\/wp-json\/wp\/v2\/product_tag?post=689316"}],"curies":[{"name":"wp","href":"https:\/\/api.w.org\/{rel}","templated":true}]}}