{"id":689402,"date":"2024-08-17T17:59:06","date_gmt":"2024-08-17T14:59:06","guid":{"rendered":"https:\/\/nbg.eu\/product\/extractor-spring-kmr-s\/"},"modified":"2026-05-13T16:02:41","modified_gmt":"2026-05-13T13:02:41","slug":"extractor-spring-kmr-s","status":"publish","type":"product","link":"https:\/\/nbg.eu\/pl\/produkt\/extractor-spring-kmr-s\/","title":{"rendered":"KMR Spr\u0119\u017cyna Wyci\u0105gu S"},"content":{"rendered":"<h2>Spr\u0119\u017cyna wyci\u0105gowa KMR S: Precyzyjnie zaprojektowana dla optymalnej wydajno\u015bci broni<\/h2>\n<p>Spr\u0119\u017cyna wyci\u0105gowa to starannie zaprojektowany element, zaprojektowany w celu zapewnienia wyj\u0105tkowej wydajno\u015bci i niezawodno\u015bci w r\u00f3\u017cnych systemach broni KMR.<\/p>\n<p>Zaprojektowana z my\u015bl\u0105 o precyzji i trwa\u0142o\u015bci, ta spr\u0119\u017cyna odgrywa kluczow\u0105 rol\u0119 w p\u0142ynnym i niezawodnym dzia\u0142aniu tych zaawansowanych system\u00f3w broni. Jej starannie skalibrowany projekt zapewnia sta\u0142e i niezawodne wyci\u0105ganie, umo\u017cliwiaj\u0105c u\u017cytkownikom zaufanie ich sprz\u0119towi w najbardziej wymagaj\u0105cych sytuacjach.<\/p>\n<p>Dla broni KMR:<\/p>\n<p>KMR S-01 LANCE (OR)<\/p>\n<p>KMR S-02 10 (OR) SR ADA<\/p>\n<p>KMR S-02 75 (OR) SR ADA<\/p>\n<p>KMR S-02 OD 2024<\/p>\n<p>KMR S-02 SH1 (OR) SR ADA<\/p>\n<p>KMR S-02 SH2 (OR) SR ADA<\/p>\n<p>KMR S-02 TS (OR) SR ADA<\/p>\n<p>KMR S-02 DO 2023<\/p>\n","protected":false},"excerpt":{"rendered":"<p>Spr\u0119\u017cyna wyci\u0105gaj\u0105ca dla r\u00f3\u017cnej broni KMR, kompatybilna od 2024 roku.<\/p>\n","protected":false},"featured_media":24761,"template":"","meta":{"_acf_changed":false},"product_brand":[11510],"product_cat":[12573,12591],"product_tag":[],"class_list":{"0":"post-689402","1":"product","2":"type-product","3":"status-publish","4":"has-post-thumbnail","6":"product_brand-kmr-precision","7":"product_cat-czesci-kmr","8":"product_cat-sprezyny","10":"first","11":"instock","12":"taxable","13":"shipping-taxable","14":"product-type-simple"},"acf":[],"_links":{"self":[{"href":"https:\/\/nbg.eu\/pl\/wp-json\/wp\/v2\/product\/689402","targetHints":{"allow":["GET"]}}],"collection":[{"href":"https:\/\/nbg.eu\/pl\/wp-json\/wp\/v2\/product"}],"about":[{"href":"https:\/\/nbg.eu\/pl\/wp-json\/wp\/v2\/types\/product"}],"wp:featuredmedia":[{"embeddable":true,"href":"https:\/\/nbg.eu\/pl\/wp-json\/wp\/v2\/media\/24761"}],"wp:attachment":[{"href":"https:\/\/nbg.eu\/pl\/wp-json\/wp\/v2\/media?parent=689402"}],"wp:term":[{"taxonomy":"product_brand","embeddable":true,"href":"https:\/\/nbg.eu\/pl\/wp-json\/wp\/v2\/product_brand?post=689402"},{"taxonomy":"product_cat","embeddable":true,"href":"https:\/\/nbg.eu\/pl\/wp-json\/wp\/v2\/product_cat?post=689402"},{"taxonomy":"product_tag","embeddable":true,"href":"https:\/\/nbg.eu\/pl\/wp-json\/wp\/v2\/product_tag?post=689402"}],"curies":[{"name":"wp","href":"https:\/\/api.w.org\/{rel}","templated":true}]}}