{"id":689455,"date":"2024-08-17T15:26:35","date_gmt":"2024-08-17T12:26:35","guid":{"rendered":"https:\/\/nbg.eu\/product\/fiber-optic-front-sight-kmr-625xd1x3-red\/"},"modified":"2026-05-13T16:03:18","modified_gmt":"2026-05-13T13:03:18","slug":"fiber-optic-front-sight-kmr-625xd1x3-red","status":"publish","type":"product","link":"https:\/\/nbg.eu\/pl\/produkt\/fiber-optic-front-sight-kmr-625xd1x3-red\/","title":{"rendered":"KMR Muszka \u015awiat\u0142owodowa 6.25xD1x3 Czerwona"},"content":{"rendered":"<h2>Ulepsz celownik swojej broni dzi\u0119ki FIBEROOPTYCZNEMU PRZEDNIEGO CELOWNIKOWI KMR 6,25xD1x3 CZERWONY<\/h2>\n<p>Wymiary celownika 6,25 x D1 x 3 sprawiaj\u0105, \u017ce jest on idealnie dopasowany do Twojej broni, zapewniaj\u0105c p\u0142ynn\u0105 integracj\u0119 bez naruszania og\u00f3lnego projektu. Solidna konstrukcja i trwa\u0142e materia\u0142y u\u017cyte w jego produkcji gwarantuj\u0105 d\u0142ugotrwa\u0142\u0105 wydajno\u015b\u0107, nawet w wymagaj\u0105cych warunkach.<\/p>\n<p>Czy to w trakcie dzia\u0142a\u0144 taktycznych, strzelania sportowego czy rekreacyjnego, fiberooptyczny przedni CELOWNIK podniesie Twoje mo\u017cliwo\u015bci celowania i da Ci potrzebn\u0105 przewag\u0119. Zaufaj temu niezawodnemu i wysokiej jako\u015bci akcesorium, aby zwi\u0119kszy\u0107 precyzj\u0119 i dok\u0142adno\u015b\u0107 Twojej broni.<\/p>\n<p>Dla Broni KMR:<\/p>\n<p>KMR L-02 ORCA DO 2023<\/p>\n<p>KMR W-02 UMBRA<\/p>\n<p>Numer referencyjny: 0501-04605-0001<\/p>\n","protected":false},"excerpt":{"rendered":"<p>\u015awiat\u0142owodowa muszka przednia do broni KMR, 6,25xD1x3, czerwona.<\/p>\n","protected":false},"featured_media":24138,"template":"","meta":{"_acf_changed":false},"product_brand":[11510],"product_cat":[12573],"product_tag":[],"class_list":{"0":"post-689455","1":"product","2":"type-product","3":"status-publish","4":"has-post-thumbnail","6":"product_brand-kmr-precision","7":"product_cat-czesci-kmr","9":"first","10":"instock","11":"taxable","12":"shipping-taxable","13":"product-type-simple"},"acf":[],"_links":{"self":[{"href":"https:\/\/nbg.eu\/pl\/wp-json\/wp\/v2\/product\/689455","targetHints":{"allow":["GET"]}}],"collection":[{"href":"https:\/\/nbg.eu\/pl\/wp-json\/wp\/v2\/product"}],"about":[{"href":"https:\/\/nbg.eu\/pl\/wp-json\/wp\/v2\/types\/product"}],"wp:featuredmedia":[{"embeddable":true,"href":"https:\/\/nbg.eu\/pl\/wp-json\/wp\/v2\/media\/24138"}],"wp:attachment":[{"href":"https:\/\/nbg.eu\/pl\/wp-json\/wp\/v2\/media?parent=689455"}],"wp:term":[{"taxonomy":"product_brand","embeddable":true,"href":"https:\/\/nbg.eu\/pl\/wp-json\/wp\/v2\/product_brand?post=689455"},{"taxonomy":"product_cat","embeddable":true,"href":"https:\/\/nbg.eu\/pl\/wp-json\/wp\/v2\/product_cat?post=689455"},{"taxonomy":"product_tag","embeddable":true,"href":"https:\/\/nbg.eu\/pl\/wp-json\/wp\/v2\/product_tag?post=689455"}],"curies":[{"name":"wp","href":"https:\/\/api.w.org\/{rel}","templated":true}]}}