{"id":689501,"date":"2024-09-18T14:15:05","date_gmt":"2024-09-18T11:15:05","guid":{"rendered":"https:\/\/nbg.eu\/product\/fiber-optic-front-sight-kmr-675xd1x3-red\/"},"modified":"2026-05-13T16:02:28","modified_gmt":"2026-05-13T13:02:28","slug":"fiber-optic-front-sight-kmr-675xd1x3-red","status":"publish","type":"product","link":"https:\/\/nbg.eu\/pl\/produkt\/fiber-optic-front-sight-kmr-675xd1x3-red\/","title":{"rendered":"KMR Muszka \u015awiat\u0142owodowa 6.75xD1x3 Czerwona"},"content":{"rendered":"<h2>Zwi\u0119ksz celno\u015b\u0107 broni za pomoc\u0105 CELOWNIKA PRZEDNIEGO Z W\u0141\u00d3KNA OPTYCZNEGO KMR 6,75xD1x3 CZERWONY<\/h2>\n<p>Zaprojektowany z my\u015bl\u0105 o optymalnej wydajno\u015bci, CELOWNIK PRZEDNI Z W\u0141\u00d3KNA OPTYCZNEGO KMR 6,75xD1x3 CZERWONY to doskona\u0142e uzupe\u0142nienie broni KMR. Ten wysokiej jako\u015bci celownik posiada konstrukcj\u0119 z w\u0142\u00f3kna optycznego, kt\u00f3ra zapewnia zwi\u0119kszon\u0105 widoczno\u015b\u0107 i \u0142atwiejsze celowanie, nawet w warunkach s\u0142abego o\u015bwietlenia.<\/p>\n<p>CELOWNIK PRZEDNI Z W\u0141\u00d3KNA OPTYCZNEGO KMR 6,75xD1x3 CZERWONY charakteryzuje si\u0119 kompaktow\u0105 i op\u0142ywow\u0105 konstrukcj\u0105, umo\u017cliwiaj\u0105c \u0142atwy monta\u017c i bezproblemow\u0105 integracj\u0119 z broni\u0105. Jego czerwona wk\u0142adka z w\u0142\u00f3kna optycznego zapewnia wyra\u017any i dobrze widoczny obraz celownika, u\u0142atwiaj\u0105c dok\u0142adne i szybkie namierzanie celu.<\/p>\n<p>Zwi\u0119ksz celno\u015b\u0107 i wydajno\u015b\u0107 swojej broni dzi\u0119ki CELOWNIKOWI PRZEDNIEMU Z W\u0141\u00d3KNA OPTYCZNEGO KMR 6,75xD1x3 CZERWONY. Ulepsz swoj\u0105 bro\u0144 KMR ju\u017c dzi\u015b i do\u015bwiadcz r\u00f3\u017cnicy, jak\u0105 mo\u017ce zrobi\u0107 ten wyj\u0105tkowy celownik.<\/p>\n","protected":false},"excerpt":{"rendered":"<p>W\u0142\u00f3knowy optyczny muszka do modeli broni KMR, 6,75x1x3 czerwona.<\/p>\n","protected":false},"featured_media":24161,"template":"","meta":{"_acf_changed":false},"product_brand":[11510],"product_cat":[12573],"product_tag":[],"class_list":{"0":"post-689501","1":"product","2":"type-product","3":"status-publish","4":"has-post-thumbnail","6":"product_brand-kmr-precision","7":"product_cat-czesci-kmr","9":"first","10":"instock","11":"taxable","12":"shipping-taxable","13":"product-type-simple"},"acf":[],"_links":{"self":[{"href":"https:\/\/nbg.eu\/pl\/wp-json\/wp\/v2\/product\/689501","targetHints":{"allow":["GET"]}}],"collection":[{"href":"https:\/\/nbg.eu\/pl\/wp-json\/wp\/v2\/product"}],"about":[{"href":"https:\/\/nbg.eu\/pl\/wp-json\/wp\/v2\/types\/product"}],"wp:featuredmedia":[{"embeddable":true,"href":"https:\/\/nbg.eu\/pl\/wp-json\/wp\/v2\/media\/24161"}],"wp:attachment":[{"href":"https:\/\/nbg.eu\/pl\/wp-json\/wp\/v2\/media?parent=689501"}],"wp:term":[{"taxonomy":"product_brand","embeddable":true,"href":"https:\/\/nbg.eu\/pl\/wp-json\/wp\/v2\/product_brand?post=689501"},{"taxonomy":"product_cat","embeddable":true,"href":"https:\/\/nbg.eu\/pl\/wp-json\/wp\/v2\/product_cat?post=689501"},{"taxonomy":"product_tag","embeddable":true,"href":"https:\/\/nbg.eu\/pl\/wp-json\/wp\/v2\/product_tag?post=689501"}],"curies":[{"name":"wp","href":"https:\/\/api.w.org\/{rel}","templated":true}]}}