{"id":689720,"date":"2024-08-16T23:19:33","date_gmt":"2024-08-16T20:19:33","guid":{"rendered":"https:\/\/nbg.eu\/product\/firing-pin-plate-kmr\/"},"modified":"2026-05-13T16:03:19","modified_gmt":"2026-05-13T13:03:19","slug":"firing-pin-plate-kmr","status":"publish","type":"product","link":"https:\/\/nbg.eu\/pl\/produkt\/firing-pin-plate-kmr\/","title":{"rendered":"KMR P\u0142ytka Iglicy"},"content":{"rendered":"<h2>P\u0142ytka zatrzymuj\u0105ca spust do pistolet\u00f3w KMR<\/h2>\n<p>Zapewnij integralno\u015b\u0107 strukturaln\u0105 i bezpieczne blokowanie spustu i system\u00f3w wyci\u0105gacza w twoim pistolecie KMR za pomoc\u0105 naszej precyzyjnie obrabianej P\u0142ytki zatrzymuj\u0105cej spust. Wykonana z wysokowytrzyma\u0142ej stali i posiadaj\u0105ca dok\u0142adn\u0105 geometri\u0119 dla \u015blizg\u00f3w KMR, ta cz\u0119\u015b\u0107 jest zbudowana, aby wytrzyma\u0107 trudne warunki u\u017cytkowania.<\/p>\n<p>P\u0142ytka zatrzymuj\u0105ca spust pewnie mocuje spust i spr\u0119\u017cyn\u0119, a tak\u017ce pe\u0142ni rol\u0119 tylnego ogranicznika dla wyci\u0105gacza. Takie rozwi\u0105zanie zapewnia, \u017ce spust pozostaje we w\u0142a\u015bciwej pozycji dla sta\u0142ego zap\u0142onu i zapobiega przesuwaniu si\u0119 wewn\u0119trznych cz\u0119\u015bci podczas odrzutu. Odporna na uderzenia pow\u0142oka zapewnia dodatkow\u0105 ochron\u0119, daj\u0105c ci pewno\u015b\u0107, \u017ce mo\u017cesz wykorzystywa\u0107 pe\u0142ni\u0119 mo\u017cliwo\u015bci swojego pistoletu KMR.<\/p>\n<p>Czy jeste\u015b entuzjast\u0105 strzelectwa, zawodnikiem, czy po prostu wymagasz najwy\u017cszego poziomu niezawodno\u015bci od swojej broni, P\u0142ytka zatrzymuj\u0105ca spust jest niezb\u0119dn\u0105 aktualizacj\u0105 dla twojego pistoletu KMR. Do\u015bwiadcz spokoju ducha, wiedz\u0105c, \u017ce twoje wewn\u0119trzne komponenty s\u0105 na swoim miejscu, gotowe do pracy, kiedy b\u0119dziesz ich potrzebowa\u0107 najbardziej.<\/p>\n","protected":false},"excerpt":{"rendered":"<p>Precyzyjnie obrobiona p\u0142ytka blokuj\u0105ca spust zapewniaj\u0105ca bezpieczne dzia\u0142anie pistoletu KMR.<\/p>\n","protected":false},"featured_media":31944,"template":"","meta":{"_acf_changed":false},"product_brand":[11510],"product_cat":[12573,14775],"product_tag":[],"class_list":{"0":"post-689720","1":"product","2":"type-product","3":"status-publish","4":"has-post-thumbnail","6":"product_brand-kmr-precision","7":"product_cat-czesci-kmr","8":"product_cat-iglice","10":"first","11":"instock","12":"taxable","13":"shipping-taxable","14":"product-type-simple"},"acf":[],"_links":{"self":[{"href":"https:\/\/nbg.eu\/pl\/wp-json\/wp\/v2\/product\/689720","targetHints":{"allow":["GET"]}}],"collection":[{"href":"https:\/\/nbg.eu\/pl\/wp-json\/wp\/v2\/product"}],"about":[{"href":"https:\/\/nbg.eu\/pl\/wp-json\/wp\/v2\/types\/product"}],"wp:featuredmedia":[{"embeddable":true,"href":"https:\/\/nbg.eu\/pl\/wp-json\/wp\/v2\/media\/31944"}],"wp:attachment":[{"href":"https:\/\/nbg.eu\/pl\/wp-json\/wp\/v2\/media?parent=689720"}],"wp:term":[{"taxonomy":"product_brand","embeddable":true,"href":"https:\/\/nbg.eu\/pl\/wp-json\/wp\/v2\/product_brand?post=689720"},{"taxonomy":"product_cat","embeddable":true,"href":"https:\/\/nbg.eu\/pl\/wp-json\/wp\/v2\/product_cat?post=689720"},{"taxonomy":"product_tag","embeddable":true,"href":"https:\/\/nbg.eu\/pl\/wp-json\/wp\/v2\/product_tag?post=689720"}],"curies":[{"name":"wp","href":"https:\/\/api.w.org\/{rel}","templated":true}]}}