{"id":689743,"date":"2024-08-17T15:11:05","date_gmt":"2024-08-17T12:11:05","guid":{"rendered":"https:\/\/nbg.eu\/product\/firing-pin-3x16-kmr\/"},"modified":"2026-05-13T16:02:51","modified_gmt":"2026-05-13T13:02:51","slug":"firing-pin-3x16-kmr","status":"publish","type":"product","link":"https:\/\/nbg.eu\/pl\/produkt\/firing-pin-3x16-kmr\/","title":{"rendered":"KMR Ko\u0142ek Zabezpieczaj\u0105cy Iglicy 3&#215;16 S-02"},"content":{"rendered":"<h2>Trzypinowy 3X16 KMR: Niezawodno\u015b\u0107 zap\u0142onu zaprojektowana dla strzelectwa sportowego<\/h2>\n<p>Zaprojektowany do wymaga\u0144 strzelectwa sportowego, Trzypinowy 3X16 KMR dostarcza niekompromisow\u0105 niezawodno\u015b\u0107 zap\u0142onu i odporno\u015b\u0107 na uderzenia. Precyzyjnie obrobiony do wymiar\u00f3w 3&#215;16 mm z wysokiej jako\u015bci utwardzonej stali, ten trzypinowy jest zaprojektowany, aby wytrzyma\u0107 powtarzane obci\u0105\u017cenia mechaniczne szybkostrzelnego ognia bez deformacji lub \u015bcinania czubka.<\/p>\n<p>Sta\u0142e, wy\u015brodkowane uderzenia sp\u0142onki zapobiegaj\u0105 lekkim uderzeniom lub niewypa\u0142om, zapewniaj\u0105c niezawodny zap\u0142on przy ka\u017cdym strzale. Wytrzyma\u0142a konstrukcja i precyzyjne tolerancje Trzypinowego 3X16 KMR czyni\u0105 go kluczow\u0105 aktualizacj\u0105 dla powa\u017cnych strzelc\u00f3w sportowych, kt\u00f3rzy chc\u0105 zmaksymalizowa\u0107 swoj\u0105 wydajno\u015b\u0107 i wyeliminowa\u0107 usterki.<\/p>\n<p>Niezale\u017cnie od tego, czy podejmujesz wyzwania zawod\u00f3w 3-gunowych, czy te\u017c przekraczasz granice mo\u017cliwo\u015bci swojego pistoletu KMR, Trzypinowy 3X16 KMR zapewnia niezawodny zap\u0142on i d\u0142ugotrwa\u0142\u0105 wytrzyma\u0142o\u015b\u0107, kt\u00f3rej potrzebujesz, aby odnie\u015b\u0107 sukces. Ulepsz sw\u00f3j KMR ju\u017c dzi\u015b i do\u015bwiadcz r\u00f3\u017cnicy, jak\u0105 mo\u017ce zrobi\u0107 precyzyjne in\u017cynierie.<\/p>\n","protected":false},"excerpt":{"rendered":"<p>Precyzyjny stalowy spust 3&#215;16 mm, zaprojektowany dla niezawodno\u015bci zap\u0142onu i odporno\u015bci na uderzenia w pistoletach KMR.<\/p>\n","protected":false},"featured_media":24000,"template":"","meta":{"_acf_changed":false},"product_brand":[11510],"product_cat":[12573,14775],"product_tag":[],"class_list":{"0":"post-689743","1":"product","2":"type-product","3":"status-publish","4":"has-post-thumbnail","6":"product_brand-kmr-precision","7":"product_cat-czesci-kmr","8":"product_cat-iglice","10":"first","11":"instock","12":"taxable","13":"shipping-taxable","14":"product-type-simple"},"acf":[],"_links":{"self":[{"href":"https:\/\/nbg.eu\/pl\/wp-json\/wp\/v2\/product\/689743","targetHints":{"allow":["GET"]}}],"collection":[{"href":"https:\/\/nbg.eu\/pl\/wp-json\/wp\/v2\/product"}],"about":[{"href":"https:\/\/nbg.eu\/pl\/wp-json\/wp\/v2\/types\/product"}],"wp:featuredmedia":[{"embeddable":true,"href":"https:\/\/nbg.eu\/pl\/wp-json\/wp\/v2\/media\/24000"}],"wp:attachment":[{"href":"https:\/\/nbg.eu\/pl\/wp-json\/wp\/v2\/media?parent=689743"}],"wp:term":[{"taxonomy":"product_brand","embeddable":true,"href":"https:\/\/nbg.eu\/pl\/wp-json\/wp\/v2\/product_brand?post=689743"},{"taxonomy":"product_cat","embeddable":true,"href":"https:\/\/nbg.eu\/pl\/wp-json\/wp\/v2\/product_cat?post=689743"},{"taxonomy":"product_tag","embeddable":true,"href":"https:\/\/nbg.eu\/pl\/wp-json\/wp\/v2\/product_tag?post=689743"}],"curies":[{"name":"wp","href":"https:\/\/api.w.org\/{rel}","templated":true}]}}