{"id":689790,"date":"2024-08-18T11:10:20","date_gmt":"2024-08-18T08:10:20","guid":{"rendered":"https:\/\/nbg.eu\/product\/firing-pin-screw-m4x5-din-913-kmr\/"},"modified":"2026-02-27T11:54:56","modified_gmt":"2026-02-27T08:54:56","slug":"firing-pin-screw-m4x5-din-913-kmr","status":"publish","type":"product","link":"https:\/\/nbg.eu\/pl\/produkt\/firing-pin-screw-m4x5-din-913-kmr\/","title":{"rendered":"Wkr\u0119t trzpienia spustowego M4X5 DIN 913 KMR"},"content":{"rendered":"<h2>\u015aruba mimo\u015brodu M4X5 Din 913 KMR<\/h2>\n<p>Precyzyjnie wykonana wed\u0142ug \u015bcis\u0142ych specyfikacji, \u015aruba mimo\u015brodu M4X5 Din 913 KMR jest wykonana z wysokiej jako\u015bci materia\u0142\u00f3w, aby wytrzyma\u0107 wymagaj\u0105ce warunki u\u017cytkowania. Jej wymiary M4 x 5 mm i konfiguracja DIN 913 sprawiaj\u0105, \u017ce jest ona idealnym elementem pasuj\u0105cym do wyznaczonych modeli broni KMR, zapewniaj\u0105c bezpieczne i niezawodne po\u0142\u0105czenie mechanizmu spustowego.<\/p>\n<p>Niezale\u017cnie od tego, czy dokonujesz konserwacji, naprawy czy modernizacji swojego systemu broni KMR, \u015aruba mimo\u015brodu M4X5 Din 913 KMR jest niezb\u0119dnym elementem do mie\u0107 pod r\u0119k\u0105. Jej wytrzyma\u0142o\u015b\u0107 i precyzyjnie zaprojektowany design zapewniaj\u0105 sta\u0142\u0105 i niezawodn\u0105 wydajno\u015b\u0107, przyczyniaj\u0105c si\u0119 do og\u00f3lnej niezawodno\u015bci i skuteczno\u015bci twojej broni.<\/p>\n<p>Dla broni KMR:<\/p>\n<p>KMR S-01 LANCE (OR)<\/p>\n<p>KMR S-02 10 (OR) SR ADA<\/p>\n<p>KMR S-02 75 (OR) SR ADA<\/p>\n<p>KMR S-02 OD 2024<\/p>\n<p>KMR S-02 SH1 (OR) SR ADA<\/p>\n<p>KMR S-02 SH2 (OR) SR ADA<\/p>\n<p>KMR S-02 TS (OR) SR ADA<\/p>\n<p>KMR S-02 DO 2023<\/p>\n","protected":false},"excerpt":{"rendered":"<p>\u015aruba sworznia spustowego M4X5 Din 913 dla modeli KMR.<\/p>\n","protected":false},"featured_media":25343,"template":"","meta":{"_acf_changed":false},"product_brand":[11510],"product_cat":[12573,14775],"product_tag":[],"class_list":{"0":"post-689790","1":"product","2":"type-product","3":"status-publish","4":"has-post-thumbnail","6":"product_brand-kmr-precision","7":"product_cat-czesci-kmr","8":"product_cat-iglice","10":"first","11":"instock","12":"taxable","13":"shipping-taxable","14":"product-type-simple"},"acf":[],"_links":{"self":[{"href":"https:\/\/nbg.eu\/pl\/wp-json\/wp\/v2\/product\/689790","targetHints":{"allow":["GET"]}}],"collection":[{"href":"https:\/\/nbg.eu\/pl\/wp-json\/wp\/v2\/product"}],"about":[{"href":"https:\/\/nbg.eu\/pl\/wp-json\/wp\/v2\/types\/product"}],"wp:featuredmedia":[{"embeddable":true,"href":"https:\/\/nbg.eu\/pl\/wp-json\/wp\/v2\/media\/25343"}],"wp:attachment":[{"href":"https:\/\/nbg.eu\/pl\/wp-json\/wp\/v2\/media?parent=689790"}],"wp:term":[{"taxonomy":"product_brand","embeddable":true,"href":"https:\/\/nbg.eu\/pl\/wp-json\/wp\/v2\/product_brand?post=689790"},{"taxonomy":"product_cat","embeddable":true,"href":"https:\/\/nbg.eu\/pl\/wp-json\/wp\/v2\/product_cat?post=689790"},{"taxonomy":"product_tag","embeddable":true,"href":"https:\/\/nbg.eu\/pl\/wp-json\/wp\/v2\/product_tag?post=689790"}],"curies":[{"name":"wp","href":"https:\/\/api.w.org\/{rel}","templated":true}]}}