{"id":689816,"date":"2024-09-16T12:28:47","date_gmt":"2024-09-16T09:28:47","guid":{"rendered":"https:\/\/nbg.eu\/product\/firing-pin-kmr-w\/"},"modified":"2026-05-13T15:59:37","modified_gmt":"2026-05-13T12:59:37","slug":"firing-pin-kmr-w","status":"publish","type":"product","link":"https:\/\/nbg.eu\/pl\/produkt\/firing-pin-kmr-w\/","title":{"rendered":"KMR Iglica W"},"content":{"rendered":"<h2>KMR W-Series Precyzyjny Trzpie\u0144 Uderzeniowy<\/h2>\n<p>Trzpie\u0144 uderzeniowy KMR W-Series jest wysokowydajnym podzespo\u0142em wewn\u0119trznym zaprojektowanym z my\u015bl\u0105 o wymagaj\u0105cych wymaganiach strzelc\u00f3w zawodowych i sportowych. Zaprojektowany specjalnie dla platform KMR W-02 i powi\u0105zanych serii W, ten trzpie\u0144 uderzeniowy jest sercem systemu zap\u0142onu twojego pistoletu, zapewniaj\u0105c, \u017ce ka\u017cde poci\u0105gni\u0119cie za spust skutkuje niezawodnym strza\u0142em.<\/p>\n<h3>Zaprojektowany z my\u015bl\u0105 o niezawodno\u015bci w zawodach<\/h3>\n<p>W \u015brodowiskach o wysokiej stawce, takich jak IPSC lub USPSA, awaria zap\u0142onu nie jest opcj\u0105. Ten trzpie\u0144 uderzeniowy jest precyzyjnie obrabiana ze specjalizowanego stopu stali wysokiej jako\u015bci, kt\u00f3ry zosta\u0142 poddany obr\u00f3bce cieplnej, aby uzyska\u0107 idealn\u0105 r\u00f3wnowag\u0119 twardo\u015bci i wytrzyma\u0142o\u015bci. Zapobiega to deformacji lub krucho\u015bci ko\u0144c\u00f3wki wraz z up\u0142ywem czasu, nawet po dziesi\u0105tkach tysi\u0119cy cykli sucho-strza\u0142u i rundy na \u017cywo.<\/p>\n<h3>Dane techniczne:<\/h3>\n<ul>\n<li><strong>Wysokiej jako\u015bci stal narz\u0119dziowa:<\/strong> Wyprodukowany z odporno-uderzeniowego stopu stali, aby wytrzymywa\u0107 ci\u0105g\u0142e wysokie pr\u0119dko\u015bci uderzenia o sp\u0142onk\u0119.<\/li>\n<li><strong>Zoptymalizowana masa i geometria:<\/strong> Specjalnie wywa\u017cona dla suwaka serii W, aby zapewni\u0107 idealn\u0105 energi\u0119 kinetyczn\u0105 dla sp\u00f3jnego zap\u0142onu sp\u0142onki, jednocze\u015bnie zachowuj\u0105c szybki czas blokady.<\/li>\n<li><strong>Precyzyjnie polerowana powierzchnia:<\/strong> Posiada wyko\u0144czenie o niskim wsp\u00f3\u0142czynniku tarcia, kt\u00f3re zapewnia p\u0142ynny ruch w kanale trzpienia uderzeniowego, zmniejszaj\u0105c tarcie i zapobiegaj\u0105c lekkim uderzeniom w sp\u0142onk\u0119.<\/li>\n<li><strong>Oryginalne dopasowanie OEM:<\/strong> Oryginalny komponent KMR, zapewniaj\u0105cy 100% kompatybilno\u015b\u0107 ze spr\u0119\u017cyn\u0105 trzpienia uderzeniowego, p\u0142ytk\u0105 przytrzymuj\u0105c\u0105 i popychaczem bezpiecze\u0144stwa modeli serii W.<\/li>\n<\/ul>\n<h3>Zwi\u0119kszona trwa\u0142o\u015b\u0107 i bezpiecze\u0144stwo<\/h3>\n<p>Trzpie\u0144 uderzeniowy KMR W-Series zaprojektowany jest do obs\u0142ugi ci\u015bnie\u0144 zar\u00f3wno fabrycznych amunicji, jak i wysokowydajnych konkurencyjnych \u0142adunk\u00f3w. Utrzymuj\u0105c \u015bcis\u0142e tolerancje fabryczne, ten trzpie\u0144 zapewnia wycentrowane uderzenia sp\u0142onki, co znacznie zmniejsza ryzyko przebicia sp\u0142onki i zwi\u0119ksza og\u00f3lne bezpiecze\u0144stwo dzia\u0142ania broni palnej.<\/p>\n<h3>Kluczowe korzy\u015bci:<\/h3>\n<ul>\n<li><strong>Eliminuje lekkie uderzenia:<\/strong> Zapewnia g\u0142\u0119bokie, sp\u00f3jne wgniecenie sp\u0142onki dla maksymalnej niezawodno\u015bci zap\u0142onu.<\/li>\n<li><strong>Szybki czas blokady:<\/strong> Lekka, a zarazem wytrzyma\u0142a konstrukcja przyczynia si\u0119 do bardziej precyzyjnego doznania strzelania i poprawy celno\u015bci.<\/li>\n<li><strong>Zmniejszone zu\u017cycie:<\/strong> Specjalna obr\u00f3bka cieplna zapewnia, \u017ce trzpie\u0144 zachowuje swoje fabryczne wymiary znacznie d\u0142u\u017cej ni\u017c standardowe alternatywy rynkowe.<\/li>\n<li><strong>Niezb\u0119dne do konserwacji:<\/strong> Krytyczny element zapasowy dla zestawu konserwacyjnego ka\u017cdego powa\u017cnego strzelca, zapewniaj\u0105cy, \u017ce tw\u00f3j KMR pozostaje w szczytowej kondycji roboczej.<\/li>\n<\/ul>\n","protected":false},"excerpt":{"rendered":"<p>1140-00301-0000<\/p>\n","protected":false},"featured_media":30326,"template":"","meta":{"_acf_changed":false},"product_brand":[11510],"product_cat":[12573,14775],"product_tag":[],"class_list":{"0":"post-689816","1":"product","2":"type-product","3":"status-publish","4":"has-post-thumbnail","6":"product_brand-kmr-precision","7":"product_cat-czesci-kmr","8":"product_cat-iglice","10":"first","11":"instock","12":"taxable","13":"shipping-taxable","14":"product-type-simple"},"acf":[],"_links":{"self":[{"href":"https:\/\/nbg.eu\/pl\/wp-json\/wp\/v2\/product\/689816","targetHints":{"allow":["GET"]}}],"collection":[{"href":"https:\/\/nbg.eu\/pl\/wp-json\/wp\/v2\/product"}],"about":[{"href":"https:\/\/nbg.eu\/pl\/wp-json\/wp\/v2\/types\/product"}],"wp:featuredmedia":[{"embeddable":true,"href":"https:\/\/nbg.eu\/pl\/wp-json\/wp\/v2\/media\/30326"}],"wp:attachment":[{"href":"https:\/\/nbg.eu\/pl\/wp-json\/wp\/v2\/media?parent=689816"}],"wp:term":[{"taxonomy":"product_brand","embeddable":true,"href":"https:\/\/nbg.eu\/pl\/wp-json\/wp\/v2\/product_brand?post=689816"},{"taxonomy":"product_cat","embeddable":true,"href":"https:\/\/nbg.eu\/pl\/wp-json\/wp\/v2\/product_cat?post=689816"},{"taxonomy":"product_tag","embeddable":true,"href":"https:\/\/nbg.eu\/pl\/wp-json\/wp\/v2\/product_tag?post=689816"}],"curies":[{"name":"wp","href":"https:\/\/api.w.org\/{rel}","templated":true}]}}