{"id":689838,"date":"2025-03-02T20:05:35","date_gmt":"2025-03-02T17:05:35","guid":{"rendered":"https:\/\/nbg.eu\/product\/fox-classic-hunter\/"},"modified":"2026-05-13T15:11:55","modified_gmt":"2026-05-13T12:11:55","slug":"fox-classic-hunter","status":"publish","type":"product","link":"https:\/\/nbg.eu\/pl\/produkt\/fox-classic-hunter\/","title":{"rendered":"Fox Classic hunter"},"content":{"rendered":"<h2>Pociski Fox Classic Hunter: Niezwykle dok\u0142adne i bezo\u0142owiowe osi\u0105gi<\/h2>\n<p>Zaprojektowane, aby sprosta\u0107 surowym wymaganiom europejskiego my\u015blistwa, pociski Fox Classic Hunter dostarczaj\u0105 niezawodnej wydajno\u015bci i etycznego, bezo\u0142owiowego polowania. Wykonane ze sta\u0142ego stopu miedzi i cynku, te wysokiej klasy pociski charakteryzuj\u0105 si\u0119 podw\u00f3jnej \u015brednicy projektem rozszerzaj\u0105cym si\u0119 oraz wysokim wsp\u00f3\u0142czynnikiem balistycznym (BC) dla p\u0142askich tor\u00f3w lotu i niszcz\u0105cych w\u0142a\u015bciwo\u015bci ko\u0144cowych.<\/p>\n<p>My\u015bliwi poszukuj\u0105cy niezawodnej, bezoo\u0142owiowej opcji amunicji mog\u0105 zaufa\u0107, \u017ce pociski Fox Classic Hunter zapewni\u0105 g\u0142\u0119bokie przebicie i maksymaln\u0105 retencj\u0119 masy, wymagan\u0105 do czystego, etycznego upolowania. Eliminuj\u0105c zanieczyszczenie o\u0142owiem, te pociski zapewniaj\u0105, \u017ce mi\u0119so pozostanie nienaruszone i bezpieczne do spo\u017cycia, pozwalaj\u0105c w pe\u0142ni cieszy\u0107 si\u0119 owocami twojego polowania.<\/p>\n<p>Dzi\u0119ki swojej zaawansowanej konstrukcji i sk\u0142adowi materia\u0142owym, pociski Fox Classic Hunter dostarczaj\u0105 oczekiwan\u0105 wydajno\u015b\u0107 bez kompromis\u00f3w w zakresie twoich warto\u015bci. Do\u015bwiadcz idealnej r\u00f3wnowagi mi\u0119dzy celno\u015bci\u0105, moc\u0105 i odpowiedzialno\u015bci\u0105 \u015brodowiskow\u0105 z ka\u017cdym strza\u0142em.<\/p>\n","protected":false},"excerpt":{"rendered":"<p>Klasyczne pociski my\u015bliwskie Fox: pociski my\u015bliwskie pozbawione o\u0142owiu, zapewniaj\u0105ce niszcz\u0105ce balistyki ko\u0144cowej.<\/p>\n","protected":false},"featured_media":0,"template":"","meta":{"_acf_changed":false},"product_brand":[],"product_cat":[12639],"product_tag":[],"class_list":{"0":"post-689838","1":"product","2":"type-product","3":"status-publish","5":"product_cat-bez-kategorii","7":"first","8":"instock","9":"taxable","10":"shipping-taxable","11":"purchasable","12":"product-type-variable","13":"wvs-archive-product-wrapper"},"acf":[],"_links":{"self":[{"href":"https:\/\/nbg.eu\/pl\/wp-json\/wp\/v2\/product\/689838","targetHints":{"allow":["GET"]}}],"collection":[{"href":"https:\/\/nbg.eu\/pl\/wp-json\/wp\/v2\/product"}],"about":[{"href":"https:\/\/nbg.eu\/pl\/wp-json\/wp\/v2\/types\/product"}],"wp:attachment":[{"href":"https:\/\/nbg.eu\/pl\/wp-json\/wp\/v2\/media?parent=689838"}],"wp:term":[{"taxonomy":"product_brand","embeddable":true,"href":"https:\/\/nbg.eu\/pl\/wp-json\/wp\/v2\/product_brand?post=689838"},{"taxonomy":"product_cat","embeddable":true,"href":"https:\/\/nbg.eu\/pl\/wp-json\/wp\/v2\/product_cat?post=689838"},{"taxonomy":"product_tag","embeddable":true,"href":"https:\/\/nbg.eu\/pl\/wp-json\/wp\/v2\/product_tag?post=689838"}],"curies":[{"name":"wp","href":"https:\/\/api.w.org\/{rel}","templated":true}]}}