{"id":68999,"date":"2023-01-30T18:17:49","date_gmt":"2023-01-30T18:17:49","guid":{"rendered":"https:\/\/nbg.eu\/product\/geissele-super-duty-mod1-rifle-14-5-5-56mm-ddc\/"},"modified":"2026-05-13T17:10:22","modified_gmt":"2026-05-13T14:10:22","slug":"geissele-super-duty-mod1-rifle-14-5-5-56mm-ddc","status":"publish","type":"product","link":"https:\/\/nbg.eu\/pl\/produkt\/geissele-super-duty-mod1-rifle-14-5-5-56mm-ddc\/","title":{"rendered":"Geissele Karabinek P\u00f3\u0142automatyczny Super Duty 14.5&#8243; 5.56MM &#8211; DDC"},"content":{"rendered":"<h2>Geissele Super Duty &#8211; 14,5&#8243; 5,56MM<\/h2>\n<p>Geissele Super Duty to karabin o d\u0142ugo\u015bci 14,5&#8243; w kalibrze 5,56 NATO, \u0142\u0105cz\u0105cy nowoczesn\u0105 technologi\u0119 z precyzyjnym wykonaniem.<\/p>\n<h2>G\u0142\u00f3wne cechy:<\/h2>\n<ul>\n<li>Lufa 14,5&#8243; kuta na zimno, chromowana (skok 1:7&#8243;)<\/li>\n<li>Produkowany w zak\u0142adzie Geissele w North Wales, PA<\/li>\n<li>System gazowy o d\u0142ugo\u015bci karabinka z kompaktowym blokiem gazowym<\/li>\n<li>Szyna modularna 14&#8243; SMR MK14.5 kompatybilna z M-LOK<\/li>\n<li>Dolny odbiornik z aluminium 7075-T6 z zestawem cz\u0119\u015bci Ultra Duty<\/li>\n<li>Obustronny, konfigurowalny bezpiecznik<\/li>\n<li>Spr\u0119\u017cyna powrotna Super-42 i bufor H3<\/li>\n<\/ul>\n<h2>Specyfikacja:<\/h2>\n<ul>\n<li>Kaliber: 5,56 NATO<\/li>\n<li>Lufa: Geissele kuta na zimno, chromowana, skok 1\/7<\/li>\n<li>Odbiorniki: Kute 7075-T6, anodowane typ III<\/li>\n<li>Suwad\u0142o: REBCG (Ulepszony zesp\u00f3\u0142 suwad\u0142a)<\/li>\n<li>Spust: SSA-X z \u0142ukiem Lightning Bow<\/li>\n<li>Urz\u0105dzenie wylotowe: T\u0142umik p\u0142omienia Geissele Sparkout<\/li>\n<li>R\u0119koje\u015b\u0107 prze\u0142adowania: Airborne<\/li>\n<li>Kolor: DDC (Desert Dirt Color)*<\/li>\n<\/ul>\n<p><em>*Uwaga: Odcie\u0144 anodowania DDC mo\u017ce si\u0119 r\u00f3\u017cni\u0107<\/em><\/p>\n<p>Geissele Super Duty to karabin \u0142\u0105cz\u0105cy precyzj\u0119 z niezawodno\u015bci\u0105 w kompaktowej, wysokowydajnej konstrukcji.<\/p>\n","protected":false},"excerpt":{"rendered":"<p>Geissele Super Duty: 14,5&#8243; 5,56MM, zaawansowana technologia, precyzyjnie wykonany.<\/p>\n","protected":false},"featured_media":69000,"template":"","meta":{"_acf_changed":false},"product_brand":[11392],"product_cat":[16201,12623,12555,15831],"product_tag":[],"class_list":{"0":"post-68999","1":"product","2":"type-product","3":"status-publish","4":"has-post-thumbnail","6":"product_brand-geissele","7":"product_cat-ar-15-rifles-pl","8":"product_cat-karabin","9":"product_cat-karabinki","10":"product_cat-semi-automatic-rifles-pl","12":"first","13":"outofstock","14":"taxable","15":"shipping-taxable","16":"product-type-simple"},"acf":[],"_links":{"self":[{"href":"https:\/\/nbg.eu\/pl\/wp-json\/wp\/v2\/product\/68999","targetHints":{"allow":["GET"]}}],"collection":[{"href":"https:\/\/nbg.eu\/pl\/wp-json\/wp\/v2\/product"}],"about":[{"href":"https:\/\/nbg.eu\/pl\/wp-json\/wp\/v2\/types\/product"}],"wp:featuredmedia":[{"embeddable":true,"href":"https:\/\/nbg.eu\/pl\/wp-json\/wp\/v2\/media\/69000"}],"wp:attachment":[{"href":"https:\/\/nbg.eu\/pl\/wp-json\/wp\/v2\/media?parent=68999"}],"wp:term":[{"taxonomy":"product_brand","embeddable":true,"href":"https:\/\/nbg.eu\/pl\/wp-json\/wp\/v2\/product_brand?post=68999"},{"taxonomy":"product_cat","embeddable":true,"href":"https:\/\/nbg.eu\/pl\/wp-json\/wp\/v2\/product_cat?post=68999"},{"taxonomy":"product_tag","embeddable":true,"href":"https:\/\/nbg.eu\/pl\/wp-json\/wp\/v2\/product_tag?post=68999"}],"curies":[{"name":"wp","href":"https:\/\/api.w.org\/{rel}","templated":true}]}}