{"id":689998,"date":"2024-08-24T16:34:19","date_gmt":"2024-08-24T13:34:19","guid":{"rendered":"https:\/\/nbg.eu\/product\/flex-holster-right-hand-color-inlays\/"},"modified":"2025-12-28T21:30:48","modified_gmt":"2025-12-28T18:30:48","slug":"flex-holster-right-hand-color-inlays","status":"publish","type":"product","link":"https:\/\/nbg.eu\/pl\/produkt\/flex-holster-right-hand-color-inlays\/","title":{"rendered":"Flex Holster Right Hand Color Inlays"},"content":{"rendered":"<div class=\"product-description\">\n<h2>Wk\u0142adki w kolorach do kabury na praw\u0105 r\u0119k\u0119 Flex<\/h2>\n<p>Dostosuj swoj\u0105 kabur\u0119 na praw\u0105 r\u0119k\u0119 Flex za pomoc\u0105 naszych precyzyjnie wycinanych laserowo plastikowych wk\u0142adek z logo. Te kolorowe akcenty dodaj\u0105 osobistego charakteru do Twojej kabury, zachowuj\u0105c jej elegancki wygl\u0105d.<\/p>\n<ul>\n<li>\u0141atwa instalacja dzi\u0119ki fabrycznie na\u0142o\u017conej ta\u015bmie 3M<\/li>\n<li>Zdejmowalne i wymienne na przysz\u0142e zmiany kolor\u00f3w<\/li>\n<li>Do\u0142\u0105czono przezroczysty, zdejmowany film ochronny (dla najlepszego wygl\u0105du)<\/li>\n<li>Zaprojektowane specjalnie dla korpus\u00f3w kabury na praw\u0105 r\u0119k\u0119 Flex<\/li>\n<\/ul>\n<p><strong>Uwaga:<\/strong> Chocia\u017c wk\u0142adki mo\u017cna usuwa\u0107 i wymienia\u0107, nale\u017cy pami\u0119ta\u0107, \u017ce pierwotna wk\u0142adka mo\u017ce p\u0119kn\u0105\u0107 podczas usuwania. Zachowaj ostro\u017cno\u015b\u0107 podczas zmiany kolor\u00f3w, aby zapewni\u0107 p\u0142ynne przej\u015bcie.<\/p>\n<p>Podnie\u015b styl swojej kabury dzi\u0119ki tym przyci\u0105gaj\u0105cym uwag\u0119 kolorowym wk\u0142adkom ju\u017c dzi\u015b!<\/p>\n<\/div>\n","protected":false},"excerpt":{"rendered":"<p>Dostosowywalne wk\u0142adki kolorowe do prawor\u0119cznych kabury Flex. \u0141atwe w instalacji.<\/p>\n","protected":false},"featured_media":29659,"template":"","meta":{"_acf_changed":false},"product_brand":[11278],"product_cat":[12604,12610,12631],"product_tag":[],"class_list":{"0":"post-689998","1":"product","2":"type-product","3":"status-publish","4":"has-post-thumbnail","6":"product_brand-doublealpha","7":"product_cat-akcesoria-do-kabur","8":"product_cat-kabura-sportowa","9":"product_cat-wyposazenie","11":"first","12":"instock","13":"taxable","14":"shipping-taxable","15":"purchasable","16":"product-type-variable","17":"wvs-archive-product-wrapper"},"acf":[],"_links":{"self":[{"href":"https:\/\/nbg.eu\/pl\/wp-json\/wp\/v2\/product\/689998","targetHints":{"allow":["GET"]}}],"collection":[{"href":"https:\/\/nbg.eu\/pl\/wp-json\/wp\/v2\/product"}],"about":[{"href":"https:\/\/nbg.eu\/pl\/wp-json\/wp\/v2\/types\/product"}],"wp:featuredmedia":[{"embeddable":true,"href":"https:\/\/nbg.eu\/pl\/wp-json\/wp\/v2\/media\/29659"}],"wp:attachment":[{"href":"https:\/\/nbg.eu\/pl\/wp-json\/wp\/v2\/media?parent=689998"}],"wp:term":[{"taxonomy":"product_brand","embeddable":true,"href":"https:\/\/nbg.eu\/pl\/wp-json\/wp\/v2\/product_brand?post=689998"},{"taxonomy":"product_cat","embeddable":true,"href":"https:\/\/nbg.eu\/pl\/wp-json\/wp\/v2\/product_cat?post=689998"},{"taxonomy":"product_tag","embeddable":true,"href":"https:\/\/nbg.eu\/pl\/wp-json\/wp\/v2\/product_tag?post=689998"}],"curies":[{"name":"wp","href":"https:\/\/api.w.org\/{rel}","templated":true}]}}