{"id":690609,"date":"2024-08-17T14:52:53","date_gmt":"2024-08-17T11:52:53","guid":{"rendered":"https:\/\/nbg.eu\/product\/fully-adjustable-sight-kmr-black-wide\/"},"modified":"2026-05-13T16:04:35","modified_gmt":"2026-05-13T13:04:35","slug":"fully-adjustable-sight-kmr-black-wide","status":"publish","type":"product","link":"https:\/\/nbg.eu\/pl\/produkt\/fully-adjustable-sight-kmr-black-wide\/","title":{"rendered":"KMR W Pe\u0142ni Regulowany Celownik Czarny Szeroki"},"content":{"rendered":"<h2>Ca\u0142kowicie regulowana muszka KMR Black-Wide: Mistrzostwo precyzji dla strzelc\u00f3w sportowych<\/h2>\n<p>Ca\u0142kowicie regulowana muszka KMR Black-Wide to idealne akcesorium dla strzelc\u00f3w sportowych poszukuj\u0105cych niezr\u00f3wnanej precyzji i wszechstronno\u015bci. Zaprojektowana z naciskiem na regulacj\u0119 wysoko\u015bci\/kierunku i kontrast celownika, ta muszka zapewnia wydajno\u015b\u0107, kt\u00f3rej potrzebujesz, aby dominowa\u0107 na strzelnicy.<\/p>\n<p>Wyposa\u017cona w regulacj\u0119 klikow\u0105, muszka KMR Black-Wide umo\u017cliwia precyzyjne ustawienie punktu trafienia zgodnie z konkretnym nabojem i odleg\u0142o\u015bci\u0105, zapewniaj\u0105c niezawodn\u0105 dok\u0142adno\u015b\u0107. Szeroka szczerbinka tylna zapewnia lepszy obraz celowniczy do szybkich przej\u015b\u0107, a matowa czarna, przeciwodblaskowa, \u017c\u0142obiona powierzchnia eliminuje odblaski s\u0142oneczne dla wyrazistego, czarno-czarnego profilu.<\/p>\n<p>Niezale\u017cnie, czy bierzesz udzia\u0142 w zawodach precyzyjnego strzelania na du\u017ce odleg\u0142o\u015bci, czy pokonujesz dynamiczne wyzwania ze stalowymi celami, Ca\u0142kowicie regulowana muszka KMR Black-Wide jest twoim kluczem do uwolnienia prawdziwego potencja\u0142u. Ulepsz sw\u00f3j sprz\u0119t i podnie\u015b swoje strzelanie na nowy poziom z tym wyj\u0105tkowym systemem celowniczym.<\/p>\n","protected":false},"excerpt":{"rendered":"<p>Ca\u0142kowicie regulowana celownica KMR Black-Wide &#8211; precyzyjne dostrajanie wysoko\u015bci\/kierunku i wysoki kontrast wykrywania celu.<\/p>\n","protected":false},"featured_media":30349,"template":"","meta":{"_acf_changed":false},"product_brand":[11510],"product_cat":[12573],"product_tag":[],"class_list":{"0":"post-690609","1":"product","2":"type-product","3":"status-publish","4":"has-post-thumbnail","6":"product_brand-kmr-precision","7":"product_cat-czesci-kmr","9":"first","10":"instock","11":"taxable","12":"shipping-taxable","13":"product-type-simple"},"acf":[],"_links":{"self":[{"href":"https:\/\/nbg.eu\/pl\/wp-json\/wp\/v2\/product\/690609","targetHints":{"allow":["GET"]}}],"collection":[{"href":"https:\/\/nbg.eu\/pl\/wp-json\/wp\/v2\/product"}],"about":[{"href":"https:\/\/nbg.eu\/pl\/wp-json\/wp\/v2\/types\/product"}],"wp:featuredmedia":[{"embeddable":true,"href":"https:\/\/nbg.eu\/pl\/wp-json\/wp\/v2\/media\/30349"}],"wp:attachment":[{"href":"https:\/\/nbg.eu\/pl\/wp-json\/wp\/v2\/media?parent=690609"}],"wp:term":[{"taxonomy":"product_brand","embeddable":true,"href":"https:\/\/nbg.eu\/pl\/wp-json\/wp\/v2\/product_brand?post=690609"},{"taxonomy":"product_cat","embeddable":true,"href":"https:\/\/nbg.eu\/pl\/wp-json\/wp\/v2\/product_cat?post=690609"},{"taxonomy":"product_tag","embeddable":true,"href":"https:\/\/nbg.eu\/pl\/wp-json\/wp\/v2\/product_tag?post=690609"}],"curies":[{"name":"wp","href":"https:\/\/api.w.org\/{rel}","templated":true}]}}