{"id":690759,"date":"2024-08-16T23:16:01","date_gmt":"2024-08-16T20:16:01","guid":{"rendered":"https:\/\/nbg.eu\/product\/hammer-pin-kmr\/"},"modified":"2026-05-13T16:04:31","modified_gmt":"2026-05-13T13:04:31","slug":"hammer-pin-kmr","status":"publish","type":"product","link":"https:\/\/nbg.eu\/pl\/produkt\/hammer-pin-kmr\/","title":{"rendered":"KMR Trzpie\u0144 Kurka"},"content":{"rendered":"<h2>Ko\u0142ek m\u0142otka do pistolet\u00f3w KMR: precyzja i niezawodno\u015b\u0107 twojego systemu zap\u0142onowego<\/h2>\n<p>Zapewnij p\u0142ynne i sta\u0142e dzia\u0142anie systemu zap\u0142onowego twojego pistoletu KMR dzi\u0119ki naszemu wysokiej jako\u015bci ko\u0142kowi m\u0142otka. Wykonany z utwardzonej stali poddanej obr\u00f3bce precyzyjnej, ten ko\u0142ek zosta\u0142 zaprojektowany jako g\u0142\u00f3wna o\u015b ruchu m\u0142otka, gwarantuj\u0105c niezawodne i powtarzalne dzia\u0142anie m\u0142otka oraz geometri\u0119 spustu.<\/p>\n<p>Posiadaj\u0105cy dok\u0142adnie fabryczn\u0105 \u015brednic\u0119 zapewniaj\u0105c\u0105 idealnie dopasowanie do ram KMR, nasz ko\u0142ek m\u0142otka jest zaprojektowany, aby zapobiega\u0107 typowym problemom, takim jak &#8222;przemieszczanie si\u0119 ko\u0142ka&#8221; podczas szybkiego ognia. Jego odporna na zu\u017cycie pow\u0142oka powierzchni dodatkowo zwi\u0119ksza trwa\u0142o\u015b\u0107 ko\u0142ka, chroni\u0105c integralno\u015b\u0107 strukturaln\u0105 krytycznych komponent\u00f3w twojej broni.<\/p>\n<p>Niezale\u017cnie czy jeste\u015b zapalonym strzelcem sportowym czy oddanym u\u017cytkownikiem rekreacyjnym, ko\u0142ek m\u0142otka do pistolet\u00f3w KMR jest niezb\u0119dnym elementem, kt\u00f3rego potrzebujesz, aby zapewni\u0107 p\u0142ynne i niezawodne dzia\u0142anie swojego systemu zap\u0142onowego. Zaufaj jego precyzyjnemu wykonaniu i niezawodnemu dzia\u0142aniu, aby podnie\u015b\u0107 twoje do\u015bwiadczenie strzeleckie na nowy poziom.<\/p>\n","protected":false},"excerpt":{"rendered":"<p>Precyzyjny, zahartowany stalowy ko\u0142ek zapewnia stabilny obr\u00f3t m\u0142otka i p\u0142ynne dzia\u0142anie spustu w pistoletach KMR.<\/p>\n","protected":false},"featured_media":23692,"template":"","meta":{"_acf_changed":false},"product_brand":[11510],"product_cat":[12573],"product_tag":[],"class_list":{"0":"post-690759","1":"product","2":"type-product","3":"status-publish","4":"has-post-thumbnail","6":"product_brand-kmr-precision","7":"product_cat-czesci-kmr","9":"first","10":"instock","11":"taxable","12":"shipping-taxable","13":"product-type-simple"},"acf":[],"_links":{"self":[{"href":"https:\/\/nbg.eu\/pl\/wp-json\/wp\/v2\/product\/690759","targetHints":{"allow":["GET"]}}],"collection":[{"href":"https:\/\/nbg.eu\/pl\/wp-json\/wp\/v2\/product"}],"about":[{"href":"https:\/\/nbg.eu\/pl\/wp-json\/wp\/v2\/types\/product"}],"wp:featuredmedia":[{"embeddable":true,"href":"https:\/\/nbg.eu\/pl\/wp-json\/wp\/v2\/media\/23692"}],"wp:attachment":[{"href":"https:\/\/nbg.eu\/pl\/wp-json\/wp\/v2\/media?parent=690759"}],"wp:term":[{"taxonomy":"product_brand","embeddable":true,"href":"https:\/\/nbg.eu\/pl\/wp-json\/wp\/v2\/product_brand?post=690759"},{"taxonomy":"product_cat","embeddable":true,"href":"https:\/\/nbg.eu\/pl\/wp-json\/wp\/v2\/product_cat?post=690759"},{"taxonomy":"product_tag","embeddable":true,"href":"https:\/\/nbg.eu\/pl\/wp-json\/wp\/v2\/product_tag?post=690759"}],"curies":[{"name":"wp","href":"https:\/\/api.w.org\/{rel}","templated":true}]}}