{"id":690790,"date":"2024-08-17T15:16:50","date_gmt":"2024-08-17T12:16:50","guid":{"rendered":"https:\/\/nbg.eu\/product\/hammer-pin-safety-pin-kmr\/"},"modified":"2026-05-13T16:03:39","modified_gmt":"2026-05-13T13:03:39","slug":"hammer-pin-safety-pin-kmr","status":"publish","type":"product","link":"https:\/\/nbg.eu\/pl\/produkt\/hammer-pin-safety-pin-kmr\/","title":{"rendered":"KMR Ko\u0142ek Zabezpieczaj\u0105cy Kurka"},"content":{"rendered":"<h2>Bezpiecznik typu bolec do pistolet\u00f3w KMR<\/h2>\n<p>Zapewnia precyzyjne wyr\u00f3wnanie i g\u0142adkie dzia\u0142anie m\u0142otka i bezpiecznika r\u0119cznego w pistolecie KMR. Ten precyzyjnie obrabiany komponent wykonany jest ze stali narz\u0119dziowej hartowanej zgodnie z fabrycznymi specyfikacjami KMR, zapewniaj\u0105c wysok\u0105 trwa\u0142o\u015b\u0107 i odporno\u015b\u0107 na \u015bcinanie pod obci\u0105\u017ceniem odrzutu.<\/p>\n<p>Bezpiecznik typu bolec pe\u0142ni podw\u00f3jn\u0105 funkcj\u0119, zapewniaj\u0105c niezawodne przytrzymanie i stabilno\u015b\u0107 osi m\u0142otka i d\u017awigni bezpiecznika. Poprzez utrzymywanie idealnego wyr\u00f3wnania pomaga zachowa\u0107 ostry spust i pozytywne dzia\u0142anie bezpiecznika, zapobiegaj\u0105c jednocze\u015bnie niepo\u017c\u0105danemu przesuwaniu si\u0119 w ramie.<\/p>\n<p>Ceniony przez wymagaj\u0105cych w\u0142a\u015bcicieli KMR, ten niezb\u0119dny upgrade zapewnia, \u017ce krytyczne elementy steruj\u0105ce Twojego pistoletu pozostaj\u0105 dok\u0142adnie na swoim miejscu, nawet w najbardziej wymagaj\u0105cych warunkach. Do\u015bwiadcz pewno\u015bci g\u0142adkiej, sta\u0142ej pracy i niezawodnego dzia\u0142ania bezpiecznika dzi\u0119ki bezpieczniku typu bolec do Twojego pistoletu KMR.<\/p>\n","protected":false},"excerpt":{"rendered":"<p>Precyzyjny m\u0142otek i szpilka bezpiecze\u0144stwa do pistolet\u00f3w KMR, zapewnia wyr\u00f3wnanie i p\u0142ynn\u0105 prac\u0119.<\/p>\n","protected":false},"featured_media":24092,"template":"","meta":{"_acf_changed":false},"product_brand":[11510],"product_cat":[12573],"product_tag":[],"class_list":{"0":"post-690790","1":"product","2":"type-product","3":"status-publish","4":"has-post-thumbnail","6":"product_brand-kmr-precision","7":"product_cat-czesci-kmr","9":"first","10":"instock","11":"taxable","12":"shipping-taxable","13":"product-type-simple"},"acf":[],"_links":{"self":[{"href":"https:\/\/nbg.eu\/pl\/wp-json\/wp\/v2\/product\/690790","targetHints":{"allow":["GET"]}}],"collection":[{"href":"https:\/\/nbg.eu\/pl\/wp-json\/wp\/v2\/product"}],"about":[{"href":"https:\/\/nbg.eu\/pl\/wp-json\/wp\/v2\/types\/product"}],"wp:featuredmedia":[{"embeddable":true,"href":"https:\/\/nbg.eu\/pl\/wp-json\/wp\/v2\/media\/24092"}],"wp:attachment":[{"href":"https:\/\/nbg.eu\/pl\/wp-json\/wp\/v2\/media?parent=690790"}],"wp:term":[{"taxonomy":"product_brand","embeddable":true,"href":"https:\/\/nbg.eu\/pl\/wp-json\/wp\/v2\/product_brand?post=690790"},{"taxonomy":"product_cat","embeddable":true,"href":"https:\/\/nbg.eu\/pl\/wp-json\/wp\/v2\/product_cat?post=690790"},{"taxonomy":"product_tag","embeddable":true,"href":"https:\/\/nbg.eu\/pl\/wp-json\/wp\/v2\/product_tag?post=690790"}],"curies":[{"name":"wp","href":"https:\/\/api.w.org\/{rel}","templated":true}]}}