{"id":690863,"date":"2024-09-18T20:49:20","date_gmt":"2024-09-18T17:49:20","guid":{"rendered":"https:\/\/nbg.eu\/product\/holosun-1-63-riser-for-hs510c-red-dot-sight-hs-riser-510c\/"},"modified":"2026-05-13T16:02:31","modified_gmt":"2026-05-13T13:02:31","slug":"holosun-1-63-riser-for-hs510c-red-dot-sight-hs-riser-510c","status":"publish","type":"product","link":"https:\/\/nbg.eu\/pl\/produkt\/holosun-1-63-riser-for-hs510c-red-dot-sight-hs-riser-510c\/","title":{"rendered":"Holosun 1.63&#8243; Riser for HS510C Red Dot Sight | HS-RISER-510C"},"content":{"rendered":"<h2>Holosun 1.63&#8221; High Riser HS-RISER-510C dla HS510C<\/h2>\n<p>Podnie\u015b swoje do\u015bwiadczenie strzeleckie z Holosun wysokim mocowaniem podno\u015bnika, zaprojektowanym specjalnie dla HS510C. To mocowanie oferuje idealn\u0105 lini\u0119 celowania o wysoko\u015bci 1,63 cala, doskona\u0142\u0105 dla broni z prostymi kolbami, gdzie oparcie na ramieniu jest wyr\u00f3wnane z pude\u0142kiem mechanizmu broni.<\/p>\n<h2>Kluczowe cechy:<\/h2>\n<ul>\n<li>\u0141atwa obs\u0142uga i monta\u017c<\/li>\n<li>Kompaktowy design dla optymalnej wydajno\u015bci<\/li>\n<li>Ekstremalna trwa\u0142o\u015b\u0107 dzi\u0119ki solidnej konstrukcji z duralu<\/li>\n<li>Powtarzalna dok\u0142adno\u015b\u0107 dla sta\u0142ego strzelania<\/li>\n<li>Lekka, ale solidna konstrukcja<\/li>\n<\/ul>\n<h2>Specyfikacja techniczna:<\/h2>\n<ul>\n<li>Temperatura pracy: od -30\u00b0C do 60\u00b0C<\/li>\n<li>Temperatura przechowywania: od -40\u00b0C do 70\u00b0C<\/li>\n<li>Wymiary: 80,5 x 40 x 5,5 mm<\/li>\n<li>Materia\u0142: Aluminium<\/li>\n<li>Kolor: Czarny<\/li>\n<li>Waga: 44 g<\/li>\n<\/ul>\n<p>Ulepsz sw\u00f3j Holosun HS510C za pomoc\u0105 tego wysokiej jako\u015bci mocowania podno\u015bnika, zaprojektowanego z my\u015bl\u0105 o precyzji i niezawodno\u015bci w r\u00f3\u017cnych warunkach strzelania. Niezale\u017cnie od tego, czy jeste\u015b profesjonalist\u0105, czy entuzjast\u0105, HS-RISER-510C to idealne uzupe\u0142nienie, aby poprawi\u0107 wydajno\u015b\u0107 twojej broni.<\/p>\n","protected":false},"excerpt":{"rendered":"<p>Podnie\u015b sw\u00f3j HS510C za pomoc\u0105 tej wytrzyma\u0142ej podstawki o wysoko\u015bci 1,63 cala.<\/p>\n","protected":false},"featured_media":64737,"template":"","meta":{"_acf_changed":false},"product_brand":[11443],"product_cat":[14894],"product_tag":[],"class_list":{"0":"post-690863","1":"product","2":"type-product","3":"status-publish","4":"has-post-thumbnail","6":"product_brand-holosun","7":"product_cat-red-dot-sights-mounts-pl","9":"first","10":"instock","11":"taxable","12":"shipping-taxable","13":"purchasable","14":"product-type-simple"},"acf":[],"_links":{"self":[{"href":"https:\/\/nbg.eu\/pl\/wp-json\/wp\/v2\/product\/690863","targetHints":{"allow":["GET"]}}],"collection":[{"href":"https:\/\/nbg.eu\/pl\/wp-json\/wp\/v2\/product"}],"about":[{"href":"https:\/\/nbg.eu\/pl\/wp-json\/wp\/v2\/types\/product"}],"wp:featuredmedia":[{"embeddable":true,"href":"https:\/\/nbg.eu\/pl\/wp-json\/wp\/v2\/media\/64737"}],"wp:attachment":[{"href":"https:\/\/nbg.eu\/pl\/wp-json\/wp\/v2\/media?parent=690863"}],"wp:term":[{"taxonomy":"product_brand","embeddable":true,"href":"https:\/\/nbg.eu\/pl\/wp-json\/wp\/v2\/product_brand?post=690863"},{"taxonomy":"product_cat","embeddable":true,"href":"https:\/\/nbg.eu\/pl\/wp-json\/wp\/v2\/product_cat?post=690863"},{"taxonomy":"product_tag","embeddable":true,"href":"https:\/\/nbg.eu\/pl\/wp-json\/wp\/v2\/product_tag?post=690863"}],"curies":[{"name":"wp","href":"https:\/\/api.w.org\/{rel}","templated":true}]}}