{"id":691116,"date":"2025-03-04T21:24:07","date_gmt":"2025-03-04T18:24:07","guid":{"rendered":"https:\/\/nbg.eu\/product\/kmr-hand-stop-set-m-lok-alu-black\/"},"modified":"2026-05-13T15:56:48","modified_gmt":"2026-05-13T12:56:48","slug":"kmr-hand-stop-set-m-lok-alu-black","status":"publish","type":"product","link":"https:\/\/nbg.eu\/pl\/produkt\/kmr-hand-stop-set-m-lok-alu-black\/","title":{"rendered":"KMR Zestaw Hand Stop M-LOK ALU Czarny"},"content":{"rendered":"<h2>Zestaw uchwytu d\u0142oni KMR (M-LOK) \u2013 Aluminium, Czarny<\/h2>\n<p>Podnie\u015b swoje do\u015bwiadczenie strzeleckie z zestawem uchwytu d\u0142oni KMR, wszechstronnym akcesorium zaprojektowanym, aby poprawi\u0107 kontrol\u0119 nad broni\u0105, indeksowanie d\u0142oni i og\u00f3lne zarz\u0105dzanie odrzutem. Wykonany z lekkiego, obrabianego numerycznie aluminium i posiadaj\u0105cy matow\u0105 czarn\u0105 pow\u0142ok\u0119 anodowan\u0105, ten zestaw uchwytu d\u0142oni doskonale integruje si\u0119 z broni\u0105 zgodn\u0105 z M-LOK.<\/p>\n<p>Modu\u0142owy, dwucz\u0119\u015bciowy lub teksturowany design zapewnia sp\u00f3jny punkt odniesienia fizycznego dla twojej d\u0142oni podtrzymuj\u0105cej, gwarantuj\u0105c powtarzalny chwyt i zapobiegaj\u0105c ze\u015blizgni\u0119ciu d\u0142oni w kierunku wylotu lufy. Umo\u017cliwiaj\u0105c &#8222;poci\u0105gni\u0119cie&#8221; karabinu do twojego ramienia, zestaw uchwytu d\u0142oni KMR zapewnia znacznie p\u0142aniejsz\u0105 strzelanie i szybsze nast\u0119pne strza\u0142y, poprawiaj\u0105c og\u00f3ln\u0105 celno\u015b\u0107 i wydajno\u015b\u0107 strzelania.<\/p>\n<p>Niezale\u017cnie od tego, czy jeste\u015b do\u015bwiadczonym strzelcem, czy te\u017c pasjonuj\u0105cym hobbyst\u0105, zestaw uchwytu d\u0142oni KMR jest must-have aktualizacj\u0105 dla twojej broni. Podnie\u015b swoje do\u015bwiadczenie strzeleckie i podnie\u015b swoje umiej\u0119tno\u015bci na nowe wy\u017cyny z tym innowacyjnym i niezawodnym akcesorium.<\/p>\n","protected":false},"excerpt":{"rendered":"<p>Zestaw ogranicznika r\u0119ki KMR, M-LOK, ALU, CZARNY &#8211; Ulepszona kontrola odrzutu i broni.<\/p>\n","protected":false},"featured_media":236525,"template":"","meta":{"_acf_changed":false},"product_brand":[11510],"product_cat":[12581,12573,12623,12584],"product_tag":[],"class_list":{"0":"post-691116","1":"product","2":"type-product","3":"status-publish","4":"has-post-thumbnail","6":"product_brand-kmr-precision","7":"product_cat-chwyty-do-karabinu","8":"product_cat-czesci-kmr","9":"product_cat-karabin","10":"product_cat-tuning-karabinowy","12":"first","13":"instock","14":"taxable","15":"shipping-taxable","16":"purchasable","17":"product-type-simple"},"acf":[],"_links":{"self":[{"href":"https:\/\/nbg.eu\/pl\/wp-json\/wp\/v2\/product\/691116","targetHints":{"allow":["GET"]}}],"collection":[{"href":"https:\/\/nbg.eu\/pl\/wp-json\/wp\/v2\/product"}],"about":[{"href":"https:\/\/nbg.eu\/pl\/wp-json\/wp\/v2\/types\/product"}],"wp:featuredmedia":[{"embeddable":true,"href":"https:\/\/nbg.eu\/pl\/wp-json\/wp\/v2\/media\/236525"}],"wp:attachment":[{"href":"https:\/\/nbg.eu\/pl\/wp-json\/wp\/v2\/media?parent=691116"}],"wp:term":[{"taxonomy":"product_brand","embeddable":true,"href":"https:\/\/nbg.eu\/pl\/wp-json\/wp\/v2\/product_brand?post=691116"},{"taxonomy":"product_cat","embeddable":true,"href":"https:\/\/nbg.eu\/pl\/wp-json\/wp\/v2\/product_cat?post=691116"},{"taxonomy":"product_tag","embeddable":true,"href":"https:\/\/nbg.eu\/pl\/wp-json\/wp\/v2\/product_tag?post=691116"}],"curies":[{"name":"wp","href":"https:\/\/api.w.org\/{rel}","templated":true}]}}