{"id":691127,"date":"2025-03-07T13:06:11","date_gmt":"2025-03-07T10:06:11","guid":{"rendered":"https:\/\/nbg.eu\/product\/kmr-or-aimpoint-acro-mounting-kit-for-l-02-w-02-steel-black\/"},"modified":"2026-05-13T16:48:14","modified_gmt":"2026-05-13T13:48:14","slug":"kmr-or-aimpoint-acro-mounting-kit-for-l-02-w-02-steel-black","status":"publish","type":"product","link":"https:\/\/nbg.eu\/pl\/produkt\/kmr-or-aimpoint-acro-mounting-kit-for-l-02-w-02-steel-black\/","title":{"rendered":"KMR OR Aimpoint Acro Zestaw Monta\u017cowy do L-02, W-02 Stal Czarny"},"content":{"rendered":"<h2>KMR &#8211; ZESTAW MONTA\u017bOWY AIMPOINT ACRO DLA L-02, W-02, STAL CZARNA<\/h2>\n<p>Zestaw monta\u017cowy Aimpoint ACRO KMR Optic Ready (OR) to idealne rozwi\u0105zanie do solidnej integracji optyki i idealnego wsp\u00f3\u0142osiowienia na pistoletach KMR L-02 i W-02. Precyzyjnie obrobiony ze stali wysokiej wytrzyma\u0142o\u015bci, ten zestaw monta\u017cowy ma specyficzny odcisk Aimpoint ACRO, niski profil i matowe czarne wyko\u0144czenie antykorozyjne dla eleganckiego i trwa\u0142ego wygl\u0105du.<\/p>\n<p>Stalowa konstrukcja zestawu monta\u017cowego Aimpoint ACRO KMR OR zapewnia zerowe przemieszczenie przy silnym odrzucie, zapewniaj\u0105c najbardziej niezawodne rozwi\u0105zanie do monta\u017cu zamkni\u0119tych emiter\u00f3w optycznych. Precyzyjne dopasowanie gwarantuje, \u017ce optyka pozostanie wyzerowana nawet podczas intensywnych zawod\u00f3w lub u\u017cytku s\u0142u\u017cbowego, czyni\u0105c j\u0105 idealnym wyborem dla pistolet\u00f3w z serii KMR OR.<\/p>\n","protected":false},"excerpt":{"rendered":"<p>KMR &#8211; LUB ZESTAW MONTA\u017bOWY AIMPOINT ACRO DLA L-02, W-02, STAL CZARNA. Solidna integracja optyki i idealna wsp\u00f3\u0142praca wizualna dla modeli L-02 i W-02. Precyzyjnie obrabiana ze stali wysokiej wytrzyma\u0142o\u015bci, specyficzny \u015blad stopy Aimpoint ACRO, niskoprofilowy design, matowa czarna, antykorozyjna pow\u0142oka. Zapewnia najbardziej trwa\u0142e rozwi\u0105zanie monta\u017cowe dla zamkni\u0119tych celownik\u00f3w emituj\u0105cych; konstrukcja ze stali gwarantuje brak przesuni\u0119cia przy silnym odrzucie, a precyzyjne dopasowanie zapewnia, \u017ce optyka pozostaje wyzerowana nawet podczas wysokoobj\u0119to\u015bciowej konkurencji lub u\u017cytkowania na pistolety serii KMR OR.<\/p>\n","protected":false},"featured_media":246152,"template":"","meta":{"_acf_changed":false},"product_brand":[11510],"product_cat":[12605,12569,12573,14894],"product_tag":[],"class_list":{"0":"post-691127","1":"product","2":"type-product","3":"status-publish","4":"has-post-thumbnail","6":"product_brand-kmr-precision","7":"product_cat-celowniki-kolimatorowe-do-pistoletow","8":"product_cat-czesci-do-pistoletu","9":"product_cat-czesci-kmr","10":"product_cat-red-dot-sights-mounts-pl","12":"first","13":"instock","14":"taxable","15":"shipping-taxable","16":"purchasable","17":"product-type-simple"},"acf":[],"_links":{"self":[{"href":"https:\/\/nbg.eu\/pl\/wp-json\/wp\/v2\/product\/691127","targetHints":{"allow":["GET"]}}],"collection":[{"href":"https:\/\/nbg.eu\/pl\/wp-json\/wp\/v2\/product"}],"about":[{"href":"https:\/\/nbg.eu\/pl\/wp-json\/wp\/v2\/types\/product"}],"wp:featuredmedia":[{"embeddable":true,"href":"https:\/\/nbg.eu\/pl\/wp-json\/wp\/v2\/media\/246152"}],"wp:attachment":[{"href":"https:\/\/nbg.eu\/pl\/wp-json\/wp\/v2\/media?parent=691127"}],"wp:term":[{"taxonomy":"product_brand","embeddable":true,"href":"https:\/\/nbg.eu\/pl\/wp-json\/wp\/v2\/product_brand?post=691127"},{"taxonomy":"product_cat","embeddable":true,"href":"https:\/\/nbg.eu\/pl\/wp-json\/wp\/v2\/product_cat?post=691127"},{"taxonomy":"product_tag","embeddable":true,"href":"https:\/\/nbg.eu\/pl\/wp-json\/wp\/v2\/product_tag?post=691127"}],"curies":[{"name":"wp","href":"https:\/\/api.w.org\/{rel}","templated":true}]}}