{"id":691178,"date":"2025-03-04T21:40:08","date_gmt":"2025-03-04T18:40:08","guid":{"rendered":"https:\/\/nbg.eu\/product\/kmr-qd-sling-swivel\/"},"modified":"2026-05-13T15:10:55","modified_gmt":"2026-05-13T12:10:55","slug":"kmr-qd-sling-swivel","status":"publish","type":"product","link":"https:\/\/nbg.eu\/pl\/produkt\/kmr-qd-sling-swivel\/","title":{"rendered":"KMR QD Obrotowy Uchwyt Pasa"},"content":{"rendered":"<h2>Szybkie mocowanie, wytrzyma\u0142o\u015b\u0107 do ci\u0119\u017ckich zada\u0144: Obrotowy uchwyt KMR Quick Detach (QD)<\/h2>\n<p>Zaprojektowany do szybkiego mocowania i wytrzyma\u0142ej niezawodno\u015bci, obrotowy uchwyt KMR QD to idealna opcja do broni palnej. Wykonany z wysokowytrzyma\u0142ej stali, ten uchwyt posiada mechanizm zwalniaj\u0105cy w formie przycisku oraz 360-stopniow\u0105 rotacj\u0119, umo\u017cliwiaj\u0105c b\u0142yskawiczne przymocowanie lub usuni\u0119cie paska do jakiegokolwiek gniazda zgodnego z QD, niezale\u017cnie czy jest to M-LOK, kolba czy os\u0142ona lufy.<\/p>\n<p>Zaprojektowany do wytrzymywania wysokich si\u0142 ci\u0105gn\u0105cych i ekstremalnych warunk\u00f3w terenowych, obrotowy uchwyt KMR QD Sling Swivel zapewnia bezpieczne zawieszenie karabinu podczas dynamicznych ruch\u00f3w. Czarne wyko\u0144czenie dodatkowo zwi\u0119ksza odporno\u015b\u0107 uchwytu, czyni\u0105c go niezawodnym wyborem do wszystkich potrzeb mocowania paska.<\/p>\n","protected":false},"excerpt":{"rendered":"<p>SUWAK SWIVEL KMR QD, STANDARD: Szybki monta\u017c\/demonta\u017c.<\/p>\n","protected":false},"featured_media":236799,"template":"","meta":{"_acf_changed":false},"product_brand":[11510],"product_cat":[12559,14945,12584],"product_tag":[],"class_list":{"0":"post-691178","1":"product","2":"type-product","3":"status-publish","4":"has-post-thumbnail","6":"product_brand-kmr-precision","7":"product_cat-przyczepy","8":"product_cat-sling-swivels-pl","9":"product_cat-tuning-karabinowy","11":"first","12":"instock","13":"taxable","14":"shipping-taxable","15":"purchasable","16":"product-type-simple"},"acf":[],"_links":{"self":[{"href":"https:\/\/nbg.eu\/pl\/wp-json\/wp\/v2\/product\/691178","targetHints":{"allow":["GET"]}}],"collection":[{"href":"https:\/\/nbg.eu\/pl\/wp-json\/wp\/v2\/product"}],"about":[{"href":"https:\/\/nbg.eu\/pl\/wp-json\/wp\/v2\/types\/product"}],"wp:featuredmedia":[{"embeddable":true,"href":"https:\/\/nbg.eu\/pl\/wp-json\/wp\/v2\/media\/236799"}],"wp:attachment":[{"href":"https:\/\/nbg.eu\/pl\/wp-json\/wp\/v2\/media?parent=691178"}],"wp:term":[{"taxonomy":"product_brand","embeddable":true,"href":"https:\/\/nbg.eu\/pl\/wp-json\/wp\/v2\/product_brand?post=691178"},{"taxonomy":"product_cat","embeddable":true,"href":"https:\/\/nbg.eu\/pl\/wp-json\/wp\/v2\/product_cat?post=691178"},{"taxonomy":"product_tag","embeddable":true,"href":"https:\/\/nbg.eu\/pl\/wp-json\/wp\/v2\/product_tag?post=691178"}],"curies":[{"name":"wp","href":"https:\/\/api.w.org\/{rel}","templated":true}]}}