{"id":692249,"date":"2024-08-18T11:19:07","date_gmt":"2024-08-18T08:19:07","guid":{"rendered":"https:\/\/nbg.eu\/product\/magazine-catch-spring-screw-kmr\/"},"modified":"2026-05-13T16:47:49","modified_gmt":"2026-05-13T13:47:49","slug":"magazine-catch-spring-screw-kmr","status":"publish","type":"product","link":"https:\/\/nbg.eu\/pl\/produkt\/magazine-catch-spring-screw-kmr\/","title":{"rendered":"KMR \u015aruba Spr\u0119\u017cyny Zatrzasku Magazynka"},"content":{"rendered":"<h2>Niezawodna \u015bruba spr\u0119\u017cyny magazynka<\/h2>\n<p>\u015aruba spr\u0119\u017cyny magazynka KMR to kluczowy element system\u00f3w broni od r\u00f3\u017cnych producent\u00f3w.<\/p>\n<p>Wyprodukowana zgodnie z najwy\u017cszymi standardami, ta \u015bruba jest idealnym wyborem zar\u00f3wno dla mi\u0142o\u015bnik\u00f3w broni, jak i profesjonalist\u00f3w. Jej wytrzyma\u0142a konstrukcja i dba\u0142o\u015b\u0107 o szczeg\u00f3\u0142y sprawiaj\u0105, \u017ce jest ona niezb\u0119dnym akcesoriom dla ka\u017cdej dobrze wyposa\u017conej zbrojowni.<\/p>\n<p>Dla broni KMR:<\/p>\n<p>KMR L-02 EMIQ<\/p>\n<p>KMR L-02 EMIQ (OR)<\/p>\n<p>KMR L-02 ORCA OD 2024<\/p>\n<p>KMR L-02 ORCA DO 2023<\/p>\n<p>KMR L-02 SPECTRA OD 2024<\/p>\n<p>KMR L-02 SPECTRA DO 2023<\/p>\n<p>KMR L-02 UMBRA (OR) SR<\/p>\n<p>KMR S-01 LANCE (OR)<\/p>\n<p>KMR S-02 OD 2024<\/p>\n<p>KMR S-02 DO 2023<\/p>\n<p>KMR W-02 CUDA (OR)<\/p>\n<p>KMR W-02 UMBRA<\/p>\n<p>KMR W-02 UMBRA (OR).<\/p>\n","protected":false},"excerpt":{"rendered":"<p>Wiosenna \u015bruba do magazynka dla broni KMR.<\/p>\n","protected":false},"featured_media":25505,"template":"","meta":{"_acf_changed":false},"product_brand":[11510],"product_cat":[12573,12591],"product_tag":[],"class_list":{"0":"post-692249","1":"product","2":"type-product","3":"status-publish","4":"has-post-thumbnail","6":"product_brand-kmr-precision","7":"product_cat-czesci-kmr","8":"product_cat-sprezyny","10":"first","11":"instock","12":"taxable","13":"shipping-taxable","14":"product-type-simple"},"acf":[],"_links":{"self":[{"href":"https:\/\/nbg.eu\/pl\/wp-json\/wp\/v2\/product\/692249","targetHints":{"allow":["GET"]}}],"collection":[{"href":"https:\/\/nbg.eu\/pl\/wp-json\/wp\/v2\/product"}],"about":[{"href":"https:\/\/nbg.eu\/pl\/wp-json\/wp\/v2\/types\/product"}],"wp:featuredmedia":[{"embeddable":true,"href":"https:\/\/nbg.eu\/pl\/wp-json\/wp\/v2\/media\/25505"}],"wp:attachment":[{"href":"https:\/\/nbg.eu\/pl\/wp-json\/wp\/v2\/media?parent=692249"}],"wp:term":[{"taxonomy":"product_brand","embeddable":true,"href":"https:\/\/nbg.eu\/pl\/wp-json\/wp\/v2\/product_brand?post=692249"},{"taxonomy":"product_cat","embeddable":true,"href":"https:\/\/nbg.eu\/pl\/wp-json\/wp\/v2\/product_cat?post=692249"},{"taxonomy":"product_tag","embeddable":true,"href":"https:\/\/nbg.eu\/pl\/wp-json\/wp\/v2\/product_tag?post=692249"}],"curies":[{"name":"wp","href":"https:\/\/api.w.org\/{rel}","templated":true}]}}