{"id":692327,"date":"2025-05-20T23:13:22","date_gmt":"2025-05-20T20:13:22","guid":{"rendered":"https:\/\/nbg.eu\/product\/magazine-mec-gar-cal-9x19-17-rnds\/"},"modified":"2026-05-13T16:02:55","modified_gmt":"2026-05-13T13:02:55","slug":"magazine-mec-gar-cal-9x19-17-rnds","status":"publish","type":"product","link":"https:\/\/nbg.eu\/pl\/produkt\/magazine-mec-gar-cal-9x19-17-rnds\/","title":{"rendered":"KMR Magazynek MEC-GAR 9&#215;19 17 Nab."},"content":{"rendered":"<h2>MAGAZYN MEC-GAR kal. 9&#215;19 17 naboi<\/h2>\n<p>Odniesienie: 1152-01901-0000<\/p>\n<p>Magazynek o du\u017cej pojemno\u015bci 17 naboi do pistolet\u00f3w 9x19mm. Kompatybilny z r\u00f3\u017cnymi modelami KMR, w tym SPECTRA, UMBRA i CUDA (wersje 2023 i 2024). Pasuje r\u00f3wnie\u017c do pistolet\u00f3w CZ SHADOW 1, SHADOW 2 i SP-01. Niezawodne podawanie amunicji i wytrzyma\u0142a konstrukcja zapewniaj\u0105 optymaln\u0105 wydajno\u015b\u0107 broni.<\/p>\n","protected":false},"excerpt":{"rendered":"<p>Wysokopojemny magazynek 9mm do pistolet\u00f3w KMR i CZ. 17 naboi.<\/p>\n","protected":false},"featured_media":365197,"template":"","meta":{"_acf_changed":false},"product_brand":[11510],"product_cat":[12569,12573],"product_tag":[],"class_list":{"0":"post-692327","1":"product","2":"type-product","3":"status-publish","4":"has-post-thumbnail","6":"product_brand-kmr-precision","7":"product_cat-czesci-do-pistoletu","8":"product_cat-czesci-kmr","10":"first","11":"instock","12":"taxable","13":"shipping-taxable","14":"product-type-simple"},"acf":[],"_links":{"self":[{"href":"https:\/\/nbg.eu\/pl\/wp-json\/wp\/v2\/product\/692327","targetHints":{"allow":["GET"]}}],"collection":[{"href":"https:\/\/nbg.eu\/pl\/wp-json\/wp\/v2\/product"}],"about":[{"href":"https:\/\/nbg.eu\/pl\/wp-json\/wp\/v2\/types\/product"}],"wp:featuredmedia":[{"embeddable":true,"href":"https:\/\/nbg.eu\/pl\/wp-json\/wp\/v2\/media\/365197"}],"wp:attachment":[{"href":"https:\/\/nbg.eu\/pl\/wp-json\/wp\/v2\/media?parent=692327"}],"wp:term":[{"taxonomy":"product_brand","embeddable":true,"href":"https:\/\/nbg.eu\/pl\/wp-json\/wp\/v2\/product_brand?post=692327"},{"taxonomy":"product_cat","embeddable":true,"href":"https:\/\/nbg.eu\/pl\/wp-json\/wp\/v2\/product_cat?post=692327"},{"taxonomy":"product_tag","embeddable":true,"href":"https:\/\/nbg.eu\/pl\/wp-json\/wp\/v2\/product_tag?post=692327"}],"curies":[{"name":"wp","href":"https:\/\/api.w.org\/{rel}","templated":true}]}}