{"id":692364,"date":"2024-08-17T15:42:34","date_gmt":"2024-08-17T12:42:34","guid":{"rendered":"https:\/\/nbg.eu\/product\/magwell-kmr-l-02-alu-brass\/"},"modified":"2026-05-13T15:10:45","modified_gmt":"2026-05-13T12:10:45","slug":"magwell-kmr-l-02-alu-brass","status":"publish","type":"product","link":"https:\/\/nbg.eu\/pl\/produkt\/magwell-kmr-l-02-alu-brass\/","title":{"rendered":"KMR Magwell L-02 Mosi\u0105dz"},"content":{"rendered":"<h2>Magwell KMR L-02 Mosi\u0105dz: Precyzyjne ulepszenie broni dla platform KMR<\/h2>\n<p>Przedstawiamy Magwell KMR L-02 Mosi\u0105dz, premium produkt zaprojektowany, aby zwi\u0119kszy\u0107 wydajno\u015b\u0107 i funkcjonalno\u015b\u0107 broni kompatybilnej z KMR. Wykonany z precyzj\u0105 i dba\u0142o\u015bci\u0105 o szczeg\u00f3\u0142y, ten mosi\u0119\u017cny komponent jest zaprojektowany, aby p\u0142ynnie zintegrowa\u0107 si\u0119 z platform\u0105 KMR, zapewniaj\u0105c eleganckie i trwa\u0142e ulepszenie.<\/p>\n<p>Wykonany z wysokiej jako\u015bci materia\u0142\u00f3w mosi\u0119\u017cnych, Magwell KMR L-02 Mosi\u0105dz zapewnia wyj\u0105tkow\u0105 trwa\u0142o\u015b\u0107 i premium wygl\u0105d, kt\u00f3ry podniesie wygl\u0105d Twojej broni. Jego elegancki design i p\u0142ynna integracja zapewniaj\u0105 g\u0142adkie i niezauwa\u017calne ulepszenie, umo\u017cliwiaj\u0105c zachowanie wydajno\u015bci i w\u0142a\u015bciwo\u015bci obs\u0142ugi, do kt\u00f3rych przywyk\u0142e\u015b na swojej platformie KMR.<\/p>\n<p>Dla broni KMR<\/p>\n<p>KMR L-02 EMIQ<\/p>\n<p>KMR L-02 EMIQ (OR)<\/p>\n<p>KMR L-02 ORCA do 2023<\/p>\n<p>KMR L-02 SPECTRA do 2023<\/p>\n<p>Referencja 0531-01101-0316<\/p>\n","protected":false},"excerpt":{"rendered":"<p>Magwell KMR L-02 Mosi\u0105dz dla Broni KMR<\/p>\n","protected":false},"featured_media":720257,"template":"","meta":{"_acf_changed":false},"product_brand":[11510],"product_cat":[12569,14980,12593],"product_tag":[],"class_list":{"0":"post-692364","1":"product","2":"type-product","3":"status-publish","4":"has-post-thumbnail","6":"product_brand-kmr-precision","7":"product_cat-czesci-do-pistoletu","8":"product_cat-pistol-magwells-pl","9":"product_cat-pistolet","11":"first","12":"outofstock","13":"taxable","14":"shipping-taxable","15":"product-type-simple"},"acf":[],"_links":{"self":[{"href":"https:\/\/nbg.eu\/pl\/wp-json\/wp\/v2\/product\/692364","targetHints":{"allow":["GET"]}}],"collection":[{"href":"https:\/\/nbg.eu\/pl\/wp-json\/wp\/v2\/product"}],"about":[{"href":"https:\/\/nbg.eu\/pl\/wp-json\/wp\/v2\/types\/product"}],"wp:featuredmedia":[{"embeddable":true,"href":"https:\/\/nbg.eu\/pl\/wp-json\/wp\/v2\/media\/720257"}],"wp:attachment":[{"href":"https:\/\/nbg.eu\/pl\/wp-json\/wp\/v2\/media?parent=692364"}],"wp:term":[{"taxonomy":"product_brand","embeddable":true,"href":"https:\/\/nbg.eu\/pl\/wp-json\/wp\/v2\/product_brand?post=692364"},{"taxonomy":"product_cat","embeddable":true,"href":"https:\/\/nbg.eu\/pl\/wp-json\/wp\/v2\/product_cat?post=692364"},{"taxonomy":"product_tag","embeddable":true,"href":"https:\/\/nbg.eu\/pl\/wp-json\/wp\/v2\/product_tag?post=692364"}],"curies":[{"name":"wp","href":"https:\/\/api.w.org\/{rel}","templated":true}]}}