{"id":692399,"date":"2024-08-18T11:19:05","date_gmt":"2024-08-18T08:19:05","guid":{"rendered":"https:\/\/nbg.eu\/product\/mag-release-button-screw-m3x6-iso-14581-kmr\/"},"modified":"2026-05-13T16:03:49","modified_gmt":"2026-05-13T13:03:49","slug":"mag-release-button-screw-m3x6-iso-14581-kmr","status":"publish","type":"product","link":"https:\/\/nbg.eu\/pl\/produkt\/mag-release-button-screw-m3x6-iso-14581-kmr\/","title":{"rendered":"KMR \u015aruba Przycisku Zwalniania M3x6 ISO 14581"},"content":{"rendered":"<h2>Wkr\u0119t do przycisku zwalniania magazynka M3X6 Iso 14581 KMR<\/h2>\n<p>Ten wkr\u0119t do przycisku zwalniania magazynka M3X6 Iso 14581 jest niezb\u0119dnym elementem dla szerokiej gamy broni KMR. Wykonany zgodnie z normami ISO 14581, ten wkr\u0119t zapewnia bezpieczne i niezawodne po\u0142\u0105czenie przycisku zwalniania magazynka, umo\u017cliwiaj\u0105c p\u0142ynn\u0105 obs\u0142ug\u0119 i konserwacj\u0119 broni. Posiadaj\u0105c rozmiar M3x6, ten element jest niezb\u0119dny dla ka\u017cdego, kto serwisuje lub modernizuje bro\u0144 kompatybiln\u0105 z KMR.<\/p>\n<p>Dla broni KMR<\/p>\n<p>KMR L-02 EMIQ<\/p>\n<p>KMR L-02 EMIQ (OR)<\/p>\n<p>KMR L-02 ORCA OD 2024<\/p>\n<p>KMR L-02 ORCA DO 2023<\/p>\n<p>KMR L-02 SPECTRA OD 2024<\/p>\n<p>KMR L-02 SPECTRA DO 2023<\/p>\n<p>KMR L-02 UMBRA (OR) SR<\/p>\n<p>KMR S-01 LANCE (OR)<\/p>\n<p>KMR S-02 OD 2024<\/p>\n<p>KMR S-02 DO 2023<\/p>\n<p>KMR W-02 CUDA (OR)<\/p>\n<p>KMR W-02 UMBRA<\/p>\n<p>KMR W-02 UMBRA (OR)<\/p>\n","protected":false},"excerpt":{"rendered":"<p>\u015aruba przycisku zwalniania magazynka M3X6 Iso 14581 KMR dla r\u00f3\u017cnych broni KMR.<\/p>\n","protected":false},"featured_media":25482,"template":"","meta":{"_acf_changed":false},"product_brand":[11510],"product_cat":[12573],"product_tag":[],"class_list":{"0":"post-692399","1":"product","2":"type-product","3":"status-publish","4":"has-post-thumbnail","6":"product_brand-kmr-precision","7":"product_cat-czesci-kmr","9":"first","10":"instock","11":"taxable","12":"shipping-taxable","13":"product-type-simple"},"acf":[],"_links":{"self":[{"href":"https:\/\/nbg.eu\/pl\/wp-json\/wp\/v2\/product\/692399","targetHints":{"allow":["GET"]}}],"collection":[{"href":"https:\/\/nbg.eu\/pl\/wp-json\/wp\/v2\/product"}],"about":[{"href":"https:\/\/nbg.eu\/pl\/wp-json\/wp\/v2\/types\/product"}],"wp:featuredmedia":[{"embeddable":true,"href":"https:\/\/nbg.eu\/pl\/wp-json\/wp\/v2\/media\/25482"}],"wp:attachment":[{"href":"https:\/\/nbg.eu\/pl\/wp-json\/wp\/v2\/media?parent=692399"}],"wp:term":[{"taxonomy":"product_brand","embeddable":true,"href":"https:\/\/nbg.eu\/pl\/wp-json\/wp\/v2\/product_brand?post=692399"},{"taxonomy":"product_cat","embeddable":true,"href":"https:\/\/nbg.eu\/pl\/wp-json\/wp\/v2\/product_cat?post=692399"},{"taxonomy":"product_tag","embeddable":true,"href":"https:\/\/nbg.eu\/pl\/wp-json\/wp\/v2\/product_tag?post=692399"}],"curies":[{"name":"wp","href":"https:\/\/api.w.org\/{rel}","templated":true}]}}