{"id":692426,"date":"2024-09-17T08:06:19","date_gmt":"2024-09-17T05:06:19","guid":{"rendered":"https:\/\/nbg.eu\/product\/main-spring-strut-kmr-l\/"},"modified":"2026-05-13T16:04:34","modified_gmt":"2026-05-13T13:04:34","slug":"main-spring-strut-kmr-l","status":"publish","type":"product","link":"https:\/\/nbg.eu\/pl\/produkt\/main-spring-strut-kmr-l\/","title":{"rendered":"KMR Dr\u0105\u017cek Spr\u0119\u017cyny G\u0142\u00f3wnej L"},"content":{"rendered":"<h2>G\u0142\u00f3wna spr\u0119\u017cyna t\u0142umika KMR L &#8211; niezawodna aktualizacja zawieszenia dla Weapons KMR<\/h2>\n<p>G\u0142\u00f3wna spr\u0119\u017cyna t\u0142umika KMR L to wysokiej jako\u015bci element zawieszenia zaprojektowany, aby zapewni\u0107 p\u0142ynn\u0105 i niezawodn\u0105 jazd\u0119 dla platform Weapons KMR. Dzi\u0119ki solidnej konstrukcji i zaawansowanemu projektowi, ten t\u0142umik jest niezb\u0119dnym ulepszeniem dla u\u017cytkownik\u00f3w poszukuj\u0105cych zwi\u0119kszonej wydajno\u015bci i stabilno\u015bci.<\/p>\n<p>Precyzyjne wykonanie: zaprojektowany z precyzj\u0105, G\u0142\u00f3wna spr\u0119\u017cyna t\u0142umika KMR L zapewnia sp\u00f3jn\u0105 i niezawodn\u0105 wydajno\u015b\u0107, gwarantuj\u0105c stabiln\u0105 i kontrolowan\u0105 jazd\u0119 nawet w wymagaj\u0105cych warunkach. Zaawansowany projekt i wysokiej jako\u015bci materia\u0142y t\u0142umika czyni\u0105 go trwa\u0142ym i d\u0142ugowiecznym rozwi\u0105zaniem dla twojej platformy Weapons KMR.<\/p>\n<p>Dla Weapons KMR<\/p>\n<p>KMR L-02 EMIQ<\/p>\n<p>KMR L-02 EMIQ (OR)<\/p>\n<p>KMR L-02 ORCA OD 2024<\/p>\n<p>KMR L-02 ORCA DO 2023<\/p>\n<p>KMR L-02 SPECTRA OD 2024<\/p>\n<p>KMR L-02 SPECTRA DO 2023<\/p>\n<p>KMR L-02 UMBRA (OR) SR<\/p>\n","protected":false},"excerpt":{"rendered":"<p>G\u0142\u00f3wna spr\u0119\u017cyna rozpieraj\u0105ca KMR L dla broni z serii KMR<\/p>\n","protected":false},"featured_media":25597,"template":"","meta":{"_acf_changed":false},"product_brand":[11510],"product_cat":[12573,12591],"product_tag":[],"class_list":{"0":"post-692426","1":"product","2":"type-product","3":"status-publish","4":"has-post-thumbnail","6":"product_brand-kmr-precision","7":"product_cat-czesci-kmr","8":"product_cat-sprezyny","10":"first","11":"instock","12":"taxable","13":"shipping-taxable","14":"product-type-simple"},"acf":[],"_links":{"self":[{"href":"https:\/\/nbg.eu\/pl\/wp-json\/wp\/v2\/product\/692426","targetHints":{"allow":["GET"]}}],"collection":[{"href":"https:\/\/nbg.eu\/pl\/wp-json\/wp\/v2\/product"}],"about":[{"href":"https:\/\/nbg.eu\/pl\/wp-json\/wp\/v2\/types\/product"}],"wp:featuredmedia":[{"embeddable":true,"href":"https:\/\/nbg.eu\/pl\/wp-json\/wp\/v2\/media\/25597"}],"wp:attachment":[{"href":"https:\/\/nbg.eu\/pl\/wp-json\/wp\/v2\/media?parent=692426"}],"wp:term":[{"taxonomy":"product_brand","embeddable":true,"href":"https:\/\/nbg.eu\/pl\/wp-json\/wp\/v2\/product_brand?post=692426"},{"taxonomy":"product_cat","embeddable":true,"href":"https:\/\/nbg.eu\/pl\/wp-json\/wp\/v2\/product_cat?post=692426"},{"taxonomy":"product_tag","embeddable":true,"href":"https:\/\/nbg.eu\/pl\/wp-json\/wp\/v2\/product_tag?post=692426"}],"curies":[{"name":"wp","href":"https:\/\/api.w.org\/{rel}","templated":true}]}}