{"id":692503,"date":"2024-08-18T11:27:17","date_gmt":"2024-08-18T08:27:17","guid":{"rendered":"https:\/\/nbg.eu\/product\/main-spring-strut-kmr-w\/"},"modified":"2026-05-13T16:40:25","modified_gmt":"2026-05-13T13:40:25","slug":"main-spring-strut-kmr-w","status":"publish","type":"product","link":"https:\/\/nbg.eu\/pl\/produkt\/main-spring-strut-kmr-w\/","title":{"rendered":"KMR Dr\u0105\u017cek Spr\u0119\u017cyny G\u0142\u00f3wnej W"},"content":{"rendered":"<h2>G\u0142\u00f3wna spr\u0119\u017cyna t\u0142umika serii KMR W<\/h2>\n<p>G\u0142\u00f3wna spr\u0119\u017cyna t\u0142umika serii KMR W to wysokiej precyzji komponent wewn\u0119trzny zaprojektowany w celu optymalizacji cyklu zap\u0142onu i wyzwalania spustu w Twoim pistolecie KMR. Jako g\u0142\u00f3wne po\u0142\u0105czenie mi\u0119dzy m\u0142otkiem a g\u0142\u00f3wn\u0105 spr\u0119\u017cyn\u0105, ten t\u0142umik ma kluczowe znaczenie dla zapewnienia sta\u0142ego transferu energii i g\u0142adkiego, przewidywalnego wyzwalania spustu.<\/p>\n<h3>Precyzyjne in\u017cynieria dla lepszej wydajno\u015bci<\/h3>\n<p>W broni klasy zawodniczej, jak\u0105 jest seria KMR W, ka\u017cda ruchoma cz\u0119\u015b\u0107 musi dzia\u0142a\u0107 z minimalnym tarciem. Ta g\u0142\u00f3wna spr\u0119\u017cyna t\u0142umika jest precyzyjnie obrabiana z wysokogatunkowej stali i wyko\u0144czona specjaln\u0105 powierzchni\u0105 o niskim wsp\u00f3\u0142czynniku tarcia. Zapewnia to, \u017ce podczas napinania i zwalniania m\u0142otka spr\u0119\u017cyna \u015bciska i rozszerza si\u0119 bez zacierania lub grudek, co skutkuje wyra\u017anie g\u0142adszym napinaniem spustu i wyra\u017aniejszym resetem.<\/p>\n<h3>Specyfikacja techniczna:<\/h3>\n<ul>\n<li><strong>Narz\u0119dziowa stal wysokiej wytrzyma\u0142o\u015bci:<\/strong> Wyprodukowana z zahartowanej stali, aby zapobiec wyginaniu i zu\u017cywaniu si\u0119 pod sta\u0142ym wysokim napi\u0119ciem g\u0142\u00f3wnej spr\u0119\u017cyny.<\/li>\n<li><strong>Zoptymalizowana geometria:<\/strong> Specjalnie ukszta\u0142towana dla ramy serii KMR W, aby zapewni\u0107 idealne wyr\u00f3wnanie z m\u0142otkiem, zapobiegaj\u0105c bocznym lukom i niesp\u00f3jnym uderzeniom sp\u0142onki.<\/li>\n<li><strong>Polerowane powierzchnie \u0142o\u017cyskowe:<\/strong> T\u0142umik ma polerowane kraw\u0119dzie, aby zmniejszy\u0107 wewn\u0119trzne tarcie w stosunku do spr\u0119\u017cyny i ramy, poprawiaj\u0105c og\u00f3lne &#8222;odczucie&#8221; akcji.<\/li>\n<li><strong>Bezpo\u015brednia wymiana OEM:<\/strong> Zaprojektowany zgodnie ze specyfikacj\u0105 fabryczn\u0105 dla modeli KMR W-02 i powi\u0105zanych, zapewniaj\u0105c doskona\u0142e dopasowanie bez konieczno\u015bci modyfikacji.<\/li>\n<\/ul>\n<h3>Dlaczego nale\u017cy ulepszy\u0107 g\u0142\u00f3wn\u0105 spr\u0119\u017cyn\u0119 t\u0142umika?<\/h3>\n<p>G\u0142\u00f3wna spr\u0119\u017cyna t\u0142umika jest komponentem o wysokim napr\u0119\u017ceniu, kt\u00f3ry okre\u015bla &#8222;timing&#8221; systemu zap\u0142onu pistoletu. Specyfikacja fabryczna t\u0142umika KMR zapewnia, \u017ce opadanie m\u0142otka pozostaje sta\u0142e z rundy na rund\u0119. Niezale\u017cnie od tego, czy dostrajasz sw\u00f3j pistolet z innymi wagami spr\u0119\u017cyn dla l\u017cejszego wyzwalacza konkursowego, czy po prostu konserwujesz bro\u0144 w celu maksymalnej niezawodno\u015bci, ta oryginalna cz\u0119\u015b\u0107 KMR jest kluczowa dla szczytowej wydajno\u015bci.<\/p>\n<h3>Kluczowe korzy\u015bci:<\/h3>\n<ul>\n<li><strong>P\u0142ynniejszy spust:<\/strong> Eliminuje &#8222;drapanie&#8221; cz\u0119sto powodowane przez t\u0142umiki wyt\u0142aczane lub niepolerowane.<\/li>\n<li><strong>Zwi\u0119kszona niezawodno\u015b\u0107 zap\u0142onu:<\/strong> Zapewnia, \u017ce g\u0142\u00f3wna spr\u0119\u017cyna dostarcza sta\u0142\u0105 pionow\u0105 si\u0142\u0119 do m\u0142otka, zmniejszaj\u0105c ryzyko lekkich trafie\u0144 sp\u0142onki.<\/li>\n<li><strong>Zwi\u0119kszona trwa\u0142o\u015b\u0107:<\/strong> Zaprojektowany do wytrzymania setek tysi\u0119cy cykli bez zm\u0119czenia lub deformacji.<\/li>\n<li><strong>Klasa profesjonalna:<\/strong> Preferowany wyb\u00f3r dla rusznikarzy i strzelc\u00f3w sportowych, kt\u00f3rzy chc\u0105 utrzyma\u0107 wysokie standardy platformy serii KMR W.<\/li>\n<\/ul>\n","protected":false},"excerpt":{"rendered":"<p>0960-00102-0401<\/p>\n","protected":false},"featured_media":25620,"template":"","meta":{"_acf_changed":false},"product_brand":[11510],"product_cat":[12573,12591],"product_tag":[],"class_list":{"0":"post-692503","1":"product","2":"type-product","3":"status-publish","4":"has-post-thumbnail","6":"product_brand-kmr-precision","7":"product_cat-czesci-kmr","8":"product_cat-sprezyny","10":"first","11":"instock","12":"taxable","13":"shipping-taxable","14":"product-type-simple"},"acf":[],"_links":{"self":[{"href":"https:\/\/nbg.eu\/pl\/wp-json\/wp\/v2\/product\/692503","targetHints":{"allow":["GET"]}}],"collection":[{"href":"https:\/\/nbg.eu\/pl\/wp-json\/wp\/v2\/product"}],"about":[{"href":"https:\/\/nbg.eu\/pl\/wp-json\/wp\/v2\/types\/product"}],"wp:featuredmedia":[{"embeddable":true,"href":"https:\/\/nbg.eu\/pl\/wp-json\/wp\/v2\/media\/25620"}],"wp:attachment":[{"href":"https:\/\/nbg.eu\/pl\/wp-json\/wp\/v2\/media?parent=692503"}],"wp:term":[{"taxonomy":"product_brand","embeddable":true,"href":"https:\/\/nbg.eu\/pl\/wp-json\/wp\/v2\/product_brand?post=692503"},{"taxonomy":"product_cat","embeddable":true,"href":"https:\/\/nbg.eu\/pl\/wp-json\/wp\/v2\/product_cat?post=692503"},{"taxonomy":"product_tag","embeddable":true,"href":"https:\/\/nbg.eu\/pl\/wp-json\/wp\/v2\/product_tag?post=692503"}],"curies":[{"name":"wp","href":"https:\/\/api.w.org\/{rel}","templated":true}]}}