{"id":692540,"date":"2024-08-18T12:21:09","date_gmt":"2024-08-18T09:21:09","guid":{"rendered":"https:\/\/nbg.eu\/product\/main-spring-plug-kmr\/"},"modified":"2026-05-13T16:01:03","modified_gmt":"2026-05-13T13:01:03","slug":"main-spring-plug-kmr","status":"publish","type":"product","link":"https:\/\/nbg.eu\/pl\/produkt\/main-spring-plug-kmr\/","title":{"rendered":"KMR Korek Spr\u0119\u017cyny G\u0142\u00f3wnej"},"content":{"rendered":"<h2>G\u0142\u00f3wny Spr\u0119\u017cynowy Wtyk KMR<\/h2>\n<p>Wykonany z precyzj\u0105 i dba\u0142o\u015bci\u0105 o szczeg\u00f3\u0142y, G\u0142\u00f3wny Spr\u0119\u017cynowy Wtyk KMR zapewnia p\u0142ynn\u0105 prac\u0119 i dok\u0142adne funkcjonowanie mechanizm\u00f3w broni. Jego kompatybilno\u015b\u0107 z szerok\u0105 gam\u0105 modeli KMR, zar\u00f3wno z bie\u017c\u0105cej, jak i poprzednich generacji, czyni go wszechstronnym i niezb\u0119dnym elementem dla w\u0142a\u015bcicieli broni i profesjonalist\u00f3w zajmuj\u0105cych si\u0119 jej konserwacj\u0105.<\/p>\n<p>Niezale\u017cnie od tego, czy dokonujesz modernizacji, serwisowania czy wymiany cz\u0119\u015bci w broni wyposa\u017conej w KMR, G\u0142\u00f3wny Spr\u0119\u017cynowy Wtyk KMR jest kluczowym elementem, kt\u00f3ry nale\u017cy wzi\u0105\u0107 pod uwag\u0119. Dzi\u0119ki swojej niezawodnej konstrukcji i bezproblemowej integracji, wtyk ten pomaga utrzyma\u0107 optymaln\u0105 wydajno\u015b\u0107 i niezawodno\u015b\u0107 systemu broni, zapewniaj\u0105c sp\u00f3jne i pewne do\u015bwiadczenie u\u017cytkownika.<\/p>\n<\/p>\n<p>Dla broni KMR:<\/p>\n<\/p>\n<p>KMR L-02 EMIQ<\/p>\n<\/p>\n<p>KMR L-02 EMIQ (OR)<\/p>\n<\/p>\n<p>KMR L-02 ORCA OD 2024<\/p>\n<\/p>\n<p>KMR L-02 ORCA DO 2023<\/p>\n<\/p>\n<p>KMR L-02 SPECTRA OD 2024<\/p>\n<\/p>\n<p>KMR L-02 SPECTRA DO 2023<\/p>\n<\/p>\n<p>KMR S-01 LANCE (OR)<\/p>\n<\/p>\n<p>KMR S-02 OD 2024<\/p>\n<\/p>\n<p>KMR S-02 DO 2023<\/p>\n<\/p>\n<p>KMR W-02 CUDA (OR)<\/p>\n<\/p>\n<p>KMR W-02 UMBRA<\/p>\n<\/p>\n<p>KMR W-02 UMBRA (OR)<\/p>\n<\/p>\n<p>Numer referencyjny: 1160-00108-0401<\/p>\n","protected":false},"excerpt":{"rendered":"<p>G\u0142\u00f3wny zamek spr\u0119\u017cyny KMR do broni KMR.<\/p>\n","protected":false},"featured_media":25966,"template":"","meta":{"_acf_changed":false},"product_brand":[11510],"product_cat":[12573,12591],"product_tag":[],"class_list":{"0":"post-692540","1":"product","2":"type-product","3":"status-publish","4":"has-post-thumbnail","6":"product_brand-kmr-precision","7":"product_cat-czesci-kmr","8":"product_cat-sprezyny","10":"first","11":"instock","12":"taxable","13":"shipping-taxable","14":"product-type-simple"},"acf":[],"_links":{"self":[{"href":"https:\/\/nbg.eu\/pl\/wp-json\/wp\/v2\/product\/692540","targetHints":{"allow":["GET"]}}],"collection":[{"href":"https:\/\/nbg.eu\/pl\/wp-json\/wp\/v2\/product"}],"about":[{"href":"https:\/\/nbg.eu\/pl\/wp-json\/wp\/v2\/types\/product"}],"wp:featuredmedia":[{"embeddable":true,"href":"https:\/\/nbg.eu\/pl\/wp-json\/wp\/v2\/media\/25966"}],"wp:attachment":[{"href":"https:\/\/nbg.eu\/pl\/wp-json\/wp\/v2\/media?parent=692540"}],"wp:term":[{"taxonomy":"product_brand","embeddable":true,"href":"https:\/\/nbg.eu\/pl\/wp-json\/wp\/v2\/product_brand?post=692540"},{"taxonomy":"product_cat","embeddable":true,"href":"https:\/\/nbg.eu\/pl\/wp-json\/wp\/v2\/product_cat?post=692540"},{"taxonomy":"product_tag","embeddable":true,"href":"https:\/\/nbg.eu\/pl\/wp-json\/wp\/v2\/product_tag?post=692540"}],"curies":[{"name":"wp","href":"https:\/\/api.w.org\/{rel}","templated":true}]}}