{"id":692605,"date":"2024-11-03T10:02:34","date_gmt":"2024-11-03T07:02:34","guid":{"rendered":"https:\/\/nbg.eu\/product\/norma-cal-6-5-creedmoore-target-match-8-4g-130gr\/"},"modified":"2026-05-13T16:04:50","modified_gmt":"2026-05-13T13:04:50","slug":"norma-cal-6-5-creedmoore-target-match-8-4g-130gr","status":"publish","type":"product","link":"https:\/\/nbg.eu\/pl\/produkt\/norma-cal-6-5-creedmoore-target-match-8-4g-130gr\/","title":{"rendered":"NORMA cal. 6.5 Creedmoore Target Match 8.4g\/130gr."},"content":{"rendered":"<h2>NORMA cal. 6.5 Creedmoore Target Match 8.4g\/130gr<\/h2>\n<p>Do\u015bwiadcz precyzji z amunicj\u0105 NORMA 6.5 Creedmoor Target Match. Opracowana w 2007 roku, ten nab\u00f3j \u015bwietnie sprawdza si\u0119 w d\u0142ugodystansowych strzelaniach sportowych i polowaniach. Pocisk 6,5 mm charakteryzuje si\u0119 doskona\u0142ymi wsp\u00f3\u0142czynnikami przekroju poprzecznego i balistycznymi, gwarantuj\u0105c wysok\u0105 wydajno\u015b\u0107 na du\u017cych odleg\u0142o\u015bciach.<\/p>\n<h3>Cechy:<\/h3>\n<ul>\n<li>Kaliber: 6.5 Creedmoor<\/li>\n<li>Waga: 8.4g\/130gr<\/li>\n<li>Wsp\u00f3\u0142czynnik balistyczny: G1 0.548 \/ G7 0.294<\/li>\n<li>Typ: Golden Target<\/li>\n<li>Zap\u0142on: Centralny<\/li>\n<\/ul>\n<h3>Pr\u0119dko\u015b\u0107:<\/h3>\n<ul>\n<li>V0: 869 m\/s<\/li>\n<li>V100: 813 m\/s<\/li>\n<li>V200: 759 m\/s<\/li>\n<li>V300: 708 m\/s<\/li>\n<\/ul>\n","protected":false},"excerpt":{"rendered":"<p>Precyzyjne naboje 6.5 Creedmoor do strzelania na d\u0142ugie dystanse.<\/p>\n","protected":false},"featured_media":76703,"template":"","meta":{"_acf_changed":false},"product_brand":[14483],"product_cat":[12636],"product_tag":[],"class_list":{"0":"post-692605","1":"product","2":"type-product","3":"status-publish","4":"has-post-thumbnail","6":"product_brand-norma-precision","7":"product_cat-amunicja-karabinowa","9":"first","10":"instock","11":"taxable","12":"shipping-taxable","13":"purchasable","14":"product-type-simple"},"acf":[],"_links":{"self":[{"href":"https:\/\/nbg.eu\/pl\/wp-json\/wp\/v2\/product\/692605","targetHints":{"allow":["GET"]}}],"collection":[{"href":"https:\/\/nbg.eu\/pl\/wp-json\/wp\/v2\/product"}],"about":[{"href":"https:\/\/nbg.eu\/pl\/wp-json\/wp\/v2\/types\/product"}],"wp:featuredmedia":[{"embeddable":true,"href":"https:\/\/nbg.eu\/pl\/wp-json\/wp\/v2\/media\/76703"}],"wp:attachment":[{"href":"https:\/\/nbg.eu\/pl\/wp-json\/wp\/v2\/media?parent=692605"}],"wp:term":[{"taxonomy":"product_brand","embeddable":true,"href":"https:\/\/nbg.eu\/pl\/wp-json\/wp\/v2\/product_brand?post=692605"},{"taxonomy":"product_cat","embeddable":true,"href":"https:\/\/nbg.eu\/pl\/wp-json\/wp\/v2\/product_cat?post=692605"},{"taxonomy":"product_tag","embeddable":true,"href":"https:\/\/nbg.eu\/pl\/wp-json\/wp\/v2\/product_tag?post=692605"}],"curies":[{"name":"wp","href":"https:\/\/api.w.org\/{rel}","templated":true}]}}