{"id":692657,"date":"2024-08-17T14:49:07","date_gmt":"2024-08-17T11:49:07","guid":{"rendered":"https:\/\/nbg.eu\/product\/mounting-kit-for-l-02-w-02-steel-black\/"},"modified":"2026-05-13T16:01:41","modified_gmt":"2026-05-13T13:01:41","slug":"mounting-kit-for-l-02-w-02-steel-black","status":"publish","type":"product","link":"https:\/\/nbg.eu\/pl\/produkt\/mounting-kit-for-l-02-w-02-steel-black\/","title":{"rendered":"KMR Zestaw Monta\u017cowy for L-02, W-02 Stal Czarny"},"content":{"rendered":"<h2>Zestaw monta\u017cowy KMR Optic Ready (OR) \u2013 stal, czarny<\/h2>\n<p>Podnie\u015b platformy KMR L-02 i W-02 przy u\u017cyciu zestawu monta\u017cowego KMR Optic Ready (OR). Wykonany z wysokowytrzyma\u0142ej stali, ten system mocowania zapewnia niezr\u00f3wnan\u0105 trwa\u0142o\u015b\u0107 i sztywno\u015b\u0107, aby tw\u00f3j celownik zachowa\u0142 zero nawet przy intensywnych si\u0142ach odrzutu podczas strzelania wyczynowego.<\/p>\n<p>Cechuj\u0105cy si\u0119 dopasowanym do modelu kszta\u0142tem, zestaw monta\u017cowy OR zaprojektowano, aby bezpiecznie zamocowa\u0107 celowniki Trijicon RMR, Leupold DeltaPoint Pro lub Shield, zapewniaj\u0105c solidn\u0105 podstaw\u0119 dla twojego systemu celowniczego. W przeciwie\u0144stwie do standardowych p\u0142yt aluminiowych, konstrukcja ze stali zapobiega zrywaniu gwint\u00f3w i zachowuje perfekcyjne dopasowanie do suwad Optic Ready L-02 i W-02, chroni\u0105c tym samym twoj\u0105 inwestycj\u0119.<\/p>\n<p>Wyko\u0144czony matow\u0105, antykorozyjn\u0105 pow\u0142ok\u0105, ten zestaw monta\u017cowy nie tylko doskonale si\u0119 prezentuje, ale tak\u017ce wytrzymuje dzia\u0142anie czynnik\u00f3w zewn\u0119trznych, zapewniaj\u0105c niezawodn\u0105 wydajno\u015b\u0107 w ka\u017cdych warunkach. Uaktualnij swoj\u0105 platform\u0119 KMR przy u\u017cyciu zestawu monta\u017cowego KMR Optic Ready (OR) \u2013 najlepszego rozwi\u0105zania do integracji solidnych celownik\u00f3w.<\/p>\n","protected":false},"excerpt":{"rendered":"<p>Zestaw monta\u017cowy ze stali wysokiej wytrzyma\u0142o\u015bci do integracji optyki L-02, W-02 KMR.<\/p>\n","protected":false},"featured_media":30374,"template":"","meta":{"_acf_changed":false},"product_brand":[],"product_cat":[12605,12569,12573,14894],"product_tag":[],"class_list":{"0":"post-692657","1":"product","2":"type-product","3":"status-publish","4":"has-post-thumbnail","6":"product_cat-celowniki-kolimatorowe-do-pistoletow","7":"product_cat-czesci-do-pistoletu","8":"product_cat-czesci-kmr","9":"product_cat-red-dot-sights-mounts-pl","11":"first","12":"instock","13":"taxable","14":"shipping-taxable","15":"purchasable","16":"product-type-variable","17":"wvs-archive-product-wrapper"},"acf":[],"_links":{"self":[{"href":"https:\/\/nbg.eu\/pl\/wp-json\/wp\/v2\/product\/692657","targetHints":{"allow":["GET"]}}],"collection":[{"href":"https:\/\/nbg.eu\/pl\/wp-json\/wp\/v2\/product"}],"about":[{"href":"https:\/\/nbg.eu\/pl\/wp-json\/wp\/v2\/types\/product"}],"wp:featuredmedia":[{"embeddable":true,"href":"https:\/\/nbg.eu\/pl\/wp-json\/wp\/v2\/media\/30374"}],"wp:attachment":[{"href":"https:\/\/nbg.eu\/pl\/wp-json\/wp\/v2\/media?parent=692657"}],"wp:term":[{"taxonomy":"product_brand","embeddable":true,"href":"https:\/\/nbg.eu\/pl\/wp-json\/wp\/v2\/product_brand?post=692657"},{"taxonomy":"product_cat","embeddable":true,"href":"https:\/\/nbg.eu\/pl\/wp-json\/wp\/v2\/product_cat?post=692657"},{"taxonomy":"product_tag","embeddable":true,"href":"https:\/\/nbg.eu\/pl\/wp-json\/wp\/v2\/product_tag?post=692657"}],"curies":[{"name":"wp","href":"https:\/\/api.w.org\/{rel}","templated":true}]}}