{"id":693152,"date":"2024-08-18T11:29:17","date_gmt":"2024-08-18T08:29:17","guid":{"rendered":"https:\/\/nbg.eu\/product\/recoil-spring-guide-kmr-45-stainless\/"},"modified":"2026-02-06T18:00:05","modified_gmt":"2026-02-06T15:00:05","slug":"recoil-spring-guide-kmr-45-stainless","status":"publish","type":"product","link":"https:\/\/nbg.eu\/pl\/produkt\/recoil-spring-guide-kmr-45-stainless\/","title":{"rendered":"Prowadnica spr\u0119\u017cyny powrotnej KMR 4,5&#8243; Nierdzewna"},"content":{"rendered":"<h2>Prowadnica spr\u0119\u017cyny odrzutu KMR 4,5&#8243; ze stali nierdzewnej<\/h2>\n<p>Prowadnica spr\u0119\u017cyny odrzutu KMR 4,5&#8243; ze stali nierdzewnej to wysokiej jako\u015bci akcesoria przeznaczone do broni z serii KMR. Ta trwa\u0142a komponenta wykonana ze stali nierdzewnej jest niezb\u0119dna do utrzymania p\u0142ynnej pracy i niezawodno\u015bci Twojej broni palnej.<\/p>\n<p>Trwa\u0142o\u015b\u0107: Wykonana z wysokiej jako\u015bci stali nierdzewnej, ta prowadnica spr\u0119\u017cyny odrzutu jest zaprojektowana, aby wytrzyma\u0107 trudy regularnego u\u017cytkowania. Jest odporna na korozj\u0119 i zbudowana na lata, zapewniaj\u0105c, \u017ce Twoja bro\u0144 b\u0119dzie nadal dzia\u0142a\u0107 w najlepszy spos\u00f3b.<\/p>\n<p>\u0141atwy monta\u017c: Ulepszenie broni KMR za pomoc\u0105 Prowadnicy spr\u0119\u017cyny odrzutu KMR 4,5&#8243; ze stali nierdzewnej to prosty proces, co czyni j\u0105 wygodnym wyborem zar\u00f3wno dla do\u015bwiadczonych, jak i pocz\u0105tkuj\u0105cych w\u0142a\u015bcicieli broni.<\/p>\n<\/p>\n<p>Dla broni KMR:<\/p>\n<\/p>\n<p>KMR L-02 UMBRA OD 2024<\/p>\n<\/p>\n<p>KMR L-02 UMBRA DO 2023<\/p>\n<\/p>\n<p>KMR W-02 UMBRA<\/p>\n<\/p>\n<p>KMR W-02 UMBRA (OR)<\/p>\n","protected":false},"excerpt":{"rendered":"<p>Prowadnica spr\u0119\u017cyny odrzutowej KMR 4,5&#8243; ze stali nierdzewnej dla broni KMR L-02 UMBRA, KMR W-02 UMBRA.<\/p>\n","protected":false},"featured_media":25644,"template":"","meta":{"_acf_changed":false},"product_brand":[11510],"product_cat":[12573,12591],"product_tag":[],"class_list":{"0":"post-693152","1":"product","2":"type-product","3":"status-publish","4":"has-post-thumbnail","6":"product_brand-kmr-precision","7":"product_cat-czesci-kmr","8":"product_cat-sprezyny","10":"first","11":"instock","12":"taxable","13":"shipping-taxable","14":"product-type-simple"},"acf":[],"_links":{"self":[{"href":"https:\/\/nbg.eu\/pl\/wp-json\/wp\/v2\/product\/693152","targetHints":{"allow":["GET"]}}],"collection":[{"href":"https:\/\/nbg.eu\/pl\/wp-json\/wp\/v2\/product"}],"about":[{"href":"https:\/\/nbg.eu\/pl\/wp-json\/wp\/v2\/types\/product"}],"wp:featuredmedia":[{"embeddable":true,"href":"https:\/\/nbg.eu\/pl\/wp-json\/wp\/v2\/media\/25644"}],"wp:attachment":[{"href":"https:\/\/nbg.eu\/pl\/wp-json\/wp\/v2\/media?parent=693152"}],"wp:term":[{"taxonomy":"product_brand","embeddable":true,"href":"https:\/\/nbg.eu\/pl\/wp-json\/wp\/v2\/product_brand?post=693152"},{"taxonomy":"product_cat","embeddable":true,"href":"https:\/\/nbg.eu\/pl\/wp-json\/wp\/v2\/product_cat?post=693152"},{"taxonomy":"product_tag","embeddable":true,"href":"https:\/\/nbg.eu\/pl\/wp-json\/wp\/v2\/product_tag?post=693152"}],"curies":[{"name":"wp","href":"https:\/\/api.w.org\/{rel}","templated":true}]}}