{"id":693226,"date":"2024-08-18T11:12:21","date_gmt":"2024-08-18T08:12:21","guid":{"rendered":"https:\/\/nbg.eu\/product\/rear-sight-screw-m4x6-din-913-kmr\/"},"modified":"2026-05-13T16:02:02","modified_gmt":"2026-05-13T13:02:02","slug":"rear-sight-screw-m4x6-din-913-kmr","status":"publish","type":"product","link":"https:\/\/nbg.eu\/pl\/produkt\/rear-sight-screw-m4x6-din-913-kmr\/","title":{"rendered":"KMR \u015aruba Celownika M4x6 DIN 913"},"content":{"rendered":"<h2>\u015aruba Celownika Tylnego M4x6 Din 913 KMR<\/h2>\n<p>Ta \u015bruba celownika tylnego jest przeznaczona do u\u017cytku z r\u00f3\u017cnymi broni\u0105 KMR. Mierz\u0105ca M4x6 mm i zgodna ze standardami DIN 913, \u015bruba ta zapewnia bezpieczne i niezawodne przymocowanie celownika tylnego do broni KMR. Wykonana z dba\u0142o\u015bci\u0105 o precyzj\u0119 i trwa\u0142o\u015b\u0107, ta \u015bruba celownika tylnego stanowi kluczowy element zapewniaj\u0105cy optymaln\u0105 wydajno\u015b\u0107 i funkcjonalno\u015b\u0107 systemu broni KMR.<\/p>\n<p>Dla Broni KMR:<\/p>\n<p>KMR L-02 EMIQ<\/p>\n<p>KMR L-02 EMIQ (OR)<\/p>\n<p>KMR L-02 ORCA OD 2024<\/p>\n<p>KMR L-02 ORCA DO 2023<\/p>\n<p>KMR L-02 SPECTRA DO 2023<\/p>\n<p>KMR L-02 UMBRA (OR) SR<\/p>\n<p>KMR W-02 CUDA (OR)<\/p>\n<p>KMR W-02 UMBRA (OR)<\/p>\n","protected":false},"excerpt":{"rendered":"<p>\u015aruba tylnej muszki M4X6 Din 913 dla modeli broni KMR: L-02 EMIQ, ORCA, SPECTRA, UMBRA, W-02 CUDA, UMBRA.<\/p>\n","protected":false},"featured_media":25389,"template":"","meta":{"_acf_changed":false},"product_brand":[11510],"product_cat":[12573],"product_tag":[],"class_list":{"0":"post-693226","1":"product","2":"type-product","3":"status-publish","4":"has-post-thumbnail","6":"product_brand-kmr-precision","7":"product_cat-czesci-kmr","9":"first","10":"instock","11":"taxable","12":"shipping-taxable","13":"product-type-simple"},"acf":[],"_links":{"self":[{"href":"https:\/\/nbg.eu\/pl\/wp-json\/wp\/v2\/product\/693226","targetHints":{"allow":["GET"]}}],"collection":[{"href":"https:\/\/nbg.eu\/pl\/wp-json\/wp\/v2\/product"}],"about":[{"href":"https:\/\/nbg.eu\/pl\/wp-json\/wp\/v2\/types\/product"}],"wp:featuredmedia":[{"embeddable":true,"href":"https:\/\/nbg.eu\/pl\/wp-json\/wp\/v2\/media\/25389"}],"wp:attachment":[{"href":"https:\/\/nbg.eu\/pl\/wp-json\/wp\/v2\/media?parent=693226"}],"wp:term":[{"taxonomy":"product_brand","embeddable":true,"href":"https:\/\/nbg.eu\/pl\/wp-json\/wp\/v2\/product_brand?post=693226"},{"taxonomy":"product_cat","embeddable":true,"href":"https:\/\/nbg.eu\/pl\/wp-json\/wp\/v2\/product_cat?post=693226"},{"taxonomy":"product_tag","embeddable":true,"href":"https:\/\/nbg.eu\/pl\/wp-json\/wp\/v2\/product_tag?post=693226"}],"curies":[{"name":"wp","href":"https:\/\/api.w.org\/{rel}","templated":true}]}}