{"id":693534,"date":"2024-08-16T21:03:31","date_gmt":"2024-08-16T18:03:31","guid":{"rendered":"https:\/\/nbg.eu\/product\/rhh-leg-strap\/"},"modified":"2026-05-13T16:03:28","modified_gmt":"2026-05-13T13:03:28","slug":"rhh-leg-strap","status":"publish","type":"product","link":"https:\/\/nbg.eu\/pl\/produkt\/rhh-leg-strap\/","title":{"rendered":"RHH Leg Strap"},"content":{"rendered":"<h2>Pasek na nog\u0119 RHH: Zwi\u0119kszona stabilno\u015b\u0107 kabury podczas dynamicznych czynno\u015bci<\/h2>\n<p>Pasek na nog\u0119 RHH to uniwersalny akcesorium zaprojektowany, aby zapewni\u0107 wyj\u0105tkow\u0105 stabilno\u015b\u0107 i ograniczenie ruchu dla kabury umieszczonej na udzie lub w po\u0142owie uda podczas dynamicznych czynno\u015bci. Wykonany z wytrzyma\u0142ego, elastycznego ta\u015bmy nylonowej i wyposa\u017cony w wysokoodporn\u0105 na uderzenia klamr\u0119 z polimeru, ten regulowany pasek zapewnia bezpieczne i wygodne dopasowanie wok\u00f3\u0142 uda.<\/p>\n<p>Zintegrowane, antypo\u015blizgowe, gumowane szycie dodaje chropowatej tekstury, skutecznie eliminuj\u0105c &#8222;ko\u0142ysanie si\u0119 kabury&#8221;, kt\u00f3re mo\u017ce wyst\u0119powa\u0107 podczas biegu, kl\u0119kania lub innych intensywnych ruch\u00f3w. Elastyczna konstrukcja umo\u017cliwia rozszerzanie i kurczenie si\u0119 paska wraz z mi\u0119\u015bniami nogi, utrzymuj\u0105c kaber w sta\u0142ej pozycji, zapewniaj\u0105c niezawodne i nieskr\u0119powane wyci\u0105ganie broni.<\/p>\n<p>Czy jeste\u015b funkcjonariuszem s\u0142u\u017cb mundurowych, zawodnikiem strzeleckim, czy mi\u0142o\u015bnikiem przyrody, pasek na nog\u0119 RHH jest idealnym rozwi\u0105zaniem do utrzymania kabury na swoim miejscu bez ograniczania zakresu ruchu lub kr\u0105\u017cenia. Do\u015bwiadcz zwi\u0119kszonej stabilno\u015bci kabury i pewno\u015bci sprz\u0119tu, nawet w najbardziej wymagaj\u0105cych sytuacjach.<\/p>\n","protected":false},"excerpt":{"rendered":"<p>Zabezpiecz sw\u00f3j ochraniacz za pomoc\u0105 wytrzyma\u0142ego, elastycznego i antypo\u015blizgowego paska do nogi RHH.<\/p>\n","protected":false},"featured_media":0,"template":"","meta":{"_acf_changed":false},"product_brand":[11641],"product_cat":[12604],"product_tag":[],"class_list":{"0":"post-693534","1":"product","2":"type-product","3":"status-publish","5":"product_brand-rh-holsters","6":"product_cat-akcesoria-do-kabur","8":"first","9":"instock","10":"taxable","11":"shipping-taxable","12":"purchasable","13":"product-type-simple"},"acf":[],"_links":{"self":[{"href":"https:\/\/nbg.eu\/pl\/wp-json\/wp\/v2\/product\/693534","targetHints":{"allow":["GET"]}}],"collection":[{"href":"https:\/\/nbg.eu\/pl\/wp-json\/wp\/v2\/product"}],"about":[{"href":"https:\/\/nbg.eu\/pl\/wp-json\/wp\/v2\/types\/product"}],"wp:attachment":[{"href":"https:\/\/nbg.eu\/pl\/wp-json\/wp\/v2\/media?parent=693534"}],"wp:term":[{"taxonomy":"product_brand","embeddable":true,"href":"https:\/\/nbg.eu\/pl\/wp-json\/wp\/v2\/product_brand?post=693534"},{"taxonomy":"product_cat","embeddable":true,"href":"https:\/\/nbg.eu\/pl\/wp-json\/wp\/v2\/product_cat?post=693534"},{"taxonomy":"product_tag","embeddable":true,"href":"https:\/\/nbg.eu\/pl\/wp-json\/wp\/v2\/product_tag?post=693534"}],"curies":[{"name":"wp","href":"https:\/\/api.w.org\/{rel}","templated":true}]}}